{"id":1214770,"date":"2024-07-18T13:35:47","date_gmt":"2024-07-18T17:35:47","guid":{"rendered":"https:\/\/worksitesafety.ca\/safety-management-software\/"},"modified":"2025-05-28T15:42:44","modified_gmt":"2025-05-28T19:42:44","slug":"safety-management-software","status":"publish","type":"page","link":"https:\/\/test.worksite.ca\/fr\/safety-management-software\/","title":{"rendered":"Logiciel de gestion de la s\u00e9curit\u00e9"},"content":{"rendered":"<p>Foire aux questions<\/p>\n","protected":false},"excerpt":{"rendered":"<p>Foire aux questions<\/p>\n","protected":false},"author":274631,"featured_media":0,"parent":0,"menu_order":0,"comment_status":"closed","ping_status":"closed","template":"page-ehs-subscriptions.php","meta":{"_acf_changed":false,"footnotes":""},"class_list":["post-1214770","page","type-page","status-publish","hentry"],"acf":[],"yoast_head":"<!-- This site is optimized with the Yoast SEO Premium plugin v23.3 (Yoast SEO v25.8) - https:\/\/yoast.com\/wordpress\/plugins\/seo\/ -->\n<title>Qualify EHS | Logiciel de gestion de la s\u00e9curit\u00e9 par Worksite Safety<\/title>\n<meta name=\"description\" content=\"Qualify EHS de Worksite Safety est le logiciel de gestion de la s\u00e9curit\u00e9 le plus simple au Canada. \u00c0 partir de 3 $ par utilisateur, sans contrat annuel.\" \/>\n<meta name=\"robots\" content=\"noindex, follow, max-snippet:-1, max-image-preview:large, max-video-preview:-1\" \/>\n<meta property=\"og:locale\" content=\"fr_FR\" \/>\n<meta property=\"og:type\" content=\"article\" \/>\n<meta property=\"og:title\" content=\"Logiciel de gestion de la s\u00e9curit\u00e9\" \/>\n<meta property=\"og:description\" content=\"Qualify EHS de Worksite Safety est le logiciel de gestion de la s\u00e9curit\u00e9 le plus simple au Canada. \u00c0 partir de 3 $ par utilisateur, sans contrat annuel.\" \/>\n<meta property=\"og:url\" content=\"https:\/\/test.worksite.ca\/fr\/safety-management-software\/\" \/>\n<meta property=\"og:site_name\" content=\"Worksite Safety\" \/>\n<meta property=\"article:publisher\" content=\"https:\/\/www.facebook.com\/worksitesafety\" \/>\n<meta property=\"article:modified_time\" content=\"2025-05-28T19:42:44+00:00\" \/>\n<meta name=\"twitter:card\" content=\"summary_large_image\" \/>\n<meta name=\"twitter:site\" content=\"@worksitescc\" \/>\n<meta name=\"twitter:label1\" content=\"Est. reading time\" \/>\n\t<meta name=\"twitter:data1\" content=\"1 minute\" \/>\n<script type=\"application\/ld+json\" class=\"yoast-schema-graph\">{\"@context\":\"https:\/\/schema.org\",\"@graph\":[{\"@type\":\"WebPage\",\"@id\":\"https:\/\/test.worksite.ca\/fr\/safety-management-software\/\",\"url\":\"https:\/\/test.worksite.ca\/fr\/safety-management-software\/\",\"name\":\"Qualify EHS | Logiciel de gestion de la s\u00e9curit\u00e9 par Worksite Safety\",\"isPartOf\":{\"@id\":\"https:\/\/worksitesafety.ca\/#website\"},\"datePublished\":\"2024-07-18T17:35:47+00:00\",\"dateModified\":\"2025-05-28T19:42:44+00:00\",\"description\":\"Qualify EHS de Worksite Safety est le logiciel de gestion de la s\u00e9curit\u00e9 le plus simple au Canada. \u00c0 partir de 3 $ par utilisateur, sans contrat annuel.\",\"breadcrumb\":{\"@id\":\"https:\/\/test.worksite.ca\/fr\/safety-management-software\/#breadcrumb\"},\"inLanguage\":\"fr-FR\",\"potentialAction\":[{\"@type\":\"ReadAction\",\"target\":[\"https:\/\/test.worksite.ca\/fr\/safety-management-software\/\"]}]},{\"@type\":\"BreadcrumbList\",\"@id\":\"https:\/\/test.worksite.ca\/fr\/safety-management-software\/#breadcrumb\",\"itemListElement\":[{\"@type\":\"ListItem\",\"position\":1,\"name\":\"Home\",\"item\":\"https:\/\/worksitesafety.ca\/fr\/\"},{\"@type\":\"ListItem\",\"position\":2,\"name\":\"Logiciel de gestion de la s\u00e9curit\u00e9\"}]},{\"@type\":\"WebSite\",\"@id\":\"https:\/\/worksitesafety.ca\/#website\",\"url\":\"https:\/\/worksitesafety.ca\/\",\"name\":\"Worksite Safety\",\"description\":\"Canadian Safety Training\",\"potentialAction\":[{\"@type\":\"SearchAction\",\"target\":{\"@type\":\"EntryPoint\",\"urlTemplate\":\"https:\/\/worksitesafety.ca\/?s={search_term_string}\"},\"query-input\":{\"@type\":\"PropertyValueSpecification\",\"valueRequired\":true,\"valueName\":\"search_term_string\"}}],\"inLanguage\":\"fr-FR\"}]}<\/script>\n<!-- \/ Yoast SEO Premium plugin. -->","yoast_head_json":{"title":"Qualify EHS | Logiciel de gestion de la s\u00e9curit\u00e9 par Worksite Safety","description":"Qualify EHS de Worksite Safety est le logiciel de gestion de la s\u00e9curit\u00e9 le plus simple au Canada. \u00c0 partir de 3 $ par utilisateur, sans contrat annuel.","robots":{"index":"noindex","follow":"follow","max-snippet":"max-snippet:-1","max-image-preview":"max-image-preview:large","max-video-preview":"max-video-preview:-1"},"og_locale":"fr_FR","og_type":"article","og_title":"Logiciel de gestion de la s\u00e9curit\u00e9","og_description":"Qualify EHS de Worksite Safety est le logiciel de gestion de la s\u00e9curit\u00e9 le plus simple au Canada. \u00c0 partir de 3 $ par utilisateur, sans contrat annuel.","og_url":"https:\/\/test.worksite.ca\/fr\/safety-management-software\/","og_site_name":"Worksite Safety","article_publisher":"https:\/\/www.facebook.com\/worksitesafety","article_modified_time":"2025-05-28T19:42:44+00:00","twitter_card":"summary_large_image","twitter_site":"@worksitescc","twitter_misc":{"Est. reading time":"1 minute"},"schema":{"@context":"https:\/\/schema.org","@graph":[{"@type":"WebPage","@id":"https:\/\/test.worksite.ca\/fr\/safety-management-software\/","url":"https:\/\/test.worksite.ca\/fr\/safety-management-software\/","name":"Qualify EHS | Logiciel de gestion de la s\u00e9curit\u00e9 par Worksite Safety","isPartOf":{"@id":"https:\/\/worksitesafety.ca\/#website"},"datePublished":"2024-07-18T17:35:47+00:00","dateModified":"2025-05-28T19:42:44+00:00","description":"Qualify EHS de Worksite Safety est le logiciel de gestion de la s\u00e9curit\u00e9 le plus simple au Canada. \u00c0 partir de 3 $ par utilisateur, sans contrat annuel.","breadcrumb":{"@id":"https:\/\/test.worksite.ca\/fr\/safety-management-software\/#breadcrumb"},"inLanguage":"fr-FR","potentialAction":[{"@type":"ReadAction","target":["https:\/\/test.worksite.ca\/fr\/safety-management-software\/"]}]},{"@type":"BreadcrumbList","@id":"https:\/\/test.worksite.ca\/fr\/safety-management-software\/#breadcrumb","itemListElement":[{"@type":"ListItem","position":1,"name":"Home","item":"https:\/\/worksitesafety.ca\/fr\/"},{"@type":"ListItem","position":2,"name":"Logiciel de gestion de la s\u00e9curit\u00e9"}]},{"@type":"WebSite","@id":"https:\/\/worksitesafety.ca\/#website","url":"https:\/\/worksitesafety.ca\/","name":"Worksite Safety","description":"Canadian Safety Training","potentialAction":[{"@type":"SearchAction","target":{"@type":"EntryPoint","urlTemplate":"https:\/\/worksitesafety.ca\/?s={search_term_string}"},"query-input":{"@type":"PropertyValueSpecification","valueRequired":true,"valueName":"search_term_string"}}],"inLanguage":"fr-FR"}]}},"_links":{"self":[{"href":"https:\/\/test.worksite.ca\/fr\/wp-json\/wp\/v2\/pages\/1214770","targetHints":{"allow":["GET"]}}],"collection":[{"href":"https:\/\/test.worksite.ca\/fr\/wp-json\/wp\/v2\/pages"}],"about":[{"href":"https:\/\/test.worksite.ca\/fr\/wp-json\/wp\/v2\/types\/page"}],"author":[{"embeddable":true,"href":"https:\/\/test.worksite.ca\/fr\/wp-json\/wp\/v2\/users\/274631"}],"replies":[{"embeddable":true,"href":"https:\/\/test.worksite.ca\/fr\/wp-json\/wp\/v2\/comments?post=1214770"}],"version-history":[{"count":2,"href":"https:\/\/test.worksite.ca\/fr\/wp-json\/wp\/v2\/pages\/1214770\/revisions"}],"predecessor-version":[{"id":1214772,"href":"https:\/\/test.worksite.ca\/fr\/wp-json\/wp\/v2\/pages\/1214770\/revisions\/1214772"}],"wp:attachment":[{"href":"https:\/\/test.worksite.ca\/fr\/wp-json\/wp\/v2\/media?parent=1214770"}],"curies":[{"name":"wp","href":"https:\/\/api.w.org\/{rel}","templated":true}]}}