{"id":1218696,"date":"2022-10-31T15:38:53","date_gmt":"2022-10-31T19:38:53","guid":{"rendered":"https:\/\/worksitesafety.ca\/online-training-subscription\/"},"modified":"2025-06-04T14:23:35","modified_gmt":"2025-06-04T18:23:35","slug":"online-training-subscription","status":"publish","type":"page","link":"https:\/\/test.worksite.ca\/fr\/online-training-subscription\/","title":{"rendered":"Abonnement \u00e0 la formation en ligne"},"content":{"rendered":"<p>FOIRE AUX QUESTIONS<\/p>\n","protected":false},"excerpt":{"rendered":"<p>FOIRE AUX QUESTIONS<\/p>\n","protected":false},"author":92090,"featured_media":0,"parent":0,"menu_order":0,"comment_status":"closed","ping_status":"closed","template":"page-services-consulting-main.php","meta":{"_acf_changed":false,"footnotes":""},"class_list":["post-1218696","page","type-page","status-publish","hentry"],"acf":[],"yoast_head":"<!-- This site is optimized with the Yoast SEO Premium plugin v23.3 (Yoast SEO v25.8) - https:\/\/yoast.com\/wordpress\/plugins\/seo\/ -->\n<title>Abonnement \u00e0 la formation en ligne | Worksite Safety<\/title>\n<meta name=\"description\" content=\"B\u00e9n\u00e9ficiez de la tranquillit\u00e9 d&#039;esprit que procure un acc\u00e8s illimit\u00e9 au catalogue de formation en ligne reconnu \u00e0 l&#039;\u00e9chelle nationale de Worksite Safety.\" \/>\n<meta name=\"robots\" content=\"noindex, follow, max-snippet:-1, max-image-preview:large, max-video-preview:-1\" \/>\n<meta property=\"og:locale\" content=\"fr_FR\" \/>\n<meta property=\"og:type\" content=\"article\" \/>\n<meta property=\"og:title\" content=\"Abonnement \u00e0 la formation en ligne\" \/>\n<meta property=\"og:description\" content=\"B\u00e9n\u00e9ficiez de la tranquillit\u00e9 d&#039;esprit que procure un acc\u00e8s illimit\u00e9 au catalogue de formation en ligne reconnu \u00e0 l&#039;\u00e9chelle nationale de Worksite Safety.\" \/>\n<meta property=\"og:url\" content=\"https:\/\/test.worksite.ca\/fr\/online-training-subscription\/\" \/>\n<meta property=\"og:site_name\" content=\"Worksite Safety\" \/>\n<meta property=\"article:publisher\" content=\"https:\/\/www.facebook.com\/worksitesafety\" \/>\n<meta property=\"article:modified_time\" content=\"2025-06-04T18:23:35+00:00\" \/>\n<meta name=\"twitter:card\" content=\"summary_large_image\" \/>\n<meta name=\"twitter:site\" content=\"@worksitescc\" \/>\n<meta name=\"twitter:label1\" content=\"Est. reading time\" \/>\n\t<meta name=\"twitter:data1\" content=\"1 minute\" \/>\n<script type=\"application\/ld+json\" class=\"yoast-schema-graph\">{\"@context\":\"https:\/\/schema.org\",\"@graph\":[{\"@type\":\"WebPage\",\"@id\":\"https:\/\/test.worksite.ca\/fr\/online-training-subscription\/\",\"url\":\"https:\/\/test.worksite.ca\/fr\/online-training-subscription\/\",\"name\":\"Abonnement \u00e0 la formation en ligne | Worksite Safety\",\"isPartOf\":{\"@id\":\"https:\/\/worksitesafety.ca\/#website\"},\"datePublished\":\"2022-10-31T19:38:53+00:00\",\"dateModified\":\"2025-06-04T18:23:35+00:00\",\"description\":\"B\u00e9n\u00e9ficiez de la tranquillit\u00e9 d'esprit que procure un acc\u00e8s illimit\u00e9 au catalogue de formation en ligne reconnu \u00e0 l'\u00e9chelle nationale de Worksite Safety.\",\"breadcrumb\":{\"@id\":\"https:\/\/test.worksite.ca\/fr\/online-training-subscription\/#breadcrumb\"},\"inLanguage\":\"fr-FR\",\"potentialAction\":[{\"@type\":\"ReadAction\",\"target\":[\"https:\/\/test.worksite.ca\/fr\/online-training-subscription\/\"]}]},{\"@type\":\"BreadcrumbList\",\"@id\":\"https:\/\/test.worksite.ca\/fr\/online-training-subscription\/#breadcrumb\",\"itemListElement\":[{\"@type\":\"ListItem\",\"position\":1,\"name\":\"Home\",\"item\":\"https:\/\/worksitesafety.ca\/fr\/\"},{\"@type\":\"ListItem\",\"position\":2,\"name\":\"Abonnement \u00e0 la formation en ligne\"}]},{\"@type\":\"WebSite\",\"@id\":\"https:\/\/worksitesafety.ca\/#website\",\"url\":\"https:\/\/worksitesafety.ca\/\",\"name\":\"Worksite Safety\",\"description\":\"Canadian Safety Training\",\"potentialAction\":[{\"@type\":\"SearchAction\",\"target\":{\"@type\":\"EntryPoint\",\"urlTemplate\":\"https:\/\/worksitesafety.ca\/?s={search_term_string}\"},\"query-input\":{\"@type\":\"PropertyValueSpecification\",\"valueRequired\":true,\"valueName\":\"search_term_string\"}}],\"inLanguage\":\"fr-FR\"}]}<\/script>\n<!-- \/ Yoast SEO Premium plugin. -->","yoast_head_json":{"title":"Abonnement \u00e0 la formation en ligne | Worksite Safety","description":"B\u00e9n\u00e9ficiez de la tranquillit\u00e9 d'esprit que procure un acc\u00e8s illimit\u00e9 au catalogue de formation en ligne reconnu \u00e0 l'\u00e9chelle nationale de Worksite Safety.","robots":{"index":"noindex","follow":"follow","max-snippet":"max-snippet:-1","max-image-preview":"max-image-preview:large","max-video-preview":"max-video-preview:-1"},"og_locale":"fr_FR","og_type":"article","og_title":"Abonnement \u00e0 la formation en ligne","og_description":"B\u00e9n\u00e9ficiez de la tranquillit\u00e9 d'esprit que procure un acc\u00e8s illimit\u00e9 au catalogue de formation en ligne reconnu \u00e0 l'\u00e9chelle nationale de Worksite Safety.","og_url":"https:\/\/test.worksite.ca\/fr\/online-training-subscription\/","og_site_name":"Worksite Safety","article_publisher":"https:\/\/www.facebook.com\/worksitesafety","article_modified_time":"2025-06-04T18:23:35+00:00","twitter_card":"summary_large_image","twitter_site":"@worksitescc","twitter_misc":{"Est. reading time":"1 minute"},"schema":{"@context":"https:\/\/schema.org","@graph":[{"@type":"WebPage","@id":"https:\/\/test.worksite.ca\/fr\/online-training-subscription\/","url":"https:\/\/test.worksite.ca\/fr\/online-training-subscription\/","name":"Abonnement \u00e0 la formation en ligne | Worksite Safety","isPartOf":{"@id":"https:\/\/worksitesafety.ca\/#website"},"datePublished":"2022-10-31T19:38:53+00:00","dateModified":"2025-06-04T18:23:35+00:00","description":"B\u00e9n\u00e9ficiez de la tranquillit\u00e9 d'esprit que procure un acc\u00e8s illimit\u00e9 au catalogue de formation en ligne reconnu \u00e0 l'\u00e9chelle nationale de Worksite Safety.","breadcrumb":{"@id":"https:\/\/test.worksite.ca\/fr\/online-training-subscription\/#breadcrumb"},"inLanguage":"fr-FR","potentialAction":[{"@type":"ReadAction","target":["https:\/\/test.worksite.ca\/fr\/online-training-subscription\/"]}]},{"@type":"BreadcrumbList","@id":"https:\/\/test.worksite.ca\/fr\/online-training-subscription\/#breadcrumb","itemListElement":[{"@type":"ListItem","position":1,"name":"Home","item":"https:\/\/worksitesafety.ca\/fr\/"},{"@type":"ListItem","position":2,"name":"Abonnement \u00e0 la formation en ligne"}]},{"@type":"WebSite","@id":"https:\/\/worksitesafety.ca\/#website","url":"https:\/\/worksitesafety.ca\/","name":"Worksite Safety","description":"Canadian Safety Training","potentialAction":[{"@type":"SearchAction","target":{"@type":"EntryPoint","urlTemplate":"https:\/\/worksitesafety.ca\/?s={search_term_string}"},"query-input":{"@type":"PropertyValueSpecification","valueRequired":true,"valueName":"search_term_string"}}],"inLanguage":"fr-FR"}]}},"_links":{"self":[{"href":"https:\/\/test.worksite.ca\/fr\/wp-json\/wp\/v2\/pages\/1218696","targetHints":{"allow":["GET"]}}],"collection":[{"href":"https:\/\/test.worksite.ca\/fr\/wp-json\/wp\/v2\/pages"}],"about":[{"href":"https:\/\/test.worksite.ca\/fr\/wp-json\/wp\/v2\/types\/page"}],"author":[{"embeddable":true,"href":"https:\/\/test.worksite.ca\/fr\/wp-json\/wp\/v2\/users\/92090"}],"replies":[{"embeddable":true,"href":"https:\/\/test.worksite.ca\/fr\/wp-json\/wp\/v2\/comments?post=1218696"}],"version-history":[{"count":2,"href":"https:\/\/test.worksite.ca\/fr\/wp-json\/wp\/v2\/pages\/1218696\/revisions"}],"predecessor-version":[{"id":1218698,"href":"https:\/\/test.worksite.ca\/fr\/wp-json\/wp\/v2\/pages\/1218696\/revisions\/1218698"}],"wp:attachment":[{"href":"https:\/\/test.worksite.ca\/fr\/wp-json\/wp\/v2\/media?parent=1218696"}],"curies":[{"name":"wp","href":"https:\/\/api.w.org\/{rel}","templated":true}]}}