{"id":1000780,"date":"2022-06-23T16:32:34","date_gmt":"2022-06-23T20:32:34","guid":{"rendered":"https:\/\/worksitesafety.ca\/product\/uncategorized\/11-self-retracting-lifeline-srl\/"},"modified":"2025-08-10T13:11:16","modified_gmt":"2025-08-10T17:11:16","slug":"11-self-retracting-lifeline-srl","status":"publish","type":"product","link":"https:\/\/test.worksite.ca\/fr\/product\/lignes-de-vie-autoretractables\/11-self-retracting-lifeline-srl\/","title":{"rendered":"Longe auto-r\u00e9tractable de 11&#8242;"},"content":{"rendered":"","protected":false},"excerpt":{"rendered":"<p>Cette longe auto-r\u00e9tractable de onze pieds, conforme \u00e0 la norme CSA et dot\u00e9e d&#8217;un amortisseur int\u00e9gr\u00e9, est con\u00e7ue pour la s\u00e9curit\u00e9 et la commodit\u00e9 sur le site de travail.<\/p>\n","protected":false},"featured_media":996187,"comment_status":"closed","ping_status":"closed","template":"","meta":{"_acf_changed":false,"footnotes":""},"product_brand":[],"product_cat":[4131,4132,4165,4193],"product_tag":[4047,4048,4136,4166,4278,4137,4154],"class_list":{"0":"post-1000780","1":"product","2":"type-product","3":"status-publish","4":"has-post-thumbnail","6":"product_cat-equipement","7":"product_cat-protection-contre-les-chutes","8":"product_cat-longes","9":"product_cat-lignes-de-vie-autoretractables","10":"product_tag-fall-arrest-fr","11":"product_tag-fall-protection-fr","12":"product_tag-harness-fr","13":"product_tag-lanyard-fr","14":"product_tag-lifeline-fr","15":"product_tag-ppe-fr","16":"product_tag-wah-fr","17":"product_shipping_class-green-book-fr","19":"first","20":"instock","21":"taxable","22":"shipping-taxable","23":"purchasable","24":"product-type-simple"},"group_of_quantity":0,"min_quantity":0,"max_quantity":"","exclude_order_quantity_value_rules":"no","exclude_category_quantity_rules":"no","combine_variations":"no","acf":[],"yoast_head":"<!-- This site is optimized with the Yoast SEO Premium plugin v23.3 (Yoast SEO v25.8) - https:\/\/yoast.com\/wordpress\/plugins\/seo\/ -->\n<title>Longe auto-r\u00e9tractable de 11&#039; | Worksite Safety<\/title>\n<meta name=\"description\" content=\"Cette longe auto-r\u00e9tractable de onze pieds, conforme \u00e0 la norme CSA et dot\u00e9e d&#039;un amortisseur int\u00e9gr\u00e9, est con\u00e7ue pour la s\u00e9curit\u00e9 et la commodit\u00e9 sur le site de travail.\" \/>\n<meta name=\"robots\" content=\"noindex, follow, max-snippet:-1, max-image-preview:large, max-video-preview:-1\" \/>\n<meta property=\"og:locale\" content=\"fr_FR\" \/>\n<meta property=\"og:type\" content=\"article\" \/>\n<meta property=\"og:title\" content=\"Longe auto-r\u00e9tractable de 11&#039;\" \/>\n<meta property=\"og:description\" content=\"Cette longe auto-r\u00e9tractable de onze pieds, conforme \u00e0 la norme CSA et dot\u00e9e d&#039;un amortisseur int\u00e9gr\u00e9, est con\u00e7ue pour la s\u00e9curit\u00e9 et la commodit\u00e9 sur le site de travail.\" \/>\n<meta property=\"og:url\" content=\"https:\/\/test.worksite.ca\/fr\/product\/lignes-de-vie-autoretractables\/11-self-retracting-lifeline-srl\/\" \/>\n<meta property=\"og:site_name\" content=\"Worksite Safety\" \/>\n<meta property=\"article:publisher\" content=\"https:\/\/www.facebook.com\/worksitesafety\" \/>\n<meta property=\"article:modified_time\" content=\"2025-08-10T17:11:16+00:00\" \/>\n<meta property=\"og:image\" content=\"https:\/\/worksitesafety.ca\/app\/uploads\/2022\/06\/SRL-Main-Imagev3.png\" \/>\n\t<meta property=\"og:image:width\" content=\"750\" \/>\n\t<meta property=\"og:image:height\" content=\"530\" \/>\n\t<meta property=\"og:image:type\" content=\"image\/png\" \/>\n<meta name=\"twitter:card\" content=\"summary_large_image\" \/>\n<meta name=\"twitter:site\" content=\"@worksitescc\" \/>\n<meta name=\"twitter:label1\" content=\"Price\" \/>\n\t<meta name=\"twitter:data1\" content=\"&#036;289.98\" \/>\n\t<meta name=\"twitter:label2\" content=\"Availability\" \/>\n\t<meta name=\"twitter:data2\" content=\"In stock\" \/>\n<script type=\"application\/ld+json\" class=\"yoast-schema-graph\">{\"@context\":\"https:\/\/schema.org\",\"@graph\":[{\"@type\":[\"WebPage\",\"ItemPage\"],\"@id\":\"https:\/\/test.worksite.ca\/fr\/product\/lignes-de-vie-autoretractables\/11-self-retracting-lifeline-srl\/\",\"url\":\"https:\/\/test.worksite.ca\/fr\/product\/lignes-de-vie-autoretractables\/11-self-retracting-lifeline-srl\/\",\"name\":\"Longe auto-r\u00e9tractable de 11' | Worksite Safety\",\"isPartOf\":{\"@id\":\"https:\/\/worksitesafety.ca\/#website\"},\"primaryImageOfPage\":{\"@id\":\"https:\/\/test.worksite.ca\/fr\/product\/lignes-de-vie-autoretractables\/11-self-retracting-lifeline-srl\/#primaryimage\"},\"image\":{\"@id\":\"https:\/\/test.worksite.ca\/fr\/product\/lignes-de-vie-autoretractables\/11-self-retracting-lifeline-srl\/#primaryimage\"},\"thumbnailUrl\":\"https:\/\/cdn.worksitesafety.ca\/app\/20231129092606\/SRL-Main-Imagev3.png\",\"datePublished\":\"2022-06-23T20:32:34+00:00\",\"dateModified\":\"2025-08-10T17:11:16+00:00\",\"description\":\"Cette longe auto-r\u00e9tractable de onze pieds, conforme \u00e0 la norme CSA et dot\u00e9e d'un amortisseur int\u00e9gr\u00e9, est con\u00e7ue pour la s\u00e9curit\u00e9 et la commodit\u00e9 sur le site de travail.\",\"breadcrumb\":{\"@id\":\"https:\/\/test.worksite.ca\/fr\/product\/lignes-de-vie-autoretractables\/11-self-retracting-lifeline-srl\/#breadcrumb\"},\"inLanguage\":\"fr-FR\",\"potentialAction\":[{\"@type\":\"ReadAction\",\"target\":[\"https:\/\/test.worksite.ca\/fr\/product\/lignes-de-vie-autoretractables\/11-self-retracting-lifeline-srl\/\"]}]},{\"@type\":\"ImageObject\",\"inLanguage\":\"fr-FR\",\"@id\":\"https:\/\/test.worksite.ca\/fr\/product\/lignes-de-vie-autoretractables\/11-self-retracting-lifeline-srl\/#primaryimage\",\"url\":\"https:\/\/cdn.worksitesafety.ca\/app\/20231129092606\/SRL-Main-Imagev3.png\",\"contentUrl\":\"https:\/\/cdn.worksitesafety.ca\/app\/20231129092606\/SRL-Main-Imagev3.png\",\"width\":750,\"height\":530},{\"@type\":\"BreadcrumbList\",\"@id\":\"https:\/\/test.worksite.ca\/fr\/product\/lignes-de-vie-autoretractables\/11-self-retracting-lifeline-srl\/#breadcrumb\",\"itemListElement\":[{\"@type\":\"ListItem\",\"position\":1,\"name\":\"Home\",\"item\":\"https:\/\/worksitesafety.ca\/fr\/\"},{\"@type\":\"ListItem\",\"position\":2,\"name\":\"Boutique\",\"item\":\"https:\/\/worksitesafety.ca\/fr\/boutique\/\"},{\"@type\":\"ListItem\",\"position\":3,\"name\":\"Lignes de vie autor\u00e9tractables\",\"item\":\"https:\/\/test.worksite.ca\/fr\/category\/lignes-de-vie-autoretractables\/\"},{\"@type\":\"ListItem\",\"position\":4,\"name\":\"Longe auto-r\u00e9tractable de 11&#8242;\"}]},{\"@type\":\"WebSite\",\"@id\":\"https:\/\/worksitesafety.ca\/#website\",\"url\":\"https:\/\/worksitesafety.ca\/\",\"name\":\"Worksite Safety\",\"description\":\"Canadian Safety Training\",\"potentialAction\":[{\"@type\":\"SearchAction\",\"target\":{\"@type\":\"EntryPoint\",\"urlTemplate\":\"https:\/\/worksitesafety.ca\/?s={search_term_string}\"},\"query-input\":{\"@type\":\"PropertyValueSpecification\",\"valueRequired\":true,\"valueName\":\"search_term_string\"}}],\"inLanguage\":\"fr-FR\"}]}<\/script>\n<meta property=\"product:price:amount\" content=\"289.98\" \/>\n<meta property=\"product:price:currency\" content=\"CAD\" \/>\n<meta property=\"og:availability\" content=\"instock\" \/>\n<meta property=\"product:availability\" content=\"instock\" \/>\n<meta property=\"product:retailer_item_id\" content=\"CDK005\" \/>\n<meta property=\"product:condition\" content=\"new\" \/>\n<!-- \/ Yoast SEO Premium plugin. -->","yoast_head_json":{"title":"Longe auto-r\u00e9tractable de 11' | Worksite Safety","description":"Cette longe auto-r\u00e9tractable de onze pieds, conforme \u00e0 la norme CSA et dot\u00e9e d'un amortisseur int\u00e9gr\u00e9, est con\u00e7ue pour la s\u00e9curit\u00e9 et la commodit\u00e9 sur le site de travail.","robots":{"index":"noindex","follow":"follow","max-snippet":"max-snippet:-1","max-image-preview":"max-image-preview:large","max-video-preview":"max-video-preview:-1"},"og_locale":"fr_FR","og_type":"article","og_title":"Longe auto-r\u00e9tractable de 11'","og_description":"Cette longe auto-r\u00e9tractable de onze pieds, conforme \u00e0 la norme CSA et dot\u00e9e d'un amortisseur int\u00e9gr\u00e9, est con\u00e7ue pour la s\u00e9curit\u00e9 et la commodit\u00e9 sur le site de travail.","og_url":"https:\/\/test.worksite.ca\/fr\/product\/lignes-de-vie-autoretractables\/11-self-retracting-lifeline-srl\/","og_site_name":"Worksite Safety","article_publisher":"https:\/\/www.facebook.com\/worksitesafety","article_modified_time":"2025-08-10T17:11:16+00:00","og_image":[{"width":750,"height":530,"url":"https:\/\/worksitesafety.ca\/app\/uploads\/2022\/06\/SRL-Main-Imagev3.png","type":"image\/png"}],"twitter_card":"summary_large_image","twitter_site":"@worksitescc","twitter_misc":{"Price":"&#36;289.98","Availability":"In stock"},"schema":{"@context":"https:\/\/schema.org","@graph":[{"@type":["WebPage","ItemPage"],"@id":"https:\/\/test.worksite.ca\/fr\/product\/lignes-de-vie-autoretractables\/11-self-retracting-lifeline-srl\/","url":"https:\/\/test.worksite.ca\/fr\/product\/lignes-de-vie-autoretractables\/11-self-retracting-lifeline-srl\/","name":"Longe auto-r\u00e9tractable de 11' | Worksite Safety","isPartOf":{"@id":"https:\/\/worksitesafety.ca\/#website"},"primaryImageOfPage":{"@id":"https:\/\/test.worksite.ca\/fr\/product\/lignes-de-vie-autoretractables\/11-self-retracting-lifeline-srl\/#primaryimage"},"image":{"@id":"https:\/\/test.worksite.ca\/fr\/product\/lignes-de-vie-autoretractables\/11-self-retracting-lifeline-srl\/#primaryimage"},"thumbnailUrl":"https:\/\/cdn.worksitesafety.ca\/app\/20231129092606\/SRL-Main-Imagev3.png","datePublished":"2022-06-23T20:32:34+00:00","dateModified":"2025-08-10T17:11:16+00:00","description":"Cette longe auto-r\u00e9tractable de onze pieds, conforme \u00e0 la norme CSA et dot\u00e9e d'un amortisseur int\u00e9gr\u00e9, est con\u00e7ue pour la s\u00e9curit\u00e9 et la commodit\u00e9 sur le site de travail.","breadcrumb":{"@id":"https:\/\/test.worksite.ca\/fr\/product\/lignes-de-vie-autoretractables\/11-self-retracting-lifeline-srl\/#breadcrumb"},"inLanguage":"fr-FR","potentialAction":[{"@type":"ReadAction","target":["https:\/\/test.worksite.ca\/fr\/product\/lignes-de-vie-autoretractables\/11-self-retracting-lifeline-srl\/"]}]},{"@type":"ImageObject","inLanguage":"fr-FR","@id":"https:\/\/test.worksite.ca\/fr\/product\/lignes-de-vie-autoretractables\/11-self-retracting-lifeline-srl\/#primaryimage","url":"https:\/\/cdn.worksitesafety.ca\/app\/20231129092606\/SRL-Main-Imagev3.png","contentUrl":"https:\/\/cdn.worksitesafety.ca\/app\/20231129092606\/SRL-Main-Imagev3.png","width":750,"height":530},{"@type":"BreadcrumbList","@id":"https:\/\/test.worksite.ca\/fr\/product\/lignes-de-vie-autoretractables\/11-self-retracting-lifeline-srl\/#breadcrumb","itemListElement":[{"@type":"ListItem","position":1,"name":"Home","item":"https:\/\/worksitesafety.ca\/fr\/"},{"@type":"ListItem","position":2,"name":"Boutique","item":"https:\/\/worksitesafety.ca\/fr\/boutique\/"},{"@type":"ListItem","position":3,"name":"Lignes de vie autor\u00e9tractables","item":"https:\/\/test.worksite.ca\/fr\/category\/lignes-de-vie-autoretractables\/"},{"@type":"ListItem","position":4,"name":"Longe auto-r\u00e9tractable de 11&#8242;"}]},{"@type":"WebSite","@id":"https:\/\/worksitesafety.ca\/#website","url":"https:\/\/worksitesafety.ca\/","name":"Worksite Safety","description":"Canadian Safety Training","potentialAction":[{"@type":"SearchAction","target":{"@type":"EntryPoint","urlTemplate":"https:\/\/worksitesafety.ca\/?s={search_term_string}"},"query-input":{"@type":"PropertyValueSpecification","valueRequired":true,"valueName":"search_term_string"}}],"inLanguage":"fr-FR"}]},"product_price_amount":"289.98","product_price_currency":"CAD","og_availability":"instock","product_availability":"instock","product_retailer_item_id":"CDK005","product_condition":"new"},"_links":{"self":[{"href":"https:\/\/test.worksite.ca\/fr\/wp-json\/wp\/v2\/product\/1000780","targetHints":{"allow":["GET"]}}],"collection":[{"href":"https:\/\/test.worksite.ca\/fr\/wp-json\/wp\/v2\/product"}],"about":[{"href":"https:\/\/test.worksite.ca\/fr\/wp-json\/wp\/v2\/types\/product"}],"replies":[{"embeddable":true,"href":"https:\/\/test.worksite.ca\/fr\/wp-json\/wp\/v2\/comments?post=1000780"}],"version-history":[{"count":4,"href":"https:\/\/test.worksite.ca\/fr\/wp-json\/wp\/v2\/product\/1000780\/revisions"}],"predecessor-version":[{"id":1025500,"href":"https:\/\/test.worksite.ca\/fr\/wp-json\/wp\/v2\/product\/1000780\/revisions\/1025500"}],"wp:featuredmedia":[{"embeddable":true,"href":"https:\/\/test.worksite.ca\/fr\/wp-json\/wp\/v2\/media\/996187"}],"wp:attachment":[{"href":"https:\/\/test.worksite.ca\/fr\/wp-json\/wp\/v2\/media?parent=1000780"}],"wp:term":[{"taxonomy":"product_brand","embeddable":true,"href":"https:\/\/test.worksite.ca\/fr\/wp-json\/wp\/v2\/product_brand?post=1000780"},{"taxonomy":"product_cat","embeddable":true,"href":"https:\/\/test.worksite.ca\/fr\/wp-json\/wp\/v2\/product_cat?post=1000780"},{"taxonomy":"product_tag","embeddable":true,"href":"https:\/\/test.worksite.ca\/fr\/wp-json\/wp\/v2\/product_tag?post=1000780"}],"curies":[{"name":"wp","href":"https:\/\/api.w.org\/{rel}","templated":true}]}}