{"id":1001562,"date":"2023-02-01T14:03:57","date_gmt":"2023-02-01T19:03:57","guid":{"rendered":"https:\/\/worksitesafety.ca\/product\/uncategorized\/galvanized-cable-anchor-sling-coated-with-2-and-3-pass-thru-o-rings\/"},"modified":"2024-12-09T19:05:59","modified_gmt":"2024-12-10T00:05:59","slug":"galvanized-cable-anchor-sling-coated-with-2-and-3-pass-thru-o-rings","status":"publish","type":"product","link":"https:\/\/test.worksite.ca\/fr\/product\/fixations\/galvanized-cable-anchor-sling-coated-with-2-and-3-pass-thru-o-rings\/","title":{"rendered":"Ancrage de c\u00e2ble galvanis\u00e9 &#8211; \u00c9lingue &#8211; Enduit de joints toriques passants de 2&#8243; et 3&#8243;"},"content":{"rendered":"","protected":false},"excerpt":{"rendered":"<p><span style=\"vertical-align: inherit;\"><span style=\"vertical-align: inherit;\">This galvanized steel cable anchor with O-rings is a great solution when you need to create your own anchor point. Rated up to 310 lbs.<\/span><\/span><\/p>\n","protected":false},"featured_media":893120,"comment_status":"closed","ping_status":"closed","template":"","meta":{"_acf_changed":false,"footnotes":""},"product_brand":[],"product_cat":[4131,4132,4192,3957],"product_tag":[4276,4047,4048,4137,4154],"class_list":{"0":"post-1001562","1":"product","2":"type-product","3":"status-publish","4":"has-post-thumbnail","6":"product_cat-equipement","7":"product_cat-protection-contre-les-chutes","8":"product_cat-fixations","9":"product_cat-produit","10":"product_tag-anchor-fr","11":"product_tag-fall-arrest-fr","12":"product_tag-fall-protection-fr","13":"product_tag-ppe-fr","14":"product_tag-wah-fr","15":"product_shipping_class-green-book-fr","17":"first","18":"instock","19":"taxable","20":"shipping-taxable","21":"purchasable","22":"product-type-variable"},"group_of_quantity":0,"min_quantity":0,"max_quantity":"","exclude_order_quantity_value_rules":"no","exclude_category_quantity_rules":"no","combine_variations":"no","acf":[],"yoast_head":"<!-- This site is optimized with the Yoast SEO Premium plugin v23.3 (Yoast SEO v25.8) - https:\/\/yoast.com\/wordpress\/plugins\/seo\/ -->\n<title>Ancrage de c\u00e2ble galvanis\u00e9 - \u00c9lingue - Enduit de joints toriques passants de 2&quot; et 3&quot; | Worksite Safety<\/title>\n<meta name=\"description\" content=\"Cet ancrage de c\u00e2ble en acier galvanis\u00e9 avec joints toriques est une excellente solution lorsque vous devez cr\u00e9er votre propre point d&#039;ancrage. \u00c9valu\u00e9 jusqu&#039;\u00e0 310 lb.\" \/>\n<meta name=\"robots\" content=\"noindex, follow, max-snippet:-1, max-image-preview:large, max-video-preview:-1\" \/>\n<meta property=\"og:locale\" content=\"fr_FR\" \/>\n<meta property=\"og:type\" content=\"article\" \/>\n<meta property=\"og:title\" content=\"Ancrage de c\u00e2ble galvanis\u00e9 - \u00c9lingue - Enduit de joints toriques passants de 2&quot; et 3&quot;\" \/>\n<meta property=\"og:description\" content=\"Cet ancrage de c\u00e2ble en acier galvanis\u00e9 avec joints toriques est une excellente solution lorsque vous devez cr\u00e9er votre propre point d&#039;ancrage. \u00c9valu\u00e9 jusqu&#039;\u00e0 310 lb.\" \/>\n<meta property=\"og:url\" content=\"https:\/\/test.worksite.ca\/fr\/product\/fixations\/galvanized-cable-anchor-sling-coated-with-2-and-3-pass-thru-o-rings\/\" \/>\n<meta property=\"og:site_name\" content=\"Worksite Safety\" \/>\n<meta property=\"article:publisher\" content=\"https:\/\/www.facebook.com\/worksitesafety\" \/>\n<meta property=\"article:modified_time\" content=\"2024-12-10T00:05:59+00:00\" \/>\n<meta property=\"og:image\" content=\"https:\/\/cdn.worksitesafety.ca\/app\/20230202183601\/cek103-Main-Image.jpg\" \/>\n\t<meta property=\"og:image:width\" content=\"695\" \/>\n\t<meta property=\"og:image:height\" content=\"500\" \/>\n\t<meta property=\"og:image:type\" content=\"image\/jpeg\" \/>\n<meta name=\"twitter:card\" content=\"summary_large_image\" \/>\n<meta name=\"twitter:site\" content=\"@worksitescc\" \/>\n<meta name=\"twitter:label1\" content=\"Availability\" \/>\n\t<meta name=\"twitter:data1\" content=\"In stock\" \/>\n<script type=\"application\/ld+json\" class=\"yoast-schema-graph\">{\"@context\":\"https:\/\/schema.org\",\"@graph\":[{\"@type\":[\"WebPage\",\"ItemPage\"],\"@id\":\"https:\/\/test.worksite.ca\/fr\/product\/fixations\/galvanized-cable-anchor-sling-coated-with-2-and-3-pass-thru-o-rings\/\",\"url\":\"https:\/\/test.worksite.ca\/fr\/product\/fixations\/galvanized-cable-anchor-sling-coated-with-2-and-3-pass-thru-o-rings\/\",\"name\":\"Ancrage de c\u00e2ble galvanis\u00e9 - \u00c9lingue - Enduit de joints toriques passants de 2\\\" et 3\\\" | Worksite Safety\",\"isPartOf\":{\"@id\":\"https:\/\/worksitesafety.ca\/#website\"},\"primaryImageOfPage\":{\"@id\":\"https:\/\/test.worksite.ca\/fr\/product\/fixations\/galvanized-cable-anchor-sling-coated-with-2-and-3-pass-thru-o-rings\/#primaryimage\"},\"image\":{\"@id\":\"https:\/\/test.worksite.ca\/fr\/product\/fixations\/galvanized-cable-anchor-sling-coated-with-2-and-3-pass-thru-o-rings\/#primaryimage\"},\"thumbnailUrl\":\"https:\/\/cdn.worksitesafety.ca\/app\/20230202183601\/cek103-Main-Image.jpg\",\"datePublished\":\"2023-02-01T19:03:57+00:00\",\"dateModified\":\"2024-12-10T00:05:59+00:00\",\"description\":\"Cet ancrage de c\u00e2ble en acier galvanis\u00e9 avec joints toriques est une excellente solution lorsque vous devez cr\u00e9er votre propre point d'ancrage. \u00c9valu\u00e9 jusqu'\u00e0 310 lb.\",\"breadcrumb\":{\"@id\":\"https:\/\/test.worksite.ca\/fr\/product\/fixations\/galvanized-cable-anchor-sling-coated-with-2-and-3-pass-thru-o-rings\/#breadcrumb\"},\"inLanguage\":\"fr-FR\",\"potentialAction\":[{\"@type\":\"ReadAction\",\"target\":[\"https:\/\/test.worksite.ca\/fr\/product\/fixations\/galvanized-cable-anchor-sling-coated-with-2-and-3-pass-thru-o-rings\/\"]}]},{\"@type\":\"ImageObject\",\"inLanguage\":\"fr-FR\",\"@id\":\"https:\/\/test.worksite.ca\/fr\/product\/fixations\/galvanized-cable-anchor-sling-coated-with-2-and-3-pass-thru-o-rings\/#primaryimage\",\"url\":\"https:\/\/cdn.worksitesafety.ca\/app\/20230202183601\/cek103-Main-Image.jpg\",\"contentUrl\":\"https:\/\/cdn.worksitesafety.ca\/app\/20230202183601\/cek103-Main-Image.jpg\",\"width\":695,\"height\":500},{\"@type\":\"BreadcrumbList\",\"@id\":\"https:\/\/test.worksite.ca\/fr\/product\/fixations\/galvanized-cable-anchor-sling-coated-with-2-and-3-pass-thru-o-rings\/#breadcrumb\",\"itemListElement\":[{\"@type\":\"ListItem\",\"position\":1,\"name\":\"Home\",\"item\":\"https:\/\/worksitesafety.ca\/fr\/\"},{\"@type\":\"ListItem\",\"position\":2,\"name\":\"Boutique\",\"item\":\"https:\/\/worksitesafety.ca\/fr\/boutique\/\"},{\"@type\":\"ListItem\",\"position\":3,\"name\":\"\u00c9quipement\",\"item\":\"https:\/\/test.worksite.ca\/fr\/category\/equipement\/\"},{\"@type\":\"ListItem\",\"position\":4,\"name\":\"Protection contre les chutes\",\"item\":\"https:\/\/test.worksite.ca\/fr\/category\/equipement\/protection-contre-les-chutes\/\"},{\"@type\":\"ListItem\",\"position\":5,\"name\":\"Fixations\",\"item\":\"https:\/\/test.worksite.ca\/fr\/category\/fixations\/\"},{\"@type\":\"ListItem\",\"position\":6,\"name\":\"Ancrage de c\u00e2ble galvanis\u00e9 &#8211; \u00c9lingue &#8211; Enduit de joints toriques passants de 2&#8243; et 3&#8243;\"}]},{\"@type\":\"WebSite\",\"@id\":\"https:\/\/worksitesafety.ca\/#website\",\"url\":\"https:\/\/worksitesafety.ca\/\",\"name\":\"Worksite Safety\",\"description\":\"Canadian Safety Training\",\"potentialAction\":[{\"@type\":\"SearchAction\",\"target\":{\"@type\":\"EntryPoint\",\"urlTemplate\":\"https:\/\/worksitesafety.ca\/?s={search_term_string}\"},\"query-input\":{\"@type\":\"PropertyValueSpecification\",\"valueRequired\":true,\"valueName\":\"search_term_string\"}}],\"inLanguage\":\"fr-FR\"}]}<\/script>\n<meta property=\"og:availability\" content=\"instock\" \/>\n<meta property=\"product:availability\" content=\"instock\" \/>\n<meta property=\"product:condition\" content=\"new\" \/>\n<!-- \/ Yoast SEO Premium plugin. -->","yoast_head_json":{"title":"Ancrage de c\u00e2ble galvanis\u00e9 - \u00c9lingue - Enduit de joints toriques passants de 2\" et 3\" | Worksite Safety","description":"Cet ancrage de c\u00e2ble en acier galvanis\u00e9 avec joints toriques est une excellente solution lorsque vous devez cr\u00e9er votre propre point d'ancrage. \u00c9valu\u00e9 jusqu'\u00e0 310 lb.","robots":{"index":"noindex","follow":"follow","max-snippet":"max-snippet:-1","max-image-preview":"max-image-preview:large","max-video-preview":"max-video-preview:-1"},"og_locale":"fr_FR","og_type":"article","og_title":"Ancrage de c\u00e2ble galvanis\u00e9 - \u00c9lingue - Enduit de joints toriques passants de 2\" et 3\"","og_description":"Cet ancrage de c\u00e2ble en acier galvanis\u00e9 avec joints toriques est une excellente solution lorsque vous devez cr\u00e9er votre propre point d'ancrage. \u00c9valu\u00e9 jusqu'\u00e0 310 lb.","og_url":"https:\/\/test.worksite.ca\/fr\/product\/fixations\/galvanized-cable-anchor-sling-coated-with-2-and-3-pass-thru-o-rings\/","og_site_name":"Worksite Safety","article_publisher":"https:\/\/www.facebook.com\/worksitesafety","article_modified_time":"2024-12-10T00:05:59+00:00","og_image":[{"width":695,"height":500,"url":"https:\/\/cdn.worksitesafety.ca\/app\/20230202183601\/cek103-Main-Image.jpg","type":"image\/jpeg"}],"twitter_card":"summary_large_image","twitter_site":"@worksitescc","twitter_misc":{"Availability":"In stock"},"schema":{"@context":"https:\/\/schema.org","@graph":[{"@type":["WebPage","ItemPage"],"@id":"https:\/\/test.worksite.ca\/fr\/product\/fixations\/galvanized-cable-anchor-sling-coated-with-2-and-3-pass-thru-o-rings\/","url":"https:\/\/test.worksite.ca\/fr\/product\/fixations\/galvanized-cable-anchor-sling-coated-with-2-and-3-pass-thru-o-rings\/","name":"Ancrage de c\u00e2ble galvanis\u00e9 - \u00c9lingue - Enduit de joints toriques passants de 2\" et 3\" | Worksite Safety","isPartOf":{"@id":"https:\/\/worksitesafety.ca\/#website"},"primaryImageOfPage":{"@id":"https:\/\/test.worksite.ca\/fr\/product\/fixations\/galvanized-cable-anchor-sling-coated-with-2-and-3-pass-thru-o-rings\/#primaryimage"},"image":{"@id":"https:\/\/test.worksite.ca\/fr\/product\/fixations\/galvanized-cable-anchor-sling-coated-with-2-and-3-pass-thru-o-rings\/#primaryimage"},"thumbnailUrl":"https:\/\/cdn.worksitesafety.ca\/app\/20230202183601\/cek103-Main-Image.jpg","datePublished":"2023-02-01T19:03:57+00:00","dateModified":"2024-12-10T00:05:59+00:00","description":"Cet ancrage de c\u00e2ble en acier galvanis\u00e9 avec joints toriques est une excellente solution lorsque vous devez cr\u00e9er votre propre point d'ancrage. \u00c9valu\u00e9 jusqu'\u00e0 310 lb.","breadcrumb":{"@id":"https:\/\/test.worksite.ca\/fr\/product\/fixations\/galvanized-cable-anchor-sling-coated-with-2-and-3-pass-thru-o-rings\/#breadcrumb"},"inLanguage":"fr-FR","potentialAction":[{"@type":"ReadAction","target":["https:\/\/test.worksite.ca\/fr\/product\/fixations\/galvanized-cable-anchor-sling-coated-with-2-and-3-pass-thru-o-rings\/"]}]},{"@type":"ImageObject","inLanguage":"fr-FR","@id":"https:\/\/test.worksite.ca\/fr\/product\/fixations\/galvanized-cable-anchor-sling-coated-with-2-and-3-pass-thru-o-rings\/#primaryimage","url":"https:\/\/cdn.worksitesafety.ca\/app\/20230202183601\/cek103-Main-Image.jpg","contentUrl":"https:\/\/cdn.worksitesafety.ca\/app\/20230202183601\/cek103-Main-Image.jpg","width":695,"height":500},{"@type":"BreadcrumbList","@id":"https:\/\/test.worksite.ca\/fr\/product\/fixations\/galvanized-cable-anchor-sling-coated-with-2-and-3-pass-thru-o-rings\/#breadcrumb","itemListElement":[{"@type":"ListItem","position":1,"name":"Home","item":"https:\/\/worksitesafety.ca\/fr\/"},{"@type":"ListItem","position":2,"name":"Boutique","item":"https:\/\/worksitesafety.ca\/fr\/boutique\/"},{"@type":"ListItem","position":3,"name":"\u00c9quipement","item":"https:\/\/test.worksite.ca\/fr\/category\/equipement\/"},{"@type":"ListItem","position":4,"name":"Protection contre les chutes","item":"https:\/\/test.worksite.ca\/fr\/category\/equipement\/protection-contre-les-chutes\/"},{"@type":"ListItem","position":5,"name":"Fixations","item":"https:\/\/test.worksite.ca\/fr\/category\/fixations\/"},{"@type":"ListItem","position":6,"name":"Ancrage de c\u00e2ble galvanis\u00e9 &#8211; \u00c9lingue &#8211; Enduit de joints toriques passants de 2&#8243; et 3&#8243;"}]},{"@type":"WebSite","@id":"https:\/\/worksitesafety.ca\/#website","url":"https:\/\/worksitesafety.ca\/","name":"Worksite Safety","description":"Canadian Safety Training","potentialAction":[{"@type":"SearchAction","target":{"@type":"EntryPoint","urlTemplate":"https:\/\/worksitesafety.ca\/?s={search_term_string}"},"query-input":{"@type":"PropertyValueSpecification","valueRequired":true,"valueName":"search_term_string"}}],"inLanguage":"fr-FR"}]},"og_availability":"instock","product_availability":"instock","product_condition":"new"},"_links":{"self":[{"href":"https:\/\/test.worksite.ca\/fr\/wp-json\/wp\/v2\/product\/1001562","targetHints":{"allow":["GET"]}}],"collection":[{"href":"https:\/\/test.worksite.ca\/fr\/wp-json\/wp\/v2\/product"}],"about":[{"href":"https:\/\/test.worksite.ca\/fr\/wp-json\/wp\/v2\/types\/product"}],"replies":[{"embeddable":true,"href":"https:\/\/test.worksite.ca\/fr\/wp-json\/wp\/v2\/comments?post=1001562"}],"version-history":[{"count":4,"href":"https:\/\/test.worksite.ca\/fr\/wp-json\/wp\/v2\/product\/1001562\/revisions"}],"predecessor-version":[{"id":1136236,"href":"https:\/\/test.worksite.ca\/fr\/wp-json\/wp\/v2\/product\/1001562\/revisions\/1136236"}],"wp:featuredmedia":[{"embeddable":true,"href":"https:\/\/test.worksite.ca\/fr\/wp-json\/wp\/v2\/media\/893120"}],"wp:attachment":[{"href":"https:\/\/test.worksite.ca\/fr\/wp-json\/wp\/v2\/media?parent=1001562"}],"wp:term":[{"taxonomy":"product_brand","embeddable":true,"href":"https:\/\/test.worksite.ca\/fr\/wp-json\/wp\/v2\/product_brand?post=1001562"},{"taxonomy":"product_cat","embeddable":true,"href":"https:\/\/test.worksite.ca\/fr\/wp-json\/wp\/v2\/product_cat?post=1001562"},{"taxonomy":"product_tag","embeddable":true,"href":"https:\/\/test.worksite.ca\/fr\/wp-json\/wp\/v2\/product_tag?post=1001562"}],"curies":[{"name":"wp","href":"https:\/\/api.w.org\/{rel}","templated":true}]}}