{"id":1001651,"date":"2023-02-01T13:59:54","date_gmt":"2023-02-01T18:59:54","guid":{"rendered":"https:\/\/worksitesafety.ca\/product\/uncategorized\/4-anchor-strap\/"},"modified":"2024-02-26T14:36:59","modified_gmt":"2024-02-26T19:36:59","slug":"4-anchor-strap","status":"publish","type":"product","link":"https:\/\/test.worksite.ca\/fr\/product\/fixations\/4-anchor-strap\/","title":{"rendered":"Sangle d&#8217;ancrage de 4&#8242;"},"content":{"rendered":"","protected":false},"excerpt":{"rendered":"<p>La sangle d&#8217;ancrage de 4 pieds est une solution polyvalente lorsque vous devez cr\u00e9er votre propre point d&#8217;ancrage. \u00c9valu\u00e9 jusqu&#8217;\u00e0 310 livres. R\u00e9pond aux exigences de la CSA.<\/p>\n","protected":false},"featured_media":893089,"comment_status":"closed","ping_status":"closed","template":"","meta":{"_acf_changed":false,"footnotes":""},"product_brand":[],"product_cat":[4131,4132,4192,3957],"product_tag":[4276,4047,4048,4137,4154],"class_list":{"0":"post-1001651","1":"product","2":"type-product","3":"status-publish","4":"has-post-thumbnail","6":"product_cat-equipement","7":"product_cat-protection-contre-les-chutes","8":"product_cat-fixations","9":"product_cat-produit","10":"product_tag-anchor-fr","11":"product_tag-fall-arrest-fr","12":"product_tag-fall-protection-fr","13":"product_tag-ppe-fr","14":"product_tag-wah-fr","15":"product_shipping_class-green-book-fr","17":"first","18":"instock","19":"taxable","20":"shipping-taxable","21":"purchasable","22":"product-type-simple"},"group_of_quantity":0,"min_quantity":0,"max_quantity":"","exclude_order_quantity_value_rules":"no","exclude_category_quantity_rules":"no","combine_variations":"no","acf":[],"yoast_head":"<!-- This site is optimized with the Yoast SEO Premium plugin v23.3 (Yoast SEO v25.8) - https:\/\/yoast.com\/wordpress\/plugins\/seo\/ -->\n<title>Sangle d&#039;ancrage de 4&#039; | Worksite Safety<\/title>\n<meta name=\"description\" content=\"Cette sangle d&#039;ancrage de 4 pieds approuv\u00e9e par CSA est une solution polyvalente lorsque vous devez cr\u00e9er votre propre point d&#039;ancrage. \u00c9valu\u00e9 jusqu&#039;\u00e0 310 livres.\" \/>\n<meta name=\"robots\" content=\"noindex, follow, max-snippet:-1, max-image-preview:large, max-video-preview:-1\" \/>\n<meta property=\"og:locale\" content=\"fr_FR\" \/>\n<meta property=\"og:type\" content=\"article\" \/>\n<meta property=\"og:title\" content=\"Sangle d&#039;ancrage de 4&#039;\" \/>\n<meta property=\"og:description\" content=\"Cette sangle d&#039;ancrage de 4 pieds approuv\u00e9e par CSA est une solution polyvalente lorsque vous devez cr\u00e9er votre propre point d&#039;ancrage. \u00c9valu\u00e9 jusqu&#039;\u00e0 310 livres.\" \/>\n<meta property=\"og:url\" content=\"https:\/\/test.worksite.ca\/fr\/product\/fixations\/4-anchor-strap\/\" \/>\n<meta property=\"og:site_name\" content=\"Worksite Safety\" \/>\n<meta property=\"article:publisher\" content=\"https:\/\/www.facebook.com\/worksitesafety\" \/>\n<meta property=\"article:modified_time\" content=\"2024-02-26T19:36:59+00:00\" \/>\n<meta property=\"og:image\" content=\"https:\/\/worksitesafety.ca\/app\/uploads\/2023\/02\/cak010-Main-Image.jpg\" \/>\n\t<meta property=\"og:image:width\" content=\"695\" \/>\n\t<meta property=\"og:image:height\" content=\"500\" \/>\n\t<meta property=\"og:image:type\" content=\"image\/jpeg\" \/>\n<meta name=\"twitter:card\" content=\"summary_large_image\" \/>\n<meta name=\"twitter:site\" content=\"@worksitescc\" \/>\n<meta name=\"twitter:label1\" content=\"Price\" \/>\n\t<meta name=\"twitter:data1\" content=\"&#036;44.98\" \/>\n\t<meta name=\"twitter:label2\" content=\"Availability\" \/>\n\t<meta name=\"twitter:data2\" content=\"In stock\" \/>\n<script type=\"application\/ld+json\" class=\"yoast-schema-graph\">{\"@context\":\"https:\/\/schema.org\",\"@graph\":[{\"@type\":[\"WebPage\",\"ItemPage\"],\"@id\":\"https:\/\/test.worksite.ca\/fr\/product\/fixations\/4-anchor-strap\/\",\"url\":\"https:\/\/test.worksite.ca\/fr\/product\/fixations\/4-anchor-strap\/\",\"name\":\"Sangle d'ancrage de 4' | Worksite Safety\",\"isPartOf\":{\"@id\":\"https:\/\/worksitesafety.ca\/#website\"},\"primaryImageOfPage\":{\"@id\":\"https:\/\/test.worksite.ca\/fr\/product\/fixations\/4-anchor-strap\/#primaryimage\"},\"image\":{\"@id\":\"https:\/\/test.worksite.ca\/fr\/product\/fixations\/4-anchor-strap\/#primaryimage\"},\"thumbnailUrl\":\"https:\/\/cdn.worksitesafety.ca\/app\/20230202181326\/cak010-Main-Image.jpg\",\"datePublished\":\"2023-02-01T18:59:54+00:00\",\"dateModified\":\"2024-02-26T19:36:59+00:00\",\"description\":\"Cette sangle d'ancrage de 4 pieds approuv\u00e9e par CSA est une solution polyvalente lorsque vous devez cr\u00e9er votre propre point d'ancrage. \u00c9valu\u00e9 jusqu'\u00e0 310 livres.\",\"breadcrumb\":{\"@id\":\"https:\/\/test.worksite.ca\/fr\/product\/fixations\/4-anchor-strap\/#breadcrumb\"},\"inLanguage\":\"fr-FR\",\"potentialAction\":[{\"@type\":\"ReadAction\",\"target\":[\"https:\/\/test.worksite.ca\/fr\/product\/fixations\/4-anchor-strap\/\"]}]},{\"@type\":\"ImageObject\",\"inLanguage\":\"fr-FR\",\"@id\":\"https:\/\/test.worksite.ca\/fr\/product\/fixations\/4-anchor-strap\/#primaryimage\",\"url\":\"https:\/\/cdn.worksitesafety.ca\/app\/20230202181326\/cak010-Main-Image.jpg\",\"contentUrl\":\"https:\/\/cdn.worksitesafety.ca\/app\/20230202181326\/cak010-Main-Image.jpg\",\"width\":695,\"height\":500},{\"@type\":\"BreadcrumbList\",\"@id\":\"https:\/\/test.worksite.ca\/fr\/product\/fixations\/4-anchor-strap\/#breadcrumb\",\"itemListElement\":[{\"@type\":\"ListItem\",\"position\":1,\"name\":\"Home\",\"item\":\"https:\/\/worksitesafety.ca\/fr\/\"},{\"@type\":\"ListItem\",\"position\":2,\"name\":\"Boutique\",\"item\":\"https:\/\/worksitesafety.ca\/fr\/boutique\/\"},{\"@type\":\"ListItem\",\"position\":3,\"name\":\"\u00c9quipement\",\"item\":\"https:\/\/test.worksite.ca\/fr\/category\/equipement\/\"},{\"@type\":\"ListItem\",\"position\":4,\"name\":\"Protection contre les chutes\",\"item\":\"https:\/\/test.worksite.ca\/fr\/category\/equipement\/protection-contre-les-chutes\/\"},{\"@type\":\"ListItem\",\"position\":5,\"name\":\"Fixations\",\"item\":\"https:\/\/test.worksite.ca\/fr\/category\/fixations\/\"},{\"@type\":\"ListItem\",\"position\":6,\"name\":\"Sangle d&#8217;ancrage de 4&#8242;\"}]},{\"@type\":\"WebSite\",\"@id\":\"https:\/\/worksitesafety.ca\/#website\",\"url\":\"https:\/\/worksitesafety.ca\/\",\"name\":\"Worksite Safety\",\"description\":\"Canadian Safety Training\",\"potentialAction\":[{\"@type\":\"SearchAction\",\"target\":{\"@type\":\"EntryPoint\",\"urlTemplate\":\"https:\/\/worksitesafety.ca\/?s={search_term_string}\"},\"query-input\":{\"@type\":\"PropertyValueSpecification\",\"valueRequired\":true,\"valueName\":\"search_term_string\"}}],\"inLanguage\":\"fr-FR\"}]}<\/script>\n<meta property=\"product:price:amount\" content=\"44.98\" \/>\n<meta property=\"product:price:currency\" content=\"CAD\" \/>\n<meta property=\"og:availability\" content=\"instock\" \/>\n<meta property=\"product:availability\" content=\"instock\" \/>\n<meta property=\"product:retailer_item_id\" content=\"CAK010\" \/>\n<meta property=\"product:condition\" content=\"new\" \/>\n<!-- \/ Yoast SEO Premium plugin. -->","yoast_head_json":{"title":"Sangle d'ancrage de 4' | Worksite Safety","description":"Cette sangle d'ancrage de 4 pieds approuv\u00e9e par CSA est une solution polyvalente lorsque vous devez cr\u00e9er votre propre point d'ancrage. \u00c9valu\u00e9 jusqu'\u00e0 310 livres.","robots":{"index":"noindex","follow":"follow","max-snippet":"max-snippet:-1","max-image-preview":"max-image-preview:large","max-video-preview":"max-video-preview:-1"},"og_locale":"fr_FR","og_type":"article","og_title":"Sangle d'ancrage de 4'","og_description":"Cette sangle d'ancrage de 4 pieds approuv\u00e9e par CSA est une solution polyvalente lorsque vous devez cr\u00e9er votre propre point d'ancrage. \u00c9valu\u00e9 jusqu'\u00e0 310 livres.","og_url":"https:\/\/test.worksite.ca\/fr\/product\/fixations\/4-anchor-strap\/","og_site_name":"Worksite Safety","article_publisher":"https:\/\/www.facebook.com\/worksitesafety","article_modified_time":"2024-02-26T19:36:59+00:00","og_image":[{"width":695,"height":500,"url":"https:\/\/worksitesafety.ca\/app\/uploads\/2023\/02\/cak010-Main-Image.jpg","type":"image\/jpeg"}],"twitter_card":"summary_large_image","twitter_site":"@worksitescc","twitter_misc":{"Price":"&#36;44.98","Availability":"In stock"},"schema":{"@context":"https:\/\/schema.org","@graph":[{"@type":["WebPage","ItemPage"],"@id":"https:\/\/test.worksite.ca\/fr\/product\/fixations\/4-anchor-strap\/","url":"https:\/\/test.worksite.ca\/fr\/product\/fixations\/4-anchor-strap\/","name":"Sangle d'ancrage de 4' | Worksite Safety","isPartOf":{"@id":"https:\/\/worksitesafety.ca\/#website"},"primaryImageOfPage":{"@id":"https:\/\/test.worksite.ca\/fr\/product\/fixations\/4-anchor-strap\/#primaryimage"},"image":{"@id":"https:\/\/test.worksite.ca\/fr\/product\/fixations\/4-anchor-strap\/#primaryimage"},"thumbnailUrl":"https:\/\/cdn.worksitesafety.ca\/app\/20230202181326\/cak010-Main-Image.jpg","datePublished":"2023-02-01T18:59:54+00:00","dateModified":"2024-02-26T19:36:59+00:00","description":"Cette sangle d'ancrage de 4 pieds approuv\u00e9e par CSA est une solution polyvalente lorsque vous devez cr\u00e9er votre propre point d'ancrage. \u00c9valu\u00e9 jusqu'\u00e0 310 livres.","breadcrumb":{"@id":"https:\/\/test.worksite.ca\/fr\/product\/fixations\/4-anchor-strap\/#breadcrumb"},"inLanguage":"fr-FR","potentialAction":[{"@type":"ReadAction","target":["https:\/\/test.worksite.ca\/fr\/product\/fixations\/4-anchor-strap\/"]}]},{"@type":"ImageObject","inLanguage":"fr-FR","@id":"https:\/\/test.worksite.ca\/fr\/product\/fixations\/4-anchor-strap\/#primaryimage","url":"https:\/\/cdn.worksitesafety.ca\/app\/20230202181326\/cak010-Main-Image.jpg","contentUrl":"https:\/\/cdn.worksitesafety.ca\/app\/20230202181326\/cak010-Main-Image.jpg","width":695,"height":500},{"@type":"BreadcrumbList","@id":"https:\/\/test.worksite.ca\/fr\/product\/fixations\/4-anchor-strap\/#breadcrumb","itemListElement":[{"@type":"ListItem","position":1,"name":"Home","item":"https:\/\/worksitesafety.ca\/fr\/"},{"@type":"ListItem","position":2,"name":"Boutique","item":"https:\/\/worksitesafety.ca\/fr\/boutique\/"},{"@type":"ListItem","position":3,"name":"\u00c9quipement","item":"https:\/\/test.worksite.ca\/fr\/category\/equipement\/"},{"@type":"ListItem","position":4,"name":"Protection contre les chutes","item":"https:\/\/test.worksite.ca\/fr\/category\/equipement\/protection-contre-les-chutes\/"},{"@type":"ListItem","position":5,"name":"Fixations","item":"https:\/\/test.worksite.ca\/fr\/category\/fixations\/"},{"@type":"ListItem","position":6,"name":"Sangle d&#8217;ancrage de 4&#8242;"}]},{"@type":"WebSite","@id":"https:\/\/worksitesafety.ca\/#website","url":"https:\/\/worksitesafety.ca\/","name":"Worksite Safety","description":"Canadian Safety Training","potentialAction":[{"@type":"SearchAction","target":{"@type":"EntryPoint","urlTemplate":"https:\/\/worksitesafety.ca\/?s={search_term_string}"},"query-input":{"@type":"PropertyValueSpecification","valueRequired":true,"valueName":"search_term_string"}}],"inLanguage":"fr-FR"}]},"product_price_amount":"44.98","product_price_currency":"CAD","og_availability":"instock","product_availability":"instock","product_retailer_item_id":"CAK010","product_condition":"new"},"_links":{"self":[{"href":"https:\/\/test.worksite.ca\/fr\/wp-json\/wp\/v2\/product\/1001651","targetHints":{"allow":["GET"]}}],"collection":[{"href":"https:\/\/test.worksite.ca\/fr\/wp-json\/wp\/v2\/product"}],"about":[{"href":"https:\/\/test.worksite.ca\/fr\/wp-json\/wp\/v2\/types\/product"}],"replies":[{"embeddable":true,"href":"https:\/\/test.worksite.ca\/fr\/wp-json\/wp\/v2\/comments?post=1001651"}],"version-history":[{"count":3,"href":"https:\/\/test.worksite.ca\/fr\/wp-json\/wp\/v2\/product\/1001651\/revisions"}],"predecessor-version":[{"id":1024867,"href":"https:\/\/test.worksite.ca\/fr\/wp-json\/wp\/v2\/product\/1001651\/revisions\/1024867"}],"wp:featuredmedia":[{"embeddable":true,"href":"https:\/\/test.worksite.ca\/fr\/wp-json\/wp\/v2\/media\/893089"}],"wp:attachment":[{"href":"https:\/\/test.worksite.ca\/fr\/wp-json\/wp\/v2\/media?parent=1001651"}],"wp:term":[{"taxonomy":"product_brand","embeddable":true,"href":"https:\/\/test.worksite.ca\/fr\/wp-json\/wp\/v2\/product_brand?post=1001651"},{"taxonomy":"product_cat","embeddable":true,"href":"https:\/\/test.worksite.ca\/fr\/wp-json\/wp\/v2\/product_cat?post=1001651"},{"taxonomy":"product_tag","embeddable":true,"href":"https:\/\/test.worksite.ca\/fr\/wp-json\/wp\/v2\/product_tag?post=1001651"}],"curies":[{"name":"wp","href":"https:\/\/api.w.org\/{rel}","templated":true}]}}