{"id":1001705,"date":"2022-06-23T16:37:04","date_gmt":"2022-06-23T20:37:04","guid":{"rendered":"https:\/\/worksitesafety.ca\/product\/uncategorized\/6-safety-lanyard\/"},"modified":"2025-07-03T08:41:38","modified_gmt":"2025-07-03T12:41:38","slug":"6-safety-lanyard","status":"publish","type":"product","link":"https:\/\/test.worksite.ca\/fr\/product\/equipement\/6-safety-lanyard\/","title":{"rendered":"Longe de s\u00e9curit\u00e9 de 6&#8242;"},"content":{"rendered":"","protected":false},"excerpt":{"rendered":"<p>Cette longe de s\u00e9curit\u00e9 de six pieds conforme \u00e0 la CSA avec amortisseur int\u00e9gr\u00e9 est parfaite pour \u00eatre utilis\u00e9e comme longe de protection contre les chutes.<\/p>\n","protected":false},"featured_media":996185,"comment_status":"closed","ping_status":"closed","template":"","meta":{"_acf_changed":false,"footnotes":""},"product_brand":[],"product_cat":[4131,4132,4165],"product_tag":[4047,4048,4166,4137,4154],"class_list":{"0":"post-1001705","1":"product","2":"type-product","3":"status-publish","4":"has-post-thumbnail","6":"product_cat-equipement","7":"product_cat-protection-contre-les-chutes","8":"product_cat-longes","9":"product_tag-fall-arrest-fr","10":"product_tag-fall-protection-fr","11":"product_tag-lanyard-fr","12":"product_tag-ppe-fr","13":"product_tag-wah-fr","14":"product_shipping_class-green-book-fr","16":"first","17":"instock","18":"taxable","19":"shipping-taxable","20":"purchasable","21":"product-type-simple"},"group_of_quantity":0,"min_quantity":0,"max_quantity":"","exclude_order_quantity_value_rules":"no","exclude_category_quantity_rules":"no","combine_variations":"no","acf":[],"yoast_head":"<!-- This site is optimized with the Yoast SEO Premium plugin v23.3 (Yoast SEO v25.8) - https:\/\/yoast.com\/wordpress\/plugins\/seo\/ -->\n<title>Longe de s\u00e9curit\u00e9 de 6&#039; | Worksite Safety<\/title>\n<meta name=\"description\" content=\"Cette longe de s\u00e9curit\u00e9 de six pieds conforme \u00e0 la CSA avec amortisseur int\u00e9gr\u00e9 est parfaite pour \u00eatre utilis\u00e9e comme longe de protection contre les chutes.\" \/>\n<meta name=\"robots\" content=\"noindex, follow, max-snippet:-1, max-image-preview:large, max-video-preview:-1\" \/>\n<meta property=\"og:locale\" content=\"fr_FR\" \/>\n<meta property=\"og:type\" content=\"article\" \/>\n<meta property=\"og:title\" content=\"Longe de s\u00e9curit\u00e9 de 6&#039;\" \/>\n<meta property=\"og:description\" content=\"Cette longe de s\u00e9curit\u00e9 de six pieds conforme \u00e0 la CSA avec amortisseur int\u00e9gr\u00e9 est parfaite pour \u00eatre utilis\u00e9e comme longe de protection contre les chutes.\" \/>\n<meta property=\"og:url\" content=\"https:\/\/test.worksite.ca\/fr\/product\/equipement\/6-safety-lanyard\/\" \/>\n<meta property=\"og:site_name\" content=\"Worksite Safety\" \/>\n<meta property=\"article:publisher\" content=\"https:\/\/www.facebook.com\/worksitesafety\" \/>\n<meta property=\"article:modified_time\" content=\"2025-07-03T12:41:38+00:00\" \/>\n<meta property=\"og:image\" content=\"https:\/\/worksitesafety.ca\/app\/uploads\/2022\/06\/6-Foot-Lanyard-Main-Imagev2.png\" \/>\n\t<meta property=\"og:image:width\" content=\"750\" \/>\n\t<meta property=\"og:image:height\" content=\"500\" \/>\n\t<meta property=\"og:image:type\" content=\"image\/png\" \/>\n<meta name=\"twitter:card\" content=\"summary_large_image\" \/>\n<meta name=\"twitter:site\" content=\"@worksitescc\" \/>\n<meta name=\"twitter:label1\" content=\"Price\" \/>\n\t<meta name=\"twitter:data1\" content=\"&#036;100.98\" \/>\n\t<meta name=\"twitter:label2\" content=\"Availability\" \/>\n\t<meta name=\"twitter:data2\" content=\"In stock\" \/>\n<script type=\"application\/ld+json\" class=\"yoast-schema-graph\">{\"@context\":\"https:\/\/schema.org\",\"@graph\":[{\"@type\":[\"WebPage\",\"ItemPage\"],\"@id\":\"https:\/\/test.worksite.ca\/fr\/product\/equipement\/6-safety-lanyard\/\",\"url\":\"https:\/\/test.worksite.ca\/fr\/product\/equipement\/6-safety-lanyard\/\",\"name\":\"Longe de s\u00e9curit\u00e9 de 6' | Worksite Safety\",\"isPartOf\":{\"@id\":\"https:\/\/worksitesafety.ca\/#website\"},\"primaryImageOfPage\":{\"@id\":\"https:\/\/test.worksite.ca\/fr\/product\/equipement\/6-safety-lanyard\/#primaryimage\"},\"image\":{\"@id\":\"https:\/\/test.worksite.ca\/fr\/product\/equipement\/6-safety-lanyard\/#primaryimage\"},\"thumbnailUrl\":\"https:\/\/cdn.worksitesafety.ca\/app\/20231129092607\/6-Foot-Lanyard-Main-Imagev2.png\",\"datePublished\":\"2022-06-23T20:37:04+00:00\",\"dateModified\":\"2025-07-03T12:41:38+00:00\",\"description\":\"Cette longe de s\u00e9curit\u00e9 de six pieds conforme \u00e0 la CSA avec amortisseur int\u00e9gr\u00e9 est parfaite pour \u00eatre utilis\u00e9e comme longe de protection contre les chutes.\",\"breadcrumb\":{\"@id\":\"https:\/\/test.worksite.ca\/fr\/product\/equipement\/6-safety-lanyard\/#breadcrumb\"},\"inLanguage\":\"fr-FR\",\"potentialAction\":[{\"@type\":\"ReadAction\",\"target\":[\"https:\/\/test.worksite.ca\/fr\/product\/equipement\/6-safety-lanyard\/\"]}]},{\"@type\":\"ImageObject\",\"inLanguage\":\"fr-FR\",\"@id\":\"https:\/\/test.worksite.ca\/fr\/product\/equipement\/6-safety-lanyard\/#primaryimage\",\"url\":\"https:\/\/cdn.worksitesafety.ca\/app\/20231129092607\/6-Foot-Lanyard-Main-Imagev2.png\",\"contentUrl\":\"https:\/\/cdn.worksitesafety.ca\/app\/20231129092607\/6-Foot-Lanyard-Main-Imagev2.png\",\"width\":750,\"height\":500},{\"@type\":\"BreadcrumbList\",\"@id\":\"https:\/\/test.worksite.ca\/fr\/product\/equipement\/6-safety-lanyard\/#breadcrumb\",\"itemListElement\":[{\"@type\":\"ListItem\",\"position\":1,\"name\":\"Home\",\"item\":\"https:\/\/worksitesafety.ca\/fr\/\"},{\"@type\":\"ListItem\",\"position\":2,\"name\":\"Boutique\",\"item\":\"https:\/\/worksitesafety.ca\/fr\/boutique\/\"},{\"@type\":\"ListItem\",\"position\":3,\"name\":\"\u00c9quipement\",\"item\":\"https:\/\/test.worksite.ca\/fr\/category\/equipement\/\"},{\"@type\":\"ListItem\",\"position\":4,\"name\":\"Longe de s\u00e9curit\u00e9 de 6&#8242;\"}]},{\"@type\":\"WebSite\",\"@id\":\"https:\/\/worksitesafety.ca\/#website\",\"url\":\"https:\/\/worksitesafety.ca\/\",\"name\":\"Worksite Safety\",\"description\":\"Canadian Safety Training\",\"potentialAction\":[{\"@type\":\"SearchAction\",\"target\":{\"@type\":\"EntryPoint\",\"urlTemplate\":\"https:\/\/worksitesafety.ca\/?s={search_term_string}\"},\"query-input\":{\"@type\":\"PropertyValueSpecification\",\"valueRequired\":true,\"valueName\":\"search_term_string\"}}],\"inLanguage\":\"fr-FR\"}]}<\/script>\n<meta property=\"product:price:amount\" content=\"100.98\" \/>\n<meta property=\"product:price:currency\" content=\"CAD\" \/>\n<meta property=\"og:availability\" content=\"instock\" \/>\n<meta property=\"product:availability\" content=\"instock\" \/>\n<meta property=\"product:retailer_item_id\" content=\"CCK618\" \/>\n<meta property=\"product:condition\" content=\"new\" \/>\n<!-- \/ Yoast SEO Premium plugin. -->","yoast_head_json":{"title":"Longe de s\u00e9curit\u00e9 de 6' | Worksite Safety","description":"Cette longe de s\u00e9curit\u00e9 de six pieds conforme \u00e0 la CSA avec amortisseur int\u00e9gr\u00e9 est parfaite pour \u00eatre utilis\u00e9e comme longe de protection contre les chutes.","robots":{"index":"noindex","follow":"follow","max-snippet":"max-snippet:-1","max-image-preview":"max-image-preview:large","max-video-preview":"max-video-preview:-1"},"og_locale":"fr_FR","og_type":"article","og_title":"Longe de s\u00e9curit\u00e9 de 6'","og_description":"Cette longe de s\u00e9curit\u00e9 de six pieds conforme \u00e0 la CSA avec amortisseur int\u00e9gr\u00e9 est parfaite pour \u00eatre utilis\u00e9e comme longe de protection contre les chutes.","og_url":"https:\/\/test.worksite.ca\/fr\/product\/equipement\/6-safety-lanyard\/","og_site_name":"Worksite Safety","article_publisher":"https:\/\/www.facebook.com\/worksitesafety","article_modified_time":"2025-07-03T12:41:38+00:00","og_image":[{"width":750,"height":500,"url":"https:\/\/worksitesafety.ca\/app\/uploads\/2022\/06\/6-Foot-Lanyard-Main-Imagev2.png","type":"image\/png"}],"twitter_card":"summary_large_image","twitter_site":"@worksitescc","twitter_misc":{"Price":"&#36;100.98","Availability":"In stock"},"schema":{"@context":"https:\/\/schema.org","@graph":[{"@type":["WebPage","ItemPage"],"@id":"https:\/\/test.worksite.ca\/fr\/product\/equipement\/6-safety-lanyard\/","url":"https:\/\/test.worksite.ca\/fr\/product\/equipement\/6-safety-lanyard\/","name":"Longe de s\u00e9curit\u00e9 de 6' | Worksite Safety","isPartOf":{"@id":"https:\/\/worksitesafety.ca\/#website"},"primaryImageOfPage":{"@id":"https:\/\/test.worksite.ca\/fr\/product\/equipement\/6-safety-lanyard\/#primaryimage"},"image":{"@id":"https:\/\/test.worksite.ca\/fr\/product\/equipement\/6-safety-lanyard\/#primaryimage"},"thumbnailUrl":"https:\/\/cdn.worksitesafety.ca\/app\/20231129092607\/6-Foot-Lanyard-Main-Imagev2.png","datePublished":"2022-06-23T20:37:04+00:00","dateModified":"2025-07-03T12:41:38+00:00","description":"Cette longe de s\u00e9curit\u00e9 de six pieds conforme \u00e0 la CSA avec amortisseur int\u00e9gr\u00e9 est parfaite pour \u00eatre utilis\u00e9e comme longe de protection contre les chutes.","breadcrumb":{"@id":"https:\/\/test.worksite.ca\/fr\/product\/equipement\/6-safety-lanyard\/#breadcrumb"},"inLanguage":"fr-FR","potentialAction":[{"@type":"ReadAction","target":["https:\/\/test.worksite.ca\/fr\/product\/equipement\/6-safety-lanyard\/"]}]},{"@type":"ImageObject","inLanguage":"fr-FR","@id":"https:\/\/test.worksite.ca\/fr\/product\/equipement\/6-safety-lanyard\/#primaryimage","url":"https:\/\/cdn.worksitesafety.ca\/app\/20231129092607\/6-Foot-Lanyard-Main-Imagev2.png","contentUrl":"https:\/\/cdn.worksitesafety.ca\/app\/20231129092607\/6-Foot-Lanyard-Main-Imagev2.png","width":750,"height":500},{"@type":"BreadcrumbList","@id":"https:\/\/test.worksite.ca\/fr\/product\/equipement\/6-safety-lanyard\/#breadcrumb","itemListElement":[{"@type":"ListItem","position":1,"name":"Home","item":"https:\/\/worksitesafety.ca\/fr\/"},{"@type":"ListItem","position":2,"name":"Boutique","item":"https:\/\/worksitesafety.ca\/fr\/boutique\/"},{"@type":"ListItem","position":3,"name":"\u00c9quipement","item":"https:\/\/test.worksite.ca\/fr\/category\/equipement\/"},{"@type":"ListItem","position":4,"name":"Longe de s\u00e9curit\u00e9 de 6&#8242;"}]},{"@type":"WebSite","@id":"https:\/\/worksitesafety.ca\/#website","url":"https:\/\/worksitesafety.ca\/","name":"Worksite Safety","description":"Canadian Safety Training","potentialAction":[{"@type":"SearchAction","target":{"@type":"EntryPoint","urlTemplate":"https:\/\/worksitesafety.ca\/?s={search_term_string}"},"query-input":{"@type":"PropertyValueSpecification","valueRequired":true,"valueName":"search_term_string"}}],"inLanguage":"fr-FR"}]},"product_price_amount":"100.98","product_price_currency":"CAD","og_availability":"instock","product_availability":"instock","product_retailer_item_id":"CCK618","product_condition":"new"},"_links":{"self":[{"href":"https:\/\/test.worksite.ca\/fr\/wp-json\/wp\/v2\/product\/1001705","targetHints":{"allow":["GET"]}}],"collection":[{"href":"https:\/\/test.worksite.ca\/fr\/wp-json\/wp\/v2\/product"}],"about":[{"href":"https:\/\/test.worksite.ca\/fr\/wp-json\/wp\/v2\/types\/product"}],"replies":[{"embeddable":true,"href":"https:\/\/test.worksite.ca\/fr\/wp-json\/wp\/v2\/comments?post=1001705"}],"version-history":[{"count":4,"href":"https:\/\/test.worksite.ca\/fr\/wp-json\/wp\/v2\/product\/1001705\/revisions"}],"predecessor-version":[{"id":1025502,"href":"https:\/\/test.worksite.ca\/fr\/wp-json\/wp\/v2\/product\/1001705\/revisions\/1025502"}],"wp:featuredmedia":[{"embeddable":true,"href":"https:\/\/test.worksite.ca\/fr\/wp-json\/wp\/v2\/media\/996185"}],"wp:attachment":[{"href":"https:\/\/test.worksite.ca\/fr\/wp-json\/wp\/v2\/media?parent=1001705"}],"wp:term":[{"taxonomy":"product_brand","embeddable":true,"href":"https:\/\/test.worksite.ca\/fr\/wp-json\/wp\/v2\/product_brand?post=1001705"},{"taxonomy":"product_cat","embeddable":true,"href":"https:\/\/test.worksite.ca\/fr\/wp-json\/wp\/v2\/product_cat?post=1001705"},{"taxonomy":"product_tag","embeddable":true,"href":"https:\/\/test.worksite.ca\/fr\/wp-json\/wp\/v2\/product_tag?post=1001705"}],"curies":[{"name":"wp","href":"https:\/\/api.w.org\/{rel}","templated":true}]}}