{"id":1004800,"date":"2023-04-19T14:10:03","date_gmt":"2023-04-19T18:10:03","guid":{"rendered":"https:\/\/worksitesafety.ca\/product\/uncategorized\/honeywell-d-shape-anchor-connector\/"},"modified":"2024-01-03T16:08:56","modified_gmt":"2024-01-03T21:08:56","slug":"honeywell-d-shape-anchor-connector","status":"publish","type":"product","link":"https:\/\/test.worksite.ca\/fr\/product\/fixations\/honeywell-d-shape-anchor-connector\/","title":{"rendered":"Connecteur d&#8217;ancrage en forme de D Honeywell"},"content":{"rendered":"","protected":false},"excerpt":{"rendered":"<p>Connecteur d&#8217;ancrage en forme de D avec ouverture de glissi\u00e8re de 4 1\/4&#8243; (10,8 cm) con\u00e7ue pour \u00e9liminer le probl\u00e8me de d\u00e9ploiement. Conforme aux normes ANSI Z359 et CSA Z259.<\/p>\n","protected":false},"featured_media":996161,"comment_status":"open","ping_status":"closed","template":"","meta":{"_acf_changed":false,"footnotes":""},"product_brand":[],"product_cat":[4131,4132,4192],"product_tag":[4276],"class_list":{"0":"post-1004800","1":"product","2":"type-product","3":"status-publish","4":"has-post-thumbnail","6":"product_cat-equipement","7":"product_cat-protection-contre-les-chutes","8":"product_cat-fixations","9":"product_tag-anchor-fr","10":"product_shipping_class-green-book-fr","12":"first","13":"onbackorder","14":"taxable","15":"shipping-taxable","16":"purchasable","17":"product-type-simple"},"group_of_quantity":0,"min_quantity":0,"max_quantity":"","exclude_order_quantity_value_rules":"no","exclude_category_quantity_rules":"no","combine_variations":"no","acf":[],"yoast_head":"<!-- This site is optimized with the Yoast SEO Premium plugin v23.3 (Yoast SEO v25.8) - https:\/\/yoast.com\/wordpress\/plugins\/seo\/ -->\n<title>Connecteur d&#039;ancrage en forme de D Honeywell | Worksite Safety<\/title>\n<meta name=\"description\" content=\"Connecteur d&#039;ancrage en forme de D avec ouverture de glissi\u00e8re de 4 1\/4&quot; (10,8 cm) con\u00e7ue pour \u00e9liminer le probl\u00e8me de d\u00e9ploiement. Normes ANSI Z359 et CSA Z259.\" \/>\n<meta name=\"robots\" content=\"noindex, follow, max-snippet:-1, max-image-preview:large, max-video-preview:-1\" \/>\n<meta property=\"og:locale\" content=\"fr_FR\" \/>\n<meta property=\"og:type\" content=\"article\" \/>\n<meta property=\"og:title\" content=\"Connecteur d&#039;ancrage en forme de D Honeywell\" \/>\n<meta property=\"og:description\" content=\"Connecteur d&#039;ancrage en forme de D avec ouverture de glissi\u00e8re de 4 1\/4&quot; (10,8 cm) con\u00e7ue pour \u00e9liminer le probl\u00e8me de d\u00e9ploiement. Normes ANSI Z359 et CSA Z259.\" \/>\n<meta property=\"og:url\" content=\"https:\/\/test.worksite.ca\/fr\/product\/fixations\/honeywell-d-shape-anchor-connector\/\" \/>\n<meta property=\"og:site_name\" content=\"Worksite Safety\" \/>\n<meta property=\"article:publisher\" content=\"https:\/\/www.facebook.com\/worksitesafety\" \/>\n<meta property=\"article:modified_time\" content=\"2024-01-03T21:08:56+00:00\" \/>\n<meta property=\"og:image\" content=\"https:\/\/worksitesafety.ca\/app\/uploads\/2023\/04\/FP3730.jpg\" \/>\n\t<meta property=\"og:image:width\" content=\"695\" \/>\n\t<meta property=\"og:image:height\" content=\"500\" \/>\n\t<meta property=\"og:image:type\" content=\"image\/jpeg\" \/>\n<meta name=\"twitter:card\" content=\"summary_large_image\" \/>\n<meta name=\"twitter:site\" content=\"@worksitescc\" \/>\n<meta name=\"twitter:label1\" content=\"Price\" \/>\n\t<meta name=\"twitter:data1\" content=\"&#036;143.00\" \/>\n\t<meta name=\"twitter:label2\" content=\"Availability\" \/>\n\t<meta name=\"twitter:data2\" content=\"On backorder\" \/>\n<script type=\"application\/ld+json\" class=\"yoast-schema-graph\">{\"@context\":\"https:\/\/schema.org\",\"@graph\":[{\"@type\":[\"WebPage\",\"ItemPage\"],\"@id\":\"https:\/\/test.worksite.ca\/fr\/product\/fixations\/honeywell-d-shape-anchor-connector\/\",\"url\":\"https:\/\/test.worksite.ca\/fr\/product\/fixations\/honeywell-d-shape-anchor-connector\/\",\"name\":\"Connecteur d'ancrage en forme de D Honeywell | Worksite Safety\",\"isPartOf\":{\"@id\":\"https:\/\/worksitesafety.ca\/#website\"},\"primaryImageOfPage\":{\"@id\":\"https:\/\/test.worksite.ca\/fr\/product\/fixations\/honeywell-d-shape-anchor-connector\/#primaryimage\"},\"image\":{\"@id\":\"https:\/\/test.worksite.ca\/fr\/product\/fixations\/honeywell-d-shape-anchor-connector\/#primaryimage\"},\"thumbnailUrl\":\"https:\/\/cdn.worksitesafety.ca\/app\/20231129092613\/FP3730.jpg\",\"datePublished\":\"2023-04-19T18:10:03+00:00\",\"dateModified\":\"2024-01-03T21:08:56+00:00\",\"description\":\"Connecteur d'ancrage en forme de D avec ouverture de glissi\u00e8re de 4 1\/4\\\" (10,8 cm) con\u00e7ue pour \u00e9liminer le probl\u00e8me de d\u00e9ploiement. Normes ANSI Z359 et CSA Z259.\",\"breadcrumb\":{\"@id\":\"https:\/\/test.worksite.ca\/fr\/product\/fixations\/honeywell-d-shape-anchor-connector\/#breadcrumb\"},\"inLanguage\":\"fr-FR\",\"potentialAction\":[{\"@type\":\"ReadAction\",\"target\":[\"https:\/\/test.worksite.ca\/fr\/product\/fixations\/honeywell-d-shape-anchor-connector\/\"]}]},{\"@type\":\"ImageObject\",\"inLanguage\":\"fr-FR\",\"@id\":\"https:\/\/test.worksite.ca\/fr\/product\/fixations\/honeywell-d-shape-anchor-connector\/#primaryimage\",\"url\":\"https:\/\/cdn.worksitesafety.ca\/app\/20231129092613\/FP3730.jpg\",\"contentUrl\":\"https:\/\/cdn.worksitesafety.ca\/app\/20231129092613\/FP3730.jpg\",\"width\":695,\"height\":500},{\"@type\":\"BreadcrumbList\",\"@id\":\"https:\/\/test.worksite.ca\/fr\/product\/fixations\/honeywell-d-shape-anchor-connector\/#breadcrumb\",\"itemListElement\":[{\"@type\":\"ListItem\",\"position\":1,\"name\":\"Home\",\"item\":\"https:\/\/worksitesafety.ca\/fr\/\"},{\"@type\":\"ListItem\",\"position\":2,\"name\":\"Boutique\",\"item\":\"https:\/\/worksitesafety.ca\/fr\/boutique\/\"},{\"@type\":\"ListItem\",\"position\":3,\"name\":\"\u00c9quipement\",\"item\":\"https:\/\/test.worksite.ca\/fr\/category\/equipement\/\"},{\"@type\":\"ListItem\",\"position\":4,\"name\":\"Protection contre les chutes\",\"item\":\"https:\/\/test.worksite.ca\/fr\/category\/equipement\/protection-contre-les-chutes\/\"},{\"@type\":\"ListItem\",\"position\":5,\"name\":\"Fixations\",\"item\":\"https:\/\/test.worksite.ca\/fr\/category\/fixations\/\"},{\"@type\":\"ListItem\",\"position\":6,\"name\":\"Private: Connecteur d&#8217;ancrage en forme de D Honeywell\"}]},{\"@type\":\"WebSite\",\"@id\":\"https:\/\/worksitesafety.ca\/#website\",\"url\":\"https:\/\/worksitesafety.ca\/\",\"name\":\"Worksite Safety\",\"description\":\"Canadian Safety Training\",\"potentialAction\":[{\"@type\":\"SearchAction\",\"target\":{\"@type\":\"EntryPoint\",\"urlTemplate\":\"https:\/\/worksitesafety.ca\/?s={search_term_string}\"},\"query-input\":{\"@type\":\"PropertyValueSpecification\",\"valueRequired\":true,\"valueName\":\"search_term_string\"}}],\"inLanguage\":\"fr-FR\"}]}<\/script>\n<meta property=\"product:price:amount\" content=\"143.00\" \/>\n<meta property=\"product:price:currency\" content=\"CAD\" \/>\n<meta property=\"og:availability\" content=\"backorder\" \/>\n<meta property=\"product:availability\" content=\"available for order\" \/>\n<meta property=\"product:retailer_item_id\" content=\"FP3730\" \/>\n<meta property=\"product:condition\" content=\"new\" \/>\n<!-- \/ Yoast SEO Premium plugin. -->","yoast_head_json":{"title":"Connecteur d'ancrage en forme de D Honeywell | Worksite Safety","description":"Connecteur d'ancrage en forme de D avec ouverture de glissi\u00e8re de 4 1\/4\" (10,8 cm) con\u00e7ue pour \u00e9liminer le probl\u00e8me de d\u00e9ploiement. Normes ANSI Z359 et CSA Z259.","robots":{"index":"noindex","follow":"follow","max-snippet":"max-snippet:-1","max-image-preview":"max-image-preview:large","max-video-preview":"max-video-preview:-1"},"og_locale":"fr_FR","og_type":"article","og_title":"Connecteur d'ancrage en forme de D Honeywell","og_description":"Connecteur d'ancrage en forme de D avec ouverture de glissi\u00e8re de 4 1\/4\" (10,8 cm) con\u00e7ue pour \u00e9liminer le probl\u00e8me de d\u00e9ploiement. Normes ANSI Z359 et CSA Z259.","og_url":"https:\/\/test.worksite.ca\/fr\/product\/fixations\/honeywell-d-shape-anchor-connector\/","og_site_name":"Worksite Safety","article_publisher":"https:\/\/www.facebook.com\/worksitesafety","article_modified_time":"2024-01-03T21:08:56+00:00","og_image":[{"width":695,"height":500,"url":"https:\/\/worksitesafety.ca\/app\/uploads\/2023\/04\/FP3730.jpg","type":"image\/jpeg"}],"twitter_card":"summary_large_image","twitter_site":"@worksitescc","twitter_misc":{"Price":"&#36;143.00","Availability":"On backorder"},"schema":{"@context":"https:\/\/schema.org","@graph":[{"@type":["WebPage","ItemPage"],"@id":"https:\/\/test.worksite.ca\/fr\/product\/fixations\/honeywell-d-shape-anchor-connector\/","url":"https:\/\/test.worksite.ca\/fr\/product\/fixations\/honeywell-d-shape-anchor-connector\/","name":"Connecteur d'ancrage en forme de D Honeywell | Worksite Safety","isPartOf":{"@id":"https:\/\/worksitesafety.ca\/#website"},"primaryImageOfPage":{"@id":"https:\/\/test.worksite.ca\/fr\/product\/fixations\/honeywell-d-shape-anchor-connector\/#primaryimage"},"image":{"@id":"https:\/\/test.worksite.ca\/fr\/product\/fixations\/honeywell-d-shape-anchor-connector\/#primaryimage"},"thumbnailUrl":"https:\/\/cdn.worksitesafety.ca\/app\/20231129092613\/FP3730.jpg","datePublished":"2023-04-19T18:10:03+00:00","dateModified":"2024-01-03T21:08:56+00:00","description":"Connecteur d'ancrage en forme de D avec ouverture de glissi\u00e8re de 4 1\/4\" (10,8 cm) con\u00e7ue pour \u00e9liminer le probl\u00e8me de d\u00e9ploiement. Normes ANSI Z359 et CSA Z259.","breadcrumb":{"@id":"https:\/\/test.worksite.ca\/fr\/product\/fixations\/honeywell-d-shape-anchor-connector\/#breadcrumb"},"inLanguage":"fr-FR","potentialAction":[{"@type":"ReadAction","target":["https:\/\/test.worksite.ca\/fr\/product\/fixations\/honeywell-d-shape-anchor-connector\/"]}]},{"@type":"ImageObject","inLanguage":"fr-FR","@id":"https:\/\/test.worksite.ca\/fr\/product\/fixations\/honeywell-d-shape-anchor-connector\/#primaryimage","url":"https:\/\/cdn.worksitesafety.ca\/app\/20231129092613\/FP3730.jpg","contentUrl":"https:\/\/cdn.worksitesafety.ca\/app\/20231129092613\/FP3730.jpg","width":695,"height":500},{"@type":"BreadcrumbList","@id":"https:\/\/test.worksite.ca\/fr\/product\/fixations\/honeywell-d-shape-anchor-connector\/#breadcrumb","itemListElement":[{"@type":"ListItem","position":1,"name":"Home","item":"https:\/\/worksitesafety.ca\/fr\/"},{"@type":"ListItem","position":2,"name":"Boutique","item":"https:\/\/worksitesafety.ca\/fr\/boutique\/"},{"@type":"ListItem","position":3,"name":"\u00c9quipement","item":"https:\/\/test.worksite.ca\/fr\/category\/equipement\/"},{"@type":"ListItem","position":4,"name":"Protection contre les chutes","item":"https:\/\/test.worksite.ca\/fr\/category\/equipement\/protection-contre-les-chutes\/"},{"@type":"ListItem","position":5,"name":"Fixations","item":"https:\/\/test.worksite.ca\/fr\/category\/fixations\/"},{"@type":"ListItem","position":6,"name":"Private: Connecteur d&#8217;ancrage en forme de D Honeywell"}]},{"@type":"WebSite","@id":"https:\/\/worksitesafety.ca\/#website","url":"https:\/\/worksitesafety.ca\/","name":"Worksite Safety","description":"Canadian Safety Training","potentialAction":[{"@type":"SearchAction","target":{"@type":"EntryPoint","urlTemplate":"https:\/\/worksitesafety.ca\/?s={search_term_string}"},"query-input":{"@type":"PropertyValueSpecification","valueRequired":true,"valueName":"search_term_string"}}],"inLanguage":"fr-FR"}]},"product_price_amount":"143.00","product_price_currency":"CAD","og_availability":"backorder","product_availability":"available for order","product_retailer_item_id":"FP3730","product_condition":"new"},"_links":{"self":[{"href":"https:\/\/test.worksite.ca\/fr\/wp-json\/wp\/v2\/product\/1004800","targetHints":{"allow":["GET"]}}],"collection":[{"href":"https:\/\/test.worksite.ca\/fr\/wp-json\/wp\/v2\/product"}],"about":[{"href":"https:\/\/test.worksite.ca\/fr\/wp-json\/wp\/v2\/types\/product"}],"replies":[{"embeddable":true,"href":"https:\/\/test.worksite.ca\/fr\/wp-json\/wp\/v2\/comments?post=1004800"}],"version-history":[{"count":4,"href":"https:\/\/test.worksite.ca\/fr\/wp-json\/wp\/v2\/product\/1004800\/revisions"}],"predecessor-version":[{"id":1004805,"href":"https:\/\/test.worksite.ca\/fr\/wp-json\/wp\/v2\/product\/1004800\/revisions\/1004805"}],"wp:featuredmedia":[{"embeddable":true,"href":"https:\/\/test.worksite.ca\/fr\/wp-json\/wp\/v2\/media\/996161"}],"wp:attachment":[{"href":"https:\/\/test.worksite.ca\/fr\/wp-json\/wp\/v2\/media?parent=1004800"}],"wp:term":[{"taxonomy":"product_brand","embeddable":true,"href":"https:\/\/test.worksite.ca\/fr\/wp-json\/wp\/v2\/product_brand?post=1004800"},{"taxonomy":"product_cat","embeddable":true,"href":"https:\/\/test.worksite.ca\/fr\/wp-json\/wp\/v2\/product_cat?post=1004800"},{"taxonomy":"product_tag","embeddable":true,"href":"https:\/\/test.worksite.ca\/fr\/wp-json\/wp\/v2\/product_tag?post=1004800"}],"curies":[{"name":"wp","href":"https:\/\/api.w.org\/{rel}","templated":true}]}}