{"id":1009020,"date":"2021-07-15T22:15:37","date_gmt":"2021-07-16T02:15:37","guid":{"rendered":"https:\/\/worksitesafety.ca\/product\/uncategorized\/electrical-safety\/"},"modified":"2025-06-13T14:49:54","modified_gmt":"2025-06-13T18:49:54","slug":"securite-electrique","status":"publish","type":"product","link":"https:\/\/test.worksite.ca\/fr\/product\/formation\/en-ligne\/securite-electrique\/","title":{"rendered":"S\u00e9curit\u00e9 \u00e9lectrique"},"content":{"rendered":"","protected":false},"excerpt":{"rendered":"<p>Cette certification de s\u00e9curit\u00e9 \u00e9lectrique couvre les bases du fonctionnement de l\u2019\u00e9lectricit\u00e9, ainsi que les risques d\u2019arc \u00e9lectrique et d\u2019\u00e9lectrocution. La formation est guid\u00e9e par les normes CSA Z642-21 et les exigences NFPA 70E. Un certificat plastique est disponible \u00e0 l&#8217;issue de la formation (valable 3 ans) en plus de votre certificat num\u00e9rique et de votre dossier de formation.<\/p>\n","protected":false},"featured_media":881400,"comment_status":"closed","ping_status":"closed","template":"","meta":{"_acf_changed":false,"footnotes":""},"product_brand":[],"product_cat":[4030,4038,4032,4039,4040,4041,4033],"product_tag":[4299,4300,4301],"class_list":{"0":"post-1009020","1":"product","2":"type-product","3":"status-publish","4":"has-post-thumbnail","6":"product_cat-en-ligne","7":"product_cat-construction","8":"product_cat-soins-de-sante","9":"product_cat-fabrication","10":"product_cat-mines-petrole-et-gaz","11":"product_cat-transport-et-entreposage","12":"product_cat-risques-sur-le-lieu-de-travail","13":"product_tag-arc-flash-fr","14":"product_tag-electrical-fr","15":"product_tag-shock-fr","17":"first","18":"instock","19":"virtual","20":"taxable","21":"purchasable","22":"product-type-simple"},"group_of_quantity":0,"min_quantity":0,"max_quantity":"","exclude_order_quantity_value_rules":"no","exclude_category_quantity_rules":"no","combine_variations":"no","acf":[],"yoast_head":"<!-- This site is optimized with the Yoast SEO Premium plugin v23.3 (Yoast SEO v25.8) - https:\/\/yoast.com\/wordpress\/plugins\/seo\/ -->\n<title>S\u00e9curit\u00e9 \u00e9lectrique | Worksite Safety<\/title>\n<meta name=\"description\" content=\"Ce programme de formation sur la s\u00e9curit\u00e9 \u00e9lectrique (arcs et chocs \u00e9lectriques) a \u00e9t\u00e9 con\u00e7u pour les travailleurs qui sont expos\u00e9s \u00e0 des risques.\" \/>\n<meta name=\"robots\" content=\"noindex, follow, max-snippet:-1, max-image-preview:large, max-video-preview:-1\" \/>\n<meta property=\"og:locale\" content=\"fr_FR\" \/>\n<meta property=\"og:type\" content=\"article\" \/>\n<meta property=\"og:title\" content=\"S\u00e9curit\u00e9 \u00e9lectrique\" \/>\n<meta property=\"og:description\" content=\"Ce programme de formation sur la s\u00e9curit\u00e9 \u00e9lectrique (arcs et chocs \u00e9lectriques) a \u00e9t\u00e9 con\u00e7u pour les travailleurs qui sont expos\u00e9s \u00e0 des risques.\" \/>\n<meta property=\"og:url\" content=\"https:\/\/test.worksite.ca\/fr\/product\/formation\/en-ligne\/securite-electrique\/\" \/>\n<meta property=\"og:site_name\" content=\"Worksite Safety\" \/>\n<meta property=\"article:publisher\" content=\"https:\/\/www.facebook.com\/worksitesafety\" \/>\n<meta property=\"article:modified_time\" content=\"2025-06-13T18:49:54+00:00\" \/>\n<meta property=\"og:image\" content=\"https:\/\/cdn.worksitesafety.ca\/app\/20220916134428\/ElectricalSafety_v2.1.png\" \/>\n\t<meta property=\"og:image:width\" content=\"731\" \/>\n\t<meta property=\"og:image:height\" content=\"376\" \/>\n\t<meta property=\"og:image:type\" content=\"image\/png\" \/>\n<meta name=\"twitter:card\" content=\"summary_large_image\" \/>\n<meta name=\"twitter:site\" content=\"@worksitescc\" \/>\n<meta name=\"twitter:label1\" content=\"Price\" \/>\n\t<meta name=\"twitter:data1\" content=\"&#036;36.95\" \/>\n\t<meta name=\"twitter:label2\" content=\"Availability\" \/>\n\t<meta name=\"twitter:data2\" content=\"In stock\" \/>\n<script type=\"application\/ld+json\" class=\"yoast-schema-graph\">{\"@context\":\"https:\/\/schema.org\",\"@graph\":[{\"@type\":[\"WebPage\",\"ItemPage\"],\"@id\":\"https:\/\/test.worksite.ca\/fr\/product\/formation\/en-ligne\/securite-electrique\/\",\"url\":\"https:\/\/test.worksite.ca\/fr\/product\/formation\/en-ligne\/securite-electrique\/\",\"name\":\"S\u00e9curit\u00e9 \u00e9lectrique | Worksite Safety\",\"isPartOf\":{\"@id\":\"https:\/\/worksitesafety.ca\/#website\"},\"primaryImageOfPage\":{\"@id\":\"https:\/\/test.worksite.ca\/fr\/product\/formation\/en-ligne\/securite-electrique\/#primaryimage\"},\"image\":{\"@id\":\"https:\/\/test.worksite.ca\/fr\/product\/formation\/en-ligne\/securite-electrique\/#primaryimage\"},\"thumbnailUrl\":\"https:\/\/cdn.worksitesafety.ca\/app\/20220916134428\/ElectricalSafety_v2.1.png\",\"datePublished\":\"2021-07-16T02:15:37+00:00\",\"dateModified\":\"2025-06-13T18:49:54+00:00\",\"description\":\"Ce programme de formation sur la s\u00e9curit\u00e9 \u00e9lectrique (arcs et chocs \u00e9lectriques) a \u00e9t\u00e9 con\u00e7u pour les travailleurs qui sont expos\u00e9s \u00e0 des risques.\",\"breadcrumb\":{\"@id\":\"https:\/\/test.worksite.ca\/fr\/product\/formation\/en-ligne\/securite-electrique\/#breadcrumb\"},\"inLanguage\":\"fr-FR\",\"potentialAction\":[{\"@type\":\"ReadAction\",\"target\":[\"https:\/\/test.worksite.ca\/fr\/product\/formation\/en-ligne\/securite-electrique\/\"]}]},{\"@type\":\"ImageObject\",\"inLanguage\":\"fr-FR\",\"@id\":\"https:\/\/test.worksite.ca\/fr\/product\/formation\/en-ligne\/securite-electrique\/#primaryimage\",\"url\":\"https:\/\/cdn.worksitesafety.ca\/app\/20220916134428\/ElectricalSafety_v2.1.png\",\"contentUrl\":\"https:\/\/cdn.worksitesafety.ca\/app\/20220916134428\/ElectricalSafety_v2.1.png\",\"width\":731,\"height\":376},{\"@type\":\"BreadcrumbList\",\"@id\":\"https:\/\/test.worksite.ca\/fr\/product\/formation\/en-ligne\/securite-electrique\/#breadcrumb\",\"itemListElement\":[{\"@type\":\"ListItem\",\"position\":1,\"name\":\"Home\",\"item\":\"https:\/\/worksitesafety.ca\/fr\/\"},{\"@type\":\"ListItem\",\"position\":2,\"name\":\"Boutique\",\"item\":\"https:\/\/worksitesafety.ca\/fr\/boutique\/\"},{\"@type\":\"ListItem\",\"position\":3,\"name\":\"Formation\",\"item\":\"https:\/\/test.worksite.ca\/fr\/category\/formation\/\"},{\"@type\":\"ListItem\",\"position\":4,\"name\":\"Certifications en ligne\",\"item\":\"https:\/\/test.worksite.ca\/fr\/category\/formation\/en-ligne\/\"},{\"@type\":\"ListItem\",\"position\":5,\"name\":\"S\u00e9curit\u00e9 \u00e9lectrique\"}]},{\"@type\":\"WebSite\",\"@id\":\"https:\/\/worksitesafety.ca\/#website\",\"url\":\"https:\/\/worksitesafety.ca\/\",\"name\":\"Worksite Safety\",\"description\":\"Canadian Safety Training\",\"potentialAction\":[{\"@type\":\"SearchAction\",\"target\":{\"@type\":\"EntryPoint\",\"urlTemplate\":\"https:\/\/worksitesafety.ca\/?s={search_term_string}\"},\"query-input\":{\"@type\":\"PropertyValueSpecification\",\"valueRequired\":true,\"valueName\":\"search_term_string\"}}],\"inLanguage\":\"fr-FR\"}]}<\/script>\n<meta property=\"product:price:amount\" content=\"36.95\" \/>\n<meta property=\"product:price:currency\" content=\"CAD\" \/>\n<meta property=\"og:availability\" content=\"instock\" \/>\n<meta property=\"product:availability\" content=\"instock\" \/>\n<meta property=\"product:retailer_item_id\" content=\"ESTAFS\" \/>\n<meta property=\"product:condition\" content=\"new\" \/>\n<!-- \/ Yoast SEO Premium plugin. -->","yoast_head_json":{"title":"S\u00e9curit\u00e9 \u00e9lectrique | Worksite Safety","description":"Ce programme de formation sur la s\u00e9curit\u00e9 \u00e9lectrique (arcs et chocs \u00e9lectriques) a \u00e9t\u00e9 con\u00e7u pour les travailleurs qui sont expos\u00e9s \u00e0 des risques.","robots":{"index":"noindex","follow":"follow","max-snippet":"max-snippet:-1","max-image-preview":"max-image-preview:large","max-video-preview":"max-video-preview:-1"},"og_locale":"fr_FR","og_type":"article","og_title":"S\u00e9curit\u00e9 \u00e9lectrique","og_description":"Ce programme de formation sur la s\u00e9curit\u00e9 \u00e9lectrique (arcs et chocs \u00e9lectriques) a \u00e9t\u00e9 con\u00e7u pour les travailleurs qui sont expos\u00e9s \u00e0 des risques.","og_url":"https:\/\/test.worksite.ca\/fr\/product\/formation\/en-ligne\/securite-electrique\/","og_site_name":"Worksite Safety","article_publisher":"https:\/\/www.facebook.com\/worksitesafety","article_modified_time":"2025-06-13T18:49:54+00:00","og_image":[{"width":731,"height":376,"url":"https:\/\/cdn.worksitesafety.ca\/app\/20220916134428\/ElectricalSafety_v2.1.png","type":"image\/png"}],"twitter_card":"summary_large_image","twitter_site":"@worksitescc","twitter_misc":{"Price":"&#36;36.95","Availability":"In stock"},"schema":{"@context":"https:\/\/schema.org","@graph":[{"@type":["WebPage","ItemPage"],"@id":"https:\/\/test.worksite.ca\/fr\/product\/formation\/en-ligne\/securite-electrique\/","url":"https:\/\/test.worksite.ca\/fr\/product\/formation\/en-ligne\/securite-electrique\/","name":"S\u00e9curit\u00e9 \u00e9lectrique | Worksite Safety","isPartOf":{"@id":"https:\/\/worksitesafety.ca\/#website"},"primaryImageOfPage":{"@id":"https:\/\/test.worksite.ca\/fr\/product\/formation\/en-ligne\/securite-electrique\/#primaryimage"},"image":{"@id":"https:\/\/test.worksite.ca\/fr\/product\/formation\/en-ligne\/securite-electrique\/#primaryimage"},"thumbnailUrl":"https:\/\/cdn.worksitesafety.ca\/app\/20220916134428\/ElectricalSafety_v2.1.png","datePublished":"2021-07-16T02:15:37+00:00","dateModified":"2025-06-13T18:49:54+00:00","description":"Ce programme de formation sur la s\u00e9curit\u00e9 \u00e9lectrique (arcs et chocs \u00e9lectriques) a \u00e9t\u00e9 con\u00e7u pour les travailleurs qui sont expos\u00e9s \u00e0 des risques.","breadcrumb":{"@id":"https:\/\/test.worksite.ca\/fr\/product\/formation\/en-ligne\/securite-electrique\/#breadcrumb"},"inLanguage":"fr-FR","potentialAction":[{"@type":"ReadAction","target":["https:\/\/test.worksite.ca\/fr\/product\/formation\/en-ligne\/securite-electrique\/"]}]},{"@type":"ImageObject","inLanguage":"fr-FR","@id":"https:\/\/test.worksite.ca\/fr\/product\/formation\/en-ligne\/securite-electrique\/#primaryimage","url":"https:\/\/cdn.worksitesafety.ca\/app\/20220916134428\/ElectricalSafety_v2.1.png","contentUrl":"https:\/\/cdn.worksitesafety.ca\/app\/20220916134428\/ElectricalSafety_v2.1.png","width":731,"height":376},{"@type":"BreadcrumbList","@id":"https:\/\/test.worksite.ca\/fr\/product\/formation\/en-ligne\/securite-electrique\/#breadcrumb","itemListElement":[{"@type":"ListItem","position":1,"name":"Home","item":"https:\/\/worksitesafety.ca\/fr\/"},{"@type":"ListItem","position":2,"name":"Boutique","item":"https:\/\/worksitesafety.ca\/fr\/boutique\/"},{"@type":"ListItem","position":3,"name":"Formation","item":"https:\/\/test.worksite.ca\/fr\/category\/formation\/"},{"@type":"ListItem","position":4,"name":"Certifications en ligne","item":"https:\/\/test.worksite.ca\/fr\/category\/formation\/en-ligne\/"},{"@type":"ListItem","position":5,"name":"S\u00e9curit\u00e9 \u00e9lectrique"}]},{"@type":"WebSite","@id":"https:\/\/worksitesafety.ca\/#website","url":"https:\/\/worksitesafety.ca\/","name":"Worksite Safety","description":"Canadian Safety Training","potentialAction":[{"@type":"SearchAction","target":{"@type":"EntryPoint","urlTemplate":"https:\/\/worksitesafety.ca\/?s={search_term_string}"},"query-input":{"@type":"PropertyValueSpecification","valueRequired":true,"valueName":"search_term_string"}}],"inLanguage":"fr-FR"}]},"product_price_amount":"36.95","product_price_currency":"CAD","og_availability":"instock","product_availability":"instock","product_retailer_item_id":"ESTAFS","product_condition":"new"},"_links":{"self":[{"href":"https:\/\/test.worksite.ca\/fr\/wp-json\/wp\/v2\/product\/1009020","targetHints":{"allow":["GET"]}}],"collection":[{"href":"https:\/\/test.worksite.ca\/fr\/wp-json\/wp\/v2\/product"}],"about":[{"href":"https:\/\/test.worksite.ca\/fr\/wp-json\/wp\/v2\/types\/product"}],"replies":[{"embeddable":true,"href":"https:\/\/test.worksite.ca\/fr\/wp-json\/wp\/v2\/comments?post=1009020"}],"version-history":[{"count":12,"href":"https:\/\/test.worksite.ca\/fr\/wp-json\/wp\/v2\/product\/1009020\/revisions"}],"predecessor-version":[{"id":1055237,"href":"https:\/\/test.worksite.ca\/fr\/wp-json\/wp\/v2\/product\/1009020\/revisions\/1055237"}],"wp:featuredmedia":[{"embeddable":true,"href":"https:\/\/test.worksite.ca\/fr\/wp-json\/wp\/v2\/media\/881400"}],"wp:attachment":[{"href":"https:\/\/test.worksite.ca\/fr\/wp-json\/wp\/v2\/media?parent=1009020"}],"wp:term":[{"taxonomy":"product_brand","embeddable":true,"href":"https:\/\/test.worksite.ca\/fr\/wp-json\/wp\/v2\/product_brand?post=1009020"},{"taxonomy":"product_cat","embeddable":true,"href":"https:\/\/test.worksite.ca\/fr\/wp-json\/wp\/v2\/product_cat?post=1009020"},{"taxonomy":"product_tag","embeddable":true,"href":"https:\/\/test.worksite.ca\/fr\/wp-json\/wp\/v2\/product_tag?post=1009020"}],"curies":[{"name":"wp","href":"https:\/\/api.w.org\/{rel}","templated":true}]}}