{"id":1010609,"date":"2023-04-17T14:26:25","date_gmt":"2023-04-17T18:26:25","guid":{"rendered":"https:\/\/worksitesafety.ca\/product\/uncategorized\/3m-dbi-sala-nano-lok-extended-length-self-retracting-lifeline-web-quick-connect-20-ft-6-m\/"},"modified":"2024-02-22T15:03:49","modified_gmt":"2024-02-22T20:03:49","slug":"3m-dbi-sala-nano-lok-extended-length-self-retracting-lifeline-web-quick-connect-20-ft-6-m","status":"publish","type":"product","link":"https:\/\/test.worksite.ca\/fr\/product\/lignes-de-vie-autoretractables\/3m-dbi-sala-nano-lok-extended-length-self-retracting-lifeline-web-quick-connect-20-ft-6-m\/","title":{"rendered":"Ligne de vie auto-r\u00e9tractable allong\u00e9e 3M\u2122 DBI-SALA\u00ae Nano-Lok\u2122, toile, connexion rapide, 20 pi (6 m)"},"content":{"rendered":"","protected":false},"excerpt":{"rendered":"<p>Ligne de vie auto-r\u00e9tractable de longueur \u00e9tendue. Mousqueton autobloquant sur ligne de vie de 20 pieds (6 m) de longueur. Capacit\u00e9 de poids de 310 lb. Norme CSA Z259.2.2-17.<\/p>\n","protected":false},"featured_media":996158,"comment_status":"closed","ping_status":"closed","template":"","meta":{"_acf_changed":false,"footnotes":""},"product_brand":[],"product_cat":[4131,4132,4165,4193],"product_tag":[4134,4048,4166,4137],"class_list":{"0":"post-1010609","1":"product","2":"type-product","3":"status-publish","4":"has-post-thumbnail","6":"product_cat-equipement","7":"product_cat-protection-contre-les-chutes","8":"product_cat-longes","9":"product_cat-lignes-de-vie-autoretractables","10":"product_tag-3m-fr","11":"product_tag-fall-protection-fr","12":"product_tag-lanyard-fr","13":"product_tag-ppe-fr","14":"product_shipping_class-green-book-fr","16":"first","17":"instock","18":"taxable","19":"shipping-taxable","20":"purchasable","21":"product-type-simple"},"group_of_quantity":0,"min_quantity":0,"max_quantity":"","exclude_order_quantity_value_rules":"no","exclude_category_quantity_rules":"no","combine_variations":"no","acf":[],"yoast_head":"<!-- This site is optimized with the Yoast SEO Premium plugin v23.3 (Yoast SEO v25.8) - https:\/\/yoast.com\/wordpress\/plugins\/seo\/ -->\n<title>Ligne de vie auto-r\u00e9tractable allong\u00e9e 3M\u2122 DBI-SALA\u00ae Nano-Lok\u2122, toile, connexion rapide, 20 pi (6 m) | Worksite Safety<\/title>\n<meta name=\"description\" content=\"Ligne de vie auto-r\u00e9tractable de longueur \u00e9tendue. Mousqueton autobloquant sur ligne de vie de 20 pieds (6 m) de longueur. Capacit\u00e9 de poids de 310 lb. Norme CSA Z259.2.2-17.\" \/>\n<meta name=\"robots\" content=\"noindex, follow, max-snippet:-1, max-image-preview:large, max-video-preview:-1\" \/>\n<meta property=\"og:locale\" content=\"fr_FR\" \/>\n<meta property=\"og:type\" content=\"article\" \/>\n<meta property=\"og:title\" content=\"Ligne de vie auto-r\u00e9tractable allong\u00e9e 3M\u2122 DBI-SALA\u00ae Nano-Lok\u2122, toile, connexion rapide, 20 pi (6 m)\" \/>\n<meta property=\"og:description\" content=\"Ligne de vie auto-r\u00e9tractable de longueur \u00e9tendue. Mousqueton autobloquant sur ligne de vie de 20 pieds (6 m) de longueur. Capacit\u00e9 de poids de 310 lb. Norme CSA Z259.2.2-17.\" \/>\n<meta property=\"og:url\" content=\"https:\/\/test.worksite.ca\/fr\/product\/lignes-de-vie-autoretractables\/3m-dbi-sala-nano-lok-extended-length-self-retracting-lifeline-web-quick-connect-20-ft-6-m\/\" \/>\n<meta property=\"og:site_name\" content=\"Worksite Safety\" \/>\n<meta property=\"article:publisher\" content=\"https:\/\/www.facebook.com\/worksitesafety\" \/>\n<meta property=\"article:modified_time\" content=\"2024-02-22T20:03:49+00:00\" \/>\n<meta property=\"og:image\" content=\"https:\/\/worksitesafety.ca\/app\/uploads\/2023\/04\/3103876.jpg\" \/>\n\t<meta property=\"og:image:width\" content=\"695\" \/>\n\t<meta property=\"og:image:height\" content=\"500\" \/>\n\t<meta property=\"og:image:type\" content=\"image\/jpeg\" \/>\n<meta name=\"twitter:card\" content=\"summary_large_image\" \/>\n<meta name=\"twitter:site\" content=\"@worksitescc\" \/>\n<meta name=\"twitter:label1\" content=\"Price\" \/>\n\t<meta name=\"twitter:data1\" content=\"&#036;663.44\" \/>\n\t<meta name=\"twitter:label2\" content=\"Availability\" \/>\n\t<meta name=\"twitter:data2\" content=\"In stock\" \/>\n<script type=\"application\/ld+json\" class=\"yoast-schema-graph\">{\"@context\":\"https:\/\/schema.org\",\"@graph\":[{\"@type\":[\"WebPage\",\"ItemPage\"],\"@id\":\"https:\/\/test.worksite.ca\/fr\/product\/lignes-de-vie-autoretractables\/3m-dbi-sala-nano-lok-extended-length-self-retracting-lifeline-web-quick-connect-20-ft-6-m\/\",\"url\":\"https:\/\/test.worksite.ca\/fr\/product\/lignes-de-vie-autoretractables\/3m-dbi-sala-nano-lok-extended-length-self-retracting-lifeline-web-quick-connect-20-ft-6-m\/\",\"name\":\"Ligne de vie auto-r\u00e9tractable allong\u00e9e 3M\u2122 DBI-SALA\u00ae Nano-Lok\u2122, toile, connexion rapide, 20 pi (6 m) | Worksite Safety\",\"isPartOf\":{\"@id\":\"https:\/\/worksitesafety.ca\/#website\"},\"primaryImageOfPage\":{\"@id\":\"https:\/\/test.worksite.ca\/fr\/product\/lignes-de-vie-autoretractables\/3m-dbi-sala-nano-lok-extended-length-self-retracting-lifeline-web-quick-connect-20-ft-6-m\/#primaryimage\"},\"image\":{\"@id\":\"https:\/\/test.worksite.ca\/fr\/product\/lignes-de-vie-autoretractables\/3m-dbi-sala-nano-lok-extended-length-self-retracting-lifeline-web-quick-connect-20-ft-6-m\/#primaryimage\"},\"thumbnailUrl\":\"https:\/\/cdn.worksitesafety.ca\/app\/20231129092614\/3103876.jpg\",\"datePublished\":\"2023-04-17T18:26:25+00:00\",\"dateModified\":\"2024-02-22T20:03:49+00:00\",\"description\":\"Ligne de vie auto-r\u00e9tractable de longueur \u00e9tendue. Mousqueton autobloquant sur ligne de vie de 20 pieds (6 m) de longueur. Capacit\u00e9 de poids de 310 lb. Norme CSA Z259.2.2-17.\",\"breadcrumb\":{\"@id\":\"https:\/\/test.worksite.ca\/fr\/product\/lignes-de-vie-autoretractables\/3m-dbi-sala-nano-lok-extended-length-self-retracting-lifeline-web-quick-connect-20-ft-6-m\/#breadcrumb\"},\"inLanguage\":\"fr-FR\",\"potentialAction\":[{\"@type\":\"ReadAction\",\"target\":[\"https:\/\/test.worksite.ca\/fr\/product\/lignes-de-vie-autoretractables\/3m-dbi-sala-nano-lok-extended-length-self-retracting-lifeline-web-quick-connect-20-ft-6-m\/\"]}]},{\"@type\":\"ImageObject\",\"inLanguage\":\"fr-FR\",\"@id\":\"https:\/\/test.worksite.ca\/fr\/product\/lignes-de-vie-autoretractables\/3m-dbi-sala-nano-lok-extended-length-self-retracting-lifeline-web-quick-connect-20-ft-6-m\/#primaryimage\",\"url\":\"https:\/\/cdn.worksitesafety.ca\/app\/20231129092614\/3103876.jpg\",\"contentUrl\":\"https:\/\/cdn.worksitesafety.ca\/app\/20231129092614\/3103876.jpg\",\"width\":695,\"height\":500},{\"@type\":\"BreadcrumbList\",\"@id\":\"https:\/\/test.worksite.ca\/fr\/product\/lignes-de-vie-autoretractables\/3m-dbi-sala-nano-lok-extended-length-self-retracting-lifeline-web-quick-connect-20-ft-6-m\/#breadcrumb\",\"itemListElement\":[{\"@type\":\"ListItem\",\"position\":1,\"name\":\"Home\",\"item\":\"https:\/\/worksitesafety.ca\/fr\/\"},{\"@type\":\"ListItem\",\"position\":2,\"name\":\"Boutique\",\"item\":\"https:\/\/worksitesafety.ca\/fr\/boutique\/\"},{\"@type\":\"ListItem\",\"position\":3,\"name\":\"Lignes de vie autor\u00e9tractables\",\"item\":\"https:\/\/test.worksite.ca\/fr\/category\/lignes-de-vie-autoretractables\/\"},{\"@type\":\"ListItem\",\"position\":4,\"name\":\"Ligne de vie auto-r\u00e9tractable allong\u00e9e 3M\u2122 DBI-SALA\u00ae Nano-Lok\u2122, toile, connexion rapide, 20 pi (6 m)\"}]},{\"@type\":\"WebSite\",\"@id\":\"https:\/\/worksitesafety.ca\/#website\",\"url\":\"https:\/\/worksitesafety.ca\/\",\"name\":\"Worksite Safety\",\"description\":\"Canadian Safety Training\",\"potentialAction\":[{\"@type\":\"SearchAction\",\"target\":{\"@type\":\"EntryPoint\",\"urlTemplate\":\"https:\/\/worksitesafety.ca\/?s={search_term_string}\"},\"query-input\":{\"@type\":\"PropertyValueSpecification\",\"valueRequired\":true,\"valueName\":\"search_term_string\"}}],\"inLanguage\":\"fr-FR\"}]}<\/script>\n<meta property=\"product:price:amount\" content=\"663.44\" \/>\n<meta property=\"product:price:currency\" content=\"CAD\" \/>\n<meta property=\"og:availability\" content=\"instock\" \/>\n<meta property=\"product:availability\" content=\"instock\" \/>\n<meta property=\"product:retailer_item_id\" content=\"3103876\" \/>\n<meta property=\"product:condition\" content=\"new\" \/>\n<!-- \/ Yoast SEO Premium plugin. -->","yoast_head_json":{"title":"Ligne de vie auto-r\u00e9tractable allong\u00e9e 3M\u2122 DBI-SALA\u00ae Nano-Lok\u2122, toile, connexion rapide, 20 pi (6 m) | Worksite Safety","description":"Ligne de vie auto-r\u00e9tractable de longueur \u00e9tendue. Mousqueton autobloquant sur ligne de vie de 20 pieds (6 m) de longueur. Capacit\u00e9 de poids de 310 lb. Norme CSA Z259.2.2-17.","robots":{"index":"noindex","follow":"follow","max-snippet":"max-snippet:-1","max-image-preview":"max-image-preview:large","max-video-preview":"max-video-preview:-1"},"og_locale":"fr_FR","og_type":"article","og_title":"Ligne de vie auto-r\u00e9tractable allong\u00e9e 3M\u2122 DBI-SALA\u00ae Nano-Lok\u2122, toile, connexion rapide, 20 pi (6 m)","og_description":"Ligne de vie auto-r\u00e9tractable de longueur \u00e9tendue. Mousqueton autobloquant sur ligne de vie de 20 pieds (6 m) de longueur. Capacit\u00e9 de poids de 310 lb. Norme CSA Z259.2.2-17.","og_url":"https:\/\/test.worksite.ca\/fr\/product\/lignes-de-vie-autoretractables\/3m-dbi-sala-nano-lok-extended-length-self-retracting-lifeline-web-quick-connect-20-ft-6-m\/","og_site_name":"Worksite Safety","article_publisher":"https:\/\/www.facebook.com\/worksitesafety","article_modified_time":"2024-02-22T20:03:49+00:00","og_image":[{"width":695,"height":500,"url":"https:\/\/worksitesafety.ca\/app\/uploads\/2023\/04\/3103876.jpg","type":"image\/jpeg"}],"twitter_card":"summary_large_image","twitter_site":"@worksitescc","twitter_misc":{"Price":"&#36;663.44","Availability":"In stock"},"schema":{"@context":"https:\/\/schema.org","@graph":[{"@type":["WebPage","ItemPage"],"@id":"https:\/\/test.worksite.ca\/fr\/product\/lignes-de-vie-autoretractables\/3m-dbi-sala-nano-lok-extended-length-self-retracting-lifeline-web-quick-connect-20-ft-6-m\/","url":"https:\/\/test.worksite.ca\/fr\/product\/lignes-de-vie-autoretractables\/3m-dbi-sala-nano-lok-extended-length-self-retracting-lifeline-web-quick-connect-20-ft-6-m\/","name":"Ligne de vie auto-r\u00e9tractable allong\u00e9e 3M\u2122 DBI-SALA\u00ae Nano-Lok\u2122, toile, connexion rapide, 20 pi (6 m) | Worksite Safety","isPartOf":{"@id":"https:\/\/worksitesafety.ca\/#website"},"primaryImageOfPage":{"@id":"https:\/\/test.worksite.ca\/fr\/product\/lignes-de-vie-autoretractables\/3m-dbi-sala-nano-lok-extended-length-self-retracting-lifeline-web-quick-connect-20-ft-6-m\/#primaryimage"},"image":{"@id":"https:\/\/test.worksite.ca\/fr\/product\/lignes-de-vie-autoretractables\/3m-dbi-sala-nano-lok-extended-length-self-retracting-lifeline-web-quick-connect-20-ft-6-m\/#primaryimage"},"thumbnailUrl":"https:\/\/cdn.worksitesafety.ca\/app\/20231129092614\/3103876.jpg","datePublished":"2023-04-17T18:26:25+00:00","dateModified":"2024-02-22T20:03:49+00:00","description":"Ligne de vie auto-r\u00e9tractable de longueur \u00e9tendue. Mousqueton autobloquant sur ligne de vie de 20 pieds (6 m) de longueur. Capacit\u00e9 de poids de 310 lb. Norme CSA Z259.2.2-17.","breadcrumb":{"@id":"https:\/\/test.worksite.ca\/fr\/product\/lignes-de-vie-autoretractables\/3m-dbi-sala-nano-lok-extended-length-self-retracting-lifeline-web-quick-connect-20-ft-6-m\/#breadcrumb"},"inLanguage":"fr-FR","potentialAction":[{"@type":"ReadAction","target":["https:\/\/test.worksite.ca\/fr\/product\/lignes-de-vie-autoretractables\/3m-dbi-sala-nano-lok-extended-length-self-retracting-lifeline-web-quick-connect-20-ft-6-m\/"]}]},{"@type":"ImageObject","inLanguage":"fr-FR","@id":"https:\/\/test.worksite.ca\/fr\/product\/lignes-de-vie-autoretractables\/3m-dbi-sala-nano-lok-extended-length-self-retracting-lifeline-web-quick-connect-20-ft-6-m\/#primaryimage","url":"https:\/\/cdn.worksitesafety.ca\/app\/20231129092614\/3103876.jpg","contentUrl":"https:\/\/cdn.worksitesafety.ca\/app\/20231129092614\/3103876.jpg","width":695,"height":500},{"@type":"BreadcrumbList","@id":"https:\/\/test.worksite.ca\/fr\/product\/lignes-de-vie-autoretractables\/3m-dbi-sala-nano-lok-extended-length-self-retracting-lifeline-web-quick-connect-20-ft-6-m\/#breadcrumb","itemListElement":[{"@type":"ListItem","position":1,"name":"Home","item":"https:\/\/worksitesafety.ca\/fr\/"},{"@type":"ListItem","position":2,"name":"Boutique","item":"https:\/\/worksitesafety.ca\/fr\/boutique\/"},{"@type":"ListItem","position":3,"name":"Lignes de vie autor\u00e9tractables","item":"https:\/\/test.worksite.ca\/fr\/category\/lignes-de-vie-autoretractables\/"},{"@type":"ListItem","position":4,"name":"Ligne de vie auto-r\u00e9tractable allong\u00e9e 3M\u2122 DBI-SALA\u00ae Nano-Lok\u2122, toile, connexion rapide, 20 pi (6 m)"}]},{"@type":"WebSite","@id":"https:\/\/worksitesafety.ca\/#website","url":"https:\/\/worksitesafety.ca\/","name":"Worksite Safety","description":"Canadian Safety Training","potentialAction":[{"@type":"SearchAction","target":{"@type":"EntryPoint","urlTemplate":"https:\/\/worksitesafety.ca\/?s={search_term_string}"},"query-input":{"@type":"PropertyValueSpecification","valueRequired":true,"valueName":"search_term_string"}}],"inLanguage":"fr-FR"}]},"product_price_amount":"663.44","product_price_currency":"CAD","og_availability":"instock","product_availability":"instock","product_retailer_item_id":"3103876","product_condition":"new"},"_links":{"self":[{"href":"https:\/\/test.worksite.ca\/fr\/wp-json\/wp\/v2\/product\/1010609","targetHints":{"allow":["GET"]}}],"collection":[{"href":"https:\/\/test.worksite.ca\/fr\/wp-json\/wp\/v2\/product"}],"about":[{"href":"https:\/\/test.worksite.ca\/fr\/wp-json\/wp\/v2\/types\/product"}],"replies":[{"embeddable":true,"href":"https:\/\/test.worksite.ca\/fr\/wp-json\/wp\/v2\/comments?post=1010609"}],"version-history":[{"count":4,"href":"https:\/\/test.worksite.ca\/fr\/wp-json\/wp\/v2\/product\/1010609\/revisions"}],"predecessor-version":[{"id":1023538,"href":"https:\/\/test.worksite.ca\/fr\/wp-json\/wp\/v2\/product\/1010609\/revisions\/1023538"}],"wp:featuredmedia":[{"embeddable":true,"href":"https:\/\/test.worksite.ca\/fr\/wp-json\/wp\/v2\/media\/996158"}],"wp:attachment":[{"href":"https:\/\/test.worksite.ca\/fr\/wp-json\/wp\/v2\/media?parent=1010609"}],"wp:term":[{"taxonomy":"product_brand","embeddable":true,"href":"https:\/\/test.worksite.ca\/fr\/wp-json\/wp\/v2\/product_brand?post=1010609"},{"taxonomy":"product_cat","embeddable":true,"href":"https:\/\/test.worksite.ca\/fr\/wp-json\/wp\/v2\/product_cat?post=1010609"},{"taxonomy":"product_tag","embeddable":true,"href":"https:\/\/test.worksite.ca\/fr\/wp-json\/wp\/v2\/product_tag?post=1010609"}],"curies":[{"name":"wp","href":"https:\/\/api.w.org\/{rel}","templated":true}]}}