{"id":1010760,"date":"2022-03-04T12:38:47","date_gmt":"2022-03-04T17:38:47","guid":{"rendered":"https:\/\/worksitesafety.ca\/product\/uncategorized\/aoda\/"},"modified":"2025-06-13T14:39:19","modified_gmt":"2025-06-13T18:39:19","slug":"lapho","status":"publish","type":"product","link":"https:\/\/test.worksite.ca\/fr\/product\/formation\/en-ligne\/lapho\/","title":{"rendered":"LAPHO"},"content":{"rendered":"","protected":false},"excerpt":{"rendered":"","protected":false},"featured_media":881388,"comment_status":"closed","ping_status":"closed","template":"","meta":{"_acf_changed":false,"footnotes":""},"product_brand":[],"product_cat":[4030,4056,4057],"product_tag":[4311,4312,4467,4313,4466,4314],"class_list":{"0":"post-1010760","1":"product","2":"type-product","3":"status-publish","4":"has-post-thumbnail","6":"product_cat-en-ligne","7":"product_cat-rh","8":"product_cat-bureau-et-administration","9":"product_tag-accessibility-fr","10":"product_tag-aoda-fr","11":"product_tag-bilingual-english-french-fr","12":"product_tag-disability-fr","13":"product_tag-french-fr","14":"product_tag-ontario-fr","16":"first","17":"instock","18":"virtual","19":"taxable","20":"purchasable","21":"product-type-simple"},"group_of_quantity":0,"min_quantity":0,"max_quantity":"","exclude_order_quantity_value_rules":"no","exclude_category_quantity_rules":"no","combine_variations":"no","acf":[],"yoast_head":"<!-- This site is optimized with the Yoast SEO Premium plugin v23.3 (Yoast SEO v25.8) - https:\/\/yoast.com\/wordpress\/plugins\/seo\/ -->\n<title>LAPHO | Certification en ligne<\/title>\n<meta name=\"description\" content=\"Certification couvrant la Loi sur l&#039;accessibilit\u00e9 pour les personnes handicap\u00e9es de l&#039;Ontario (LAPHO) et les Normes d\u2019accessibilit\u00e9s int\u00e9gr\u00e9es (NAI).\" \/>\n<meta name=\"robots\" content=\"noindex, follow, max-snippet:-1, max-image-preview:large, max-video-preview:-1\" \/>\n<meta property=\"og:locale\" content=\"fr_FR\" \/>\n<meta property=\"og:type\" content=\"article\" \/>\n<meta property=\"og:title\" content=\"LAPHO\" \/>\n<meta property=\"og:description\" content=\"Certification couvrant la Loi sur l&#039;accessibilit\u00e9 pour les personnes handicap\u00e9es de l&#039;Ontario (LAPHO) et les Normes d\u2019accessibilit\u00e9s int\u00e9gr\u00e9es (NAI).\" \/>\n<meta property=\"og:url\" content=\"https:\/\/test.worksite.ca\/fr\/product\/formation\/en-ligne\/lapho\/\" \/>\n<meta property=\"og:site_name\" content=\"Worksite Safety\" \/>\n<meta property=\"article:publisher\" content=\"https:\/\/www.facebook.com\/worksitesafety\" \/>\n<meta property=\"article:modified_time\" content=\"2025-06-13T18:39:19+00:00\" \/>\n<meta property=\"og:image\" content=\"https:\/\/cdn.worksitesafety.ca\/app\/20220916134406\/AODA_v2.1.png\" \/>\n\t<meta property=\"og:image:width\" content=\"731\" \/>\n\t<meta property=\"og:image:height\" content=\"376\" \/>\n\t<meta property=\"og:image:type\" content=\"image\/png\" \/>\n<meta name=\"twitter:card\" content=\"summary_large_image\" \/>\n<meta name=\"twitter:site\" content=\"@worksitescc\" \/>\n<meta name=\"twitter:label1\" content=\"Price\" \/>\n\t<meta name=\"twitter:data1\" content=\"&#036;19.95\" \/>\n\t<meta name=\"twitter:label2\" content=\"Availability\" \/>\n\t<meta name=\"twitter:data2\" content=\"In stock\" \/>\n<script type=\"application\/ld+json\" class=\"yoast-schema-graph\">{\"@context\":\"https:\/\/schema.org\",\"@graph\":[{\"@type\":[\"WebPage\",\"ItemPage\"],\"@id\":\"https:\/\/test.worksite.ca\/fr\/product\/formation\/en-ligne\/lapho\/\",\"url\":\"https:\/\/test.worksite.ca\/fr\/product\/formation\/en-ligne\/lapho\/\",\"name\":\"LAPHO | Certification en ligne\",\"isPartOf\":{\"@id\":\"https:\/\/worksitesafety.ca\/#website\"},\"primaryImageOfPage\":{\"@id\":\"https:\/\/test.worksite.ca\/fr\/product\/formation\/en-ligne\/lapho\/#primaryimage\"},\"image\":{\"@id\":\"https:\/\/test.worksite.ca\/fr\/product\/formation\/en-ligne\/lapho\/#primaryimage\"},\"thumbnailUrl\":\"https:\/\/cdn.worksitesafety.ca\/app\/20220916134406\/AODA_v2.1.png\",\"datePublished\":\"2022-03-04T17:38:47+00:00\",\"dateModified\":\"2025-06-13T18:39:19+00:00\",\"description\":\"Certification couvrant la Loi sur l'accessibilit\u00e9 pour les personnes handicap\u00e9es de l'Ontario (LAPHO) et les Normes d\u2019accessibilit\u00e9s int\u00e9gr\u00e9es (NAI).\",\"breadcrumb\":{\"@id\":\"https:\/\/test.worksite.ca\/fr\/product\/formation\/en-ligne\/lapho\/#breadcrumb\"},\"inLanguage\":\"fr-FR\",\"potentialAction\":[{\"@type\":\"ReadAction\",\"target\":[\"https:\/\/test.worksite.ca\/fr\/product\/formation\/en-ligne\/lapho\/\"]}]},{\"@type\":\"ImageObject\",\"inLanguage\":\"fr-FR\",\"@id\":\"https:\/\/test.worksite.ca\/fr\/product\/formation\/en-ligne\/lapho\/#primaryimage\",\"url\":\"https:\/\/cdn.worksitesafety.ca\/app\/20220916134406\/AODA_v2.1.png\",\"contentUrl\":\"https:\/\/cdn.worksitesafety.ca\/app\/20220916134406\/AODA_v2.1.png\",\"width\":731,\"height\":376},{\"@type\":\"BreadcrumbList\",\"@id\":\"https:\/\/test.worksite.ca\/fr\/product\/formation\/en-ligne\/lapho\/#breadcrumb\",\"itemListElement\":[{\"@type\":\"ListItem\",\"position\":1,\"name\":\"Home\",\"item\":\"https:\/\/worksitesafety.ca\/fr\/\"},{\"@type\":\"ListItem\",\"position\":2,\"name\":\"Boutique\",\"item\":\"https:\/\/worksitesafety.ca\/fr\/boutique\/\"},{\"@type\":\"ListItem\",\"position\":3,\"name\":\"Formation\",\"item\":\"https:\/\/test.worksite.ca\/fr\/category\/formation\/\"},{\"@type\":\"ListItem\",\"position\":4,\"name\":\"Certifications en ligne\",\"item\":\"https:\/\/test.worksite.ca\/fr\/category\/formation\/en-ligne\/\"},{\"@type\":\"ListItem\",\"position\":5,\"name\":\"LAPHO\"}]},{\"@type\":\"WebSite\",\"@id\":\"https:\/\/worksitesafety.ca\/#website\",\"url\":\"https:\/\/worksitesafety.ca\/\",\"name\":\"Worksite Safety\",\"description\":\"Canadian Safety Training\",\"potentialAction\":[{\"@type\":\"SearchAction\",\"target\":{\"@type\":\"EntryPoint\",\"urlTemplate\":\"https:\/\/worksitesafety.ca\/?s={search_term_string}\"},\"query-input\":{\"@type\":\"PropertyValueSpecification\",\"valueRequired\":true,\"valueName\":\"search_term_string\"}}],\"inLanguage\":\"fr-FR\"}]}<\/script>\n<meta property=\"product:price:amount\" content=\"19.95\" \/>\n<meta property=\"product:price:currency\" content=\"CAD\" \/>\n<meta property=\"og:availability\" content=\"instock\" \/>\n<meta property=\"product:availability\" content=\"instock\" \/>\n<meta property=\"product:retailer_item_id\" content=\"AODA\" \/>\n<meta property=\"product:condition\" content=\"new\" \/>\n<!-- \/ Yoast SEO Premium plugin. -->","yoast_head_json":{"title":"LAPHO | Certification en ligne","description":"Certification couvrant la Loi sur l'accessibilit\u00e9 pour les personnes handicap\u00e9es de l'Ontario (LAPHO) et les Normes d\u2019accessibilit\u00e9s int\u00e9gr\u00e9es (NAI).","robots":{"index":"noindex","follow":"follow","max-snippet":"max-snippet:-1","max-image-preview":"max-image-preview:large","max-video-preview":"max-video-preview:-1"},"og_locale":"fr_FR","og_type":"article","og_title":"LAPHO","og_description":"Certification couvrant la Loi sur l'accessibilit\u00e9 pour les personnes handicap\u00e9es de l'Ontario (LAPHO) et les Normes d\u2019accessibilit\u00e9s int\u00e9gr\u00e9es (NAI).","og_url":"https:\/\/test.worksite.ca\/fr\/product\/formation\/en-ligne\/lapho\/","og_site_name":"Worksite Safety","article_publisher":"https:\/\/www.facebook.com\/worksitesafety","article_modified_time":"2025-06-13T18:39:19+00:00","og_image":[{"width":731,"height":376,"url":"https:\/\/cdn.worksitesafety.ca\/app\/20220916134406\/AODA_v2.1.png","type":"image\/png"}],"twitter_card":"summary_large_image","twitter_site":"@worksitescc","twitter_misc":{"Price":"&#36;19.95","Availability":"In stock"},"schema":{"@context":"https:\/\/schema.org","@graph":[{"@type":["WebPage","ItemPage"],"@id":"https:\/\/test.worksite.ca\/fr\/product\/formation\/en-ligne\/lapho\/","url":"https:\/\/test.worksite.ca\/fr\/product\/formation\/en-ligne\/lapho\/","name":"LAPHO | Certification en ligne","isPartOf":{"@id":"https:\/\/worksitesafety.ca\/#website"},"primaryImageOfPage":{"@id":"https:\/\/test.worksite.ca\/fr\/product\/formation\/en-ligne\/lapho\/#primaryimage"},"image":{"@id":"https:\/\/test.worksite.ca\/fr\/product\/formation\/en-ligne\/lapho\/#primaryimage"},"thumbnailUrl":"https:\/\/cdn.worksitesafety.ca\/app\/20220916134406\/AODA_v2.1.png","datePublished":"2022-03-04T17:38:47+00:00","dateModified":"2025-06-13T18:39:19+00:00","description":"Certification couvrant la Loi sur l'accessibilit\u00e9 pour les personnes handicap\u00e9es de l'Ontario (LAPHO) et les Normes d\u2019accessibilit\u00e9s int\u00e9gr\u00e9es (NAI).","breadcrumb":{"@id":"https:\/\/test.worksite.ca\/fr\/product\/formation\/en-ligne\/lapho\/#breadcrumb"},"inLanguage":"fr-FR","potentialAction":[{"@type":"ReadAction","target":["https:\/\/test.worksite.ca\/fr\/product\/formation\/en-ligne\/lapho\/"]}]},{"@type":"ImageObject","inLanguage":"fr-FR","@id":"https:\/\/test.worksite.ca\/fr\/product\/formation\/en-ligne\/lapho\/#primaryimage","url":"https:\/\/cdn.worksitesafety.ca\/app\/20220916134406\/AODA_v2.1.png","contentUrl":"https:\/\/cdn.worksitesafety.ca\/app\/20220916134406\/AODA_v2.1.png","width":731,"height":376},{"@type":"BreadcrumbList","@id":"https:\/\/test.worksite.ca\/fr\/product\/formation\/en-ligne\/lapho\/#breadcrumb","itemListElement":[{"@type":"ListItem","position":1,"name":"Home","item":"https:\/\/worksitesafety.ca\/fr\/"},{"@type":"ListItem","position":2,"name":"Boutique","item":"https:\/\/worksitesafety.ca\/fr\/boutique\/"},{"@type":"ListItem","position":3,"name":"Formation","item":"https:\/\/test.worksite.ca\/fr\/category\/formation\/"},{"@type":"ListItem","position":4,"name":"Certifications en ligne","item":"https:\/\/test.worksite.ca\/fr\/category\/formation\/en-ligne\/"},{"@type":"ListItem","position":5,"name":"LAPHO"}]},{"@type":"WebSite","@id":"https:\/\/worksitesafety.ca\/#website","url":"https:\/\/worksitesafety.ca\/","name":"Worksite Safety","description":"Canadian Safety Training","potentialAction":[{"@type":"SearchAction","target":{"@type":"EntryPoint","urlTemplate":"https:\/\/worksitesafety.ca\/?s={search_term_string}"},"query-input":{"@type":"PropertyValueSpecification","valueRequired":true,"valueName":"search_term_string"}}],"inLanguage":"fr-FR"}]},"product_price_amount":"19.95","product_price_currency":"CAD","og_availability":"instock","product_availability":"instock","product_retailer_item_id":"AODA","product_condition":"new"},"_links":{"self":[{"href":"https:\/\/test.worksite.ca\/fr\/wp-json\/wp\/v2\/product\/1010760","targetHints":{"allow":["GET"]}}],"collection":[{"href":"https:\/\/test.worksite.ca\/fr\/wp-json\/wp\/v2\/product"}],"about":[{"href":"https:\/\/test.worksite.ca\/fr\/wp-json\/wp\/v2\/types\/product"}],"replies":[{"embeddable":true,"href":"https:\/\/test.worksite.ca\/fr\/wp-json\/wp\/v2\/comments?post=1010760"}],"version-history":[{"count":11,"href":"https:\/\/test.worksite.ca\/fr\/wp-json\/wp\/v2\/product\/1010760\/revisions"}],"predecessor-version":[{"id":1096370,"href":"https:\/\/test.worksite.ca\/fr\/wp-json\/wp\/v2\/product\/1010760\/revisions\/1096370"}],"wp:featuredmedia":[{"embeddable":true,"href":"https:\/\/test.worksite.ca\/fr\/wp-json\/wp\/v2\/media\/881388"}],"wp:attachment":[{"href":"https:\/\/test.worksite.ca\/fr\/wp-json\/wp\/v2\/media?parent=1010760"}],"wp:term":[{"taxonomy":"product_brand","embeddable":true,"href":"https:\/\/test.worksite.ca\/fr\/wp-json\/wp\/v2\/product_brand?post=1010760"},{"taxonomy":"product_cat","embeddable":true,"href":"https:\/\/test.worksite.ca\/fr\/wp-json\/wp\/v2\/product_cat?post=1010760"},{"taxonomy":"product_tag","embeddable":true,"href":"https:\/\/test.worksite.ca\/fr\/wp-json\/wp\/v2\/product_tag?post=1010760"}],"curies":[{"name":"wp","href":"https:\/\/api.w.org\/{rel}","templated":true}]}}