{"id":1014029,"date":"2015-09-01T13:09:42","date_gmt":"2015-09-01T17:09:42","guid":{"rendered":"https:\/\/worksitesafety.ca\/product\/uncategorized\/bear-awareness\/"},"modified":"2024-05-22T15:56:03","modified_gmt":"2024-05-22T19:56:03","slug":"certification-de-sensibilisation-aux-ours","status":"publish","type":"product","link":"https:\/\/test.worksite.ca\/fr\/product\/formation\/en-ligne\/certification-de-sensibilisation-aux-ours\/","title":{"rendered":"Certification de sensibilisation aux ours"},"content":{"rendered":"","protected":false},"excerpt":{"rendered":"<p>Ce cours en ligne de sensibilisation aux ours vous guidera \u00e0 travers ce que vous devez savoir lorsque vous \u00eates au pays des ours, depuis les bases de s\u00e9curit\u00e9 jusqu&#8217;\u00e0 l&#8217;utilisation de l&#8217;\u00e9quipement de d\u00e9fense.<\/p>\n","protected":false},"featured_media":881390,"comment_status":"closed","ping_status":"closed","template":"","meta":{"_acf_changed":false,"footnotes":""},"product_brand":[],"product_cat":[4030,4037,4031,4040],"product_tag":[4319,4320,4321,4322],"class_list":{"0":"post-1014029","1":"product","2":"type-product","3":"status-publish","4":"has-post-thumbnail","6":"product_cat-en-ligne","7":"product_cat-agriculture-et-forets","8":"product_cat-risques-environnementaux","9":"product_cat-mines-petrole-et-gaz","10":"product_tag-bear-fr","11":"product_tag-bear-awareness-fr","12":"product_tag-bear-safety-fr","13":"product_tag-wilderness-safety-fr","15":"first","16":"instock","17":"virtual","18":"taxable","19":"purchasable","20":"product-type-simple"},"group_of_quantity":0,"min_quantity":0,"max_quantity":"","exclude_order_quantity_value_rules":"no","exclude_category_quantity_rules":"no","combine_variations":"no","acf":[],"yoast_head":"<!-- This site is optimized with the Yoast SEO Premium plugin v23.3 (Yoast SEO v25.8) - https:\/\/yoast.com\/wordpress\/plugins\/seo\/ -->\n<title>Certification de sensibilisation aux ours | Worksite Safety<\/title>\n<meta name=\"description\" content=\"Ce cours de sensibilisation aux ours vous guidera \u00e0 travers les bases de la s\u00e9curit\u00e9 jusqu&#039;\u00e0 l&#039;utilisation de l&#039;\u00e9quipement de d\u00e9fense.\" \/>\n<meta name=\"robots\" content=\"noindex, follow, max-snippet:-1, max-image-preview:large, max-video-preview:-1\" \/>\n<meta property=\"og:locale\" content=\"fr_FR\" \/>\n<meta property=\"og:type\" content=\"article\" \/>\n<meta property=\"og:title\" content=\"Certification de sensibilisation aux ours\" \/>\n<meta property=\"og:description\" content=\"Ce cours de sensibilisation aux ours vous guidera \u00e0 travers les bases de la s\u00e9curit\u00e9 jusqu&#039;\u00e0 l&#039;utilisation de l&#039;\u00e9quipement de d\u00e9fense.\" \/>\n<meta property=\"og:url\" content=\"https:\/\/test.worksite.ca\/fr\/product\/formation\/en-ligne\/certification-de-sensibilisation-aux-ours\/\" \/>\n<meta property=\"og:site_name\" content=\"Worksite Safety\" \/>\n<meta property=\"article:publisher\" content=\"https:\/\/www.facebook.com\/worksitesafety\" \/>\n<meta property=\"article:modified_time\" content=\"2024-05-22T19:56:03+00:00\" \/>\n<meta property=\"og:image\" content=\"https:\/\/cdn.worksitesafety.ca\/app\/20220916134409\/BearAwareness_v2.1.png\" \/>\n\t<meta property=\"og:image:width\" content=\"731\" \/>\n\t<meta property=\"og:image:height\" content=\"376\" \/>\n\t<meta property=\"og:image:type\" content=\"image\/png\" \/>\n<meta name=\"twitter:card\" content=\"summary_large_image\" \/>\n<meta name=\"twitter:site\" content=\"@worksitescc\" \/>\n<meta name=\"twitter:label1\" content=\"Price\" \/>\n\t<meta name=\"twitter:data1\" content=\"&#036;34.95\" \/>\n\t<meta name=\"twitter:label2\" content=\"Availability\" \/>\n\t<meta name=\"twitter:data2\" content=\"In stock\" \/>\n<script type=\"application\/ld+json\" class=\"yoast-schema-graph\">{\"@context\":\"https:\/\/schema.org\",\"@graph\":[{\"@type\":[\"WebPage\",\"ItemPage\"],\"@id\":\"https:\/\/test.worksite.ca\/fr\/product\/formation\/en-ligne\/certification-de-sensibilisation-aux-ours\/\",\"url\":\"https:\/\/test.worksite.ca\/fr\/product\/formation\/en-ligne\/certification-de-sensibilisation-aux-ours\/\",\"name\":\"Certification de sensibilisation aux ours | Worksite Safety\",\"isPartOf\":{\"@id\":\"https:\/\/worksitesafety.ca\/#website\"},\"primaryImageOfPage\":{\"@id\":\"https:\/\/test.worksite.ca\/fr\/product\/formation\/en-ligne\/certification-de-sensibilisation-aux-ours\/#primaryimage\"},\"image\":{\"@id\":\"https:\/\/test.worksite.ca\/fr\/product\/formation\/en-ligne\/certification-de-sensibilisation-aux-ours\/#primaryimage\"},\"thumbnailUrl\":\"https:\/\/cdn.worksitesafety.ca\/app\/20220916134409\/BearAwareness_v2.1.png\",\"datePublished\":\"2015-09-01T17:09:42+00:00\",\"dateModified\":\"2024-05-22T19:56:03+00:00\",\"description\":\"Ce cours de sensibilisation aux ours vous guidera \u00e0 travers les bases de la s\u00e9curit\u00e9 jusqu'\u00e0 l'utilisation de l'\u00e9quipement de d\u00e9fense.\",\"breadcrumb\":{\"@id\":\"https:\/\/test.worksite.ca\/fr\/product\/formation\/en-ligne\/certification-de-sensibilisation-aux-ours\/#breadcrumb\"},\"inLanguage\":\"fr-FR\",\"potentialAction\":[{\"@type\":\"ReadAction\",\"target\":[\"https:\/\/test.worksite.ca\/fr\/product\/formation\/en-ligne\/certification-de-sensibilisation-aux-ours\/\"]}]},{\"@type\":\"ImageObject\",\"inLanguage\":\"fr-FR\",\"@id\":\"https:\/\/test.worksite.ca\/fr\/product\/formation\/en-ligne\/certification-de-sensibilisation-aux-ours\/#primaryimage\",\"url\":\"https:\/\/cdn.worksitesafety.ca\/app\/20220916134409\/BearAwareness_v2.1.png\",\"contentUrl\":\"https:\/\/cdn.worksitesafety.ca\/app\/20220916134409\/BearAwareness_v2.1.png\",\"width\":731,\"height\":376},{\"@type\":\"BreadcrumbList\",\"@id\":\"https:\/\/test.worksite.ca\/fr\/product\/formation\/en-ligne\/certification-de-sensibilisation-aux-ours\/#breadcrumb\",\"itemListElement\":[{\"@type\":\"ListItem\",\"position\":1,\"name\":\"Home\",\"item\":\"https:\/\/worksitesafety.ca\/fr\/\"},{\"@type\":\"ListItem\",\"position\":2,\"name\":\"Boutique\",\"item\":\"https:\/\/worksitesafety.ca\/fr\/boutique\/\"},{\"@type\":\"ListItem\",\"position\":3,\"name\":\"Formation\",\"item\":\"https:\/\/test.worksite.ca\/fr\/category\/formation\/\"},{\"@type\":\"ListItem\",\"position\":4,\"name\":\"Certifications en ligne\",\"item\":\"https:\/\/test.worksite.ca\/fr\/category\/formation\/en-ligne\/\"},{\"@type\":\"ListItem\",\"position\":5,\"name\":\"Certification de sensibilisation aux ours\"}]},{\"@type\":\"WebSite\",\"@id\":\"https:\/\/worksitesafety.ca\/#website\",\"url\":\"https:\/\/worksitesafety.ca\/\",\"name\":\"Worksite Safety\",\"description\":\"Canadian Safety Training\",\"potentialAction\":[{\"@type\":\"SearchAction\",\"target\":{\"@type\":\"EntryPoint\",\"urlTemplate\":\"https:\/\/worksitesafety.ca\/?s={search_term_string}\"},\"query-input\":{\"@type\":\"PropertyValueSpecification\",\"valueRequired\":true,\"valueName\":\"search_term_string\"}}],\"inLanguage\":\"fr-FR\"}]}<\/script>\n<meta property=\"product:price:amount\" content=\"34.95\" \/>\n<meta property=\"product:price:currency\" content=\"CAD\" \/>\n<meta property=\"og:availability\" content=\"instock\" \/>\n<meta property=\"product:availability\" content=\"instock\" \/>\n<meta property=\"product:retailer_item_id\" content=\"103\" \/>\n<meta property=\"product:condition\" content=\"new\" \/>\n<!-- \/ Yoast SEO Premium plugin. -->","yoast_head_json":{"title":"Certification de sensibilisation aux ours | Worksite Safety","description":"Ce cours de sensibilisation aux ours vous guidera \u00e0 travers les bases de la s\u00e9curit\u00e9 jusqu'\u00e0 l'utilisation de l'\u00e9quipement de d\u00e9fense.","robots":{"index":"noindex","follow":"follow","max-snippet":"max-snippet:-1","max-image-preview":"max-image-preview:large","max-video-preview":"max-video-preview:-1"},"og_locale":"fr_FR","og_type":"article","og_title":"Certification de sensibilisation aux ours","og_description":"Ce cours de sensibilisation aux ours vous guidera \u00e0 travers les bases de la s\u00e9curit\u00e9 jusqu'\u00e0 l'utilisation de l'\u00e9quipement de d\u00e9fense.","og_url":"https:\/\/test.worksite.ca\/fr\/product\/formation\/en-ligne\/certification-de-sensibilisation-aux-ours\/","og_site_name":"Worksite Safety","article_publisher":"https:\/\/www.facebook.com\/worksitesafety","article_modified_time":"2024-05-22T19:56:03+00:00","og_image":[{"width":731,"height":376,"url":"https:\/\/cdn.worksitesafety.ca\/app\/20220916134409\/BearAwareness_v2.1.png","type":"image\/png"}],"twitter_card":"summary_large_image","twitter_site":"@worksitescc","twitter_misc":{"Price":"&#36;34.95","Availability":"In stock"},"schema":{"@context":"https:\/\/schema.org","@graph":[{"@type":["WebPage","ItemPage"],"@id":"https:\/\/test.worksite.ca\/fr\/product\/formation\/en-ligne\/certification-de-sensibilisation-aux-ours\/","url":"https:\/\/test.worksite.ca\/fr\/product\/formation\/en-ligne\/certification-de-sensibilisation-aux-ours\/","name":"Certification de sensibilisation aux ours | Worksite Safety","isPartOf":{"@id":"https:\/\/worksitesafety.ca\/#website"},"primaryImageOfPage":{"@id":"https:\/\/test.worksite.ca\/fr\/product\/formation\/en-ligne\/certification-de-sensibilisation-aux-ours\/#primaryimage"},"image":{"@id":"https:\/\/test.worksite.ca\/fr\/product\/formation\/en-ligne\/certification-de-sensibilisation-aux-ours\/#primaryimage"},"thumbnailUrl":"https:\/\/cdn.worksitesafety.ca\/app\/20220916134409\/BearAwareness_v2.1.png","datePublished":"2015-09-01T17:09:42+00:00","dateModified":"2024-05-22T19:56:03+00:00","description":"Ce cours de sensibilisation aux ours vous guidera \u00e0 travers les bases de la s\u00e9curit\u00e9 jusqu'\u00e0 l'utilisation de l'\u00e9quipement de d\u00e9fense.","breadcrumb":{"@id":"https:\/\/test.worksite.ca\/fr\/product\/formation\/en-ligne\/certification-de-sensibilisation-aux-ours\/#breadcrumb"},"inLanguage":"fr-FR","potentialAction":[{"@type":"ReadAction","target":["https:\/\/test.worksite.ca\/fr\/product\/formation\/en-ligne\/certification-de-sensibilisation-aux-ours\/"]}]},{"@type":"ImageObject","inLanguage":"fr-FR","@id":"https:\/\/test.worksite.ca\/fr\/product\/formation\/en-ligne\/certification-de-sensibilisation-aux-ours\/#primaryimage","url":"https:\/\/cdn.worksitesafety.ca\/app\/20220916134409\/BearAwareness_v2.1.png","contentUrl":"https:\/\/cdn.worksitesafety.ca\/app\/20220916134409\/BearAwareness_v2.1.png","width":731,"height":376},{"@type":"BreadcrumbList","@id":"https:\/\/test.worksite.ca\/fr\/product\/formation\/en-ligne\/certification-de-sensibilisation-aux-ours\/#breadcrumb","itemListElement":[{"@type":"ListItem","position":1,"name":"Home","item":"https:\/\/worksitesafety.ca\/fr\/"},{"@type":"ListItem","position":2,"name":"Boutique","item":"https:\/\/worksitesafety.ca\/fr\/boutique\/"},{"@type":"ListItem","position":3,"name":"Formation","item":"https:\/\/test.worksite.ca\/fr\/category\/formation\/"},{"@type":"ListItem","position":4,"name":"Certifications en ligne","item":"https:\/\/test.worksite.ca\/fr\/category\/formation\/en-ligne\/"},{"@type":"ListItem","position":5,"name":"Certification de sensibilisation aux ours"}]},{"@type":"WebSite","@id":"https:\/\/worksitesafety.ca\/#website","url":"https:\/\/worksitesafety.ca\/","name":"Worksite Safety","description":"Canadian Safety Training","potentialAction":[{"@type":"SearchAction","target":{"@type":"EntryPoint","urlTemplate":"https:\/\/worksitesafety.ca\/?s={search_term_string}"},"query-input":{"@type":"PropertyValueSpecification","valueRequired":true,"valueName":"search_term_string"}}],"inLanguage":"fr-FR"}]},"product_price_amount":"34.95","product_price_currency":"CAD","og_availability":"instock","product_availability":"instock","product_retailer_item_id":"103","product_condition":"new"},"_links":{"self":[{"href":"https:\/\/test.worksite.ca\/fr\/wp-json\/wp\/v2\/product\/1014029","targetHints":{"allow":["GET"]}}],"collection":[{"href":"https:\/\/test.worksite.ca\/fr\/wp-json\/wp\/v2\/product"}],"about":[{"href":"https:\/\/test.worksite.ca\/fr\/wp-json\/wp\/v2\/types\/product"}],"replies":[{"embeddable":true,"href":"https:\/\/test.worksite.ca\/fr\/wp-json\/wp\/v2\/comments?post=1014029"}],"version-history":[{"count":6,"href":"https:\/\/test.worksite.ca\/fr\/wp-json\/wp\/v2\/product\/1014029\/revisions"}],"predecessor-version":[{"id":1055258,"href":"https:\/\/test.worksite.ca\/fr\/wp-json\/wp\/v2\/product\/1014029\/revisions\/1055258"}],"wp:featuredmedia":[{"embeddable":true,"href":"https:\/\/test.worksite.ca\/fr\/wp-json\/wp\/v2\/media\/881390"}],"wp:attachment":[{"href":"https:\/\/test.worksite.ca\/fr\/wp-json\/wp\/v2\/media?parent=1014029"}],"wp:term":[{"taxonomy":"product_brand","embeddable":true,"href":"https:\/\/test.worksite.ca\/fr\/wp-json\/wp\/v2\/product_brand?post=1014029"},{"taxonomy":"product_cat","embeddable":true,"href":"https:\/\/test.worksite.ca\/fr\/wp-json\/wp\/v2\/product_cat?post=1014029"},{"taxonomy":"product_tag","embeddable":true,"href":"https:\/\/test.worksite.ca\/fr\/wp-json\/wp\/v2\/product_tag?post=1014029"}],"curies":[{"name":"wp","href":"https:\/\/api.w.org\/{rel}","templated":true}]}}