{"id":1039099,"date":"2023-11-20T16:39:39","date_gmt":"2023-11-20T21:39:39","guid":{"rendered":"https:\/\/worksitesafety.ca\/product\/uncategorized\/royer-metal-free-abrasion-resistant-8-work-boots\/"},"modified":"2024-12-02T18:13:21","modified_gmt":"2024-12-02T23:13:21","slug":"royer-metal-free-abrasion-resistant-8-work-boots","status":"publish","type":"product","link":"https:\/\/test.worksite.ca\/fr\/product\/equipement\/foot-protection-fr\/royer-metal-free-abrasion-resistant-8-work-boots\/","title":{"rendered":"Bottes de travail Royer \u00e0 embout en acier r\u00e9sistantes \u00e0 l&#8217;abrasion de 8 po"},"content":{"rendered":"","protected":false},"excerpt":{"rendered":"<p>Bottes de travail \u00e0 bout en acier fabriqu\u00e9es avec du cuir r\u00e9sistant \u00e0 l&#8217;abrasion et une semelle int\u00e9rieure non m\u00e9tallique qui prot\u00e8ge contre les dangers \u00e9lectriques. Tailles 5-15.<\/p>\n","protected":false},"featured_media":993681,"comment_status":"open","ping_status":"closed","template":"","meta":{"_acf_changed":false,"footnotes":""},"product_brand":[],"product_cat":[4131,4337],"product_tag":[4338,4339,4270,4137],"class_list":{"0":"post-1039099","1":"product","2":"type-product","3":"status-publish","4":"has-post-thumbnail","6":"product_cat-equipement","7":"product_cat-foot-protection-fr","8":"product_tag-boots-fr","9":"product_tag-footwear-fr","10":"product_tag-personal-protective-equipment-fr","11":"product_tag-ppe-fr","12":"product_shipping_class-green-book-fr","14":"first","15":"instock","16":"taxable","17":"shipping-taxable","18":"purchasable","19":"product-type-variable"},"group_of_quantity":0,"min_quantity":0,"max_quantity":"","exclude_order_quantity_value_rules":"no","exclude_category_quantity_rules":"no","combine_variations":"no","acf":[],"yoast_head":"<!-- This site is optimized with the Yoast SEO Premium plugin v23.3 (Yoast SEO v25.8) - https:\/\/yoast.com\/wordpress\/plugins\/seo\/ -->\n<title>Bottes de travail Royer \u00e0 embout en acier r\u00e9sistantes \u00e0 l&#039;abrasion de 8 po | Worksite Safety<\/title>\n<meta name=\"description\" content=\"Bottes de travail \u00e0 bout en acier fabriqu\u00e9es avec du cuir r\u00e9sistant \u00e0 l&#039;abrasion et une semelle int\u00e9rieure non m\u00e9tallique qui prot\u00e8ge contre les dangers \u00e9lectriques. Tailles 5-15.\" \/>\n<meta name=\"robots\" content=\"noindex, follow, max-snippet:-1, max-image-preview:large, max-video-preview:-1\" \/>\n<meta property=\"og:locale\" content=\"fr_FR\" \/>\n<meta property=\"og:type\" content=\"article\" \/>\n<meta property=\"og:title\" content=\"Bottes de travail Royer \u00e0 embout en acier r\u00e9sistantes \u00e0 l&#039;abrasion de 8 po\" \/>\n<meta property=\"og:description\" content=\"Bottes de travail \u00e0 bout en acier fabriqu\u00e9es avec du cuir r\u00e9sistant \u00e0 l&#039;abrasion et une semelle int\u00e9rieure non m\u00e9tallique qui prot\u00e8ge contre les dangers \u00e9lectriques. Tailles 5-15.\" \/>\n<meta property=\"og:url\" content=\"https:\/\/test.worksite.ca\/fr\/product\/equipement\/foot-protection-fr\/royer-metal-free-abrasion-resistant-8-work-boots\/\" \/>\n<meta property=\"og:site_name\" content=\"Worksite Safety\" \/>\n<meta property=\"article:publisher\" content=\"https:\/\/www.facebook.com\/worksitesafety\" \/>\n<meta property=\"article:modified_time\" content=\"2024-12-02T23:13:21+00:00\" \/>\n<meta property=\"og:image\" content=\"https:\/\/cdn.worksitesafety.ca\/app\/20231121160739\/8500FLX.jpg\" \/>\n\t<meta property=\"og:image:width\" content=\"695\" \/>\n\t<meta property=\"og:image:height\" content=\"500\" \/>\n\t<meta property=\"og:image:type\" content=\"image\/jpeg\" \/>\n<meta name=\"twitter:card\" content=\"summary_large_image\" \/>\n<meta name=\"twitter:site\" content=\"@worksitescc\" \/>\n<meta name=\"twitter:label1\" content=\"Availability\" \/>\n\t<meta name=\"twitter:data1\" content=\"In stock\" \/>\n<script type=\"application\/ld+json\" class=\"yoast-schema-graph\">{\"@context\":\"https:\/\/schema.org\",\"@graph\":[{\"@type\":[\"WebPage\",\"ItemPage\"],\"@id\":\"https:\/\/test.worksite.ca\/fr\/product\/equipement\/foot-protection-fr\/royer-metal-free-abrasion-resistant-8-work-boots\/\",\"url\":\"https:\/\/test.worksite.ca\/fr\/product\/equipement\/foot-protection-fr\/royer-metal-free-abrasion-resistant-8-work-boots\/\",\"name\":\"Bottes de travail Royer \u00e0 embout en acier r\u00e9sistantes \u00e0 l'abrasion de 8 po | Worksite Safety\",\"isPartOf\":{\"@id\":\"https:\/\/worksitesafety.ca\/#website\"},\"primaryImageOfPage\":{\"@id\":\"https:\/\/test.worksite.ca\/fr\/product\/equipement\/foot-protection-fr\/royer-metal-free-abrasion-resistant-8-work-boots\/#primaryimage\"},\"image\":{\"@id\":\"https:\/\/test.worksite.ca\/fr\/product\/equipement\/foot-protection-fr\/royer-metal-free-abrasion-resistant-8-work-boots\/#primaryimage\"},\"thumbnailUrl\":\"https:\/\/cdn.worksitesafety.ca\/app\/20231121160739\/8500FLX.jpg\",\"datePublished\":\"2023-11-20T21:39:39+00:00\",\"dateModified\":\"2024-12-02T23:13:21+00:00\",\"description\":\"Bottes de travail \u00e0 bout en acier fabriqu\u00e9es avec du cuir r\u00e9sistant \u00e0 l'abrasion et une semelle int\u00e9rieure non m\u00e9tallique qui prot\u00e8ge contre les dangers \u00e9lectriques. Tailles 5-15.\",\"breadcrumb\":{\"@id\":\"https:\/\/test.worksite.ca\/fr\/product\/equipement\/foot-protection-fr\/royer-metal-free-abrasion-resistant-8-work-boots\/#breadcrumb\"},\"inLanguage\":\"fr-FR\",\"potentialAction\":[{\"@type\":\"ReadAction\",\"target\":[\"https:\/\/test.worksite.ca\/fr\/product\/equipement\/foot-protection-fr\/royer-metal-free-abrasion-resistant-8-work-boots\/\"]}]},{\"@type\":\"ImageObject\",\"inLanguage\":\"fr-FR\",\"@id\":\"https:\/\/test.worksite.ca\/fr\/product\/equipement\/foot-protection-fr\/royer-metal-free-abrasion-resistant-8-work-boots\/#primaryimage\",\"url\":\"https:\/\/cdn.worksitesafety.ca\/app\/20231121160739\/8500FLX.jpg\",\"contentUrl\":\"https:\/\/cdn.worksitesafety.ca\/app\/20231121160739\/8500FLX.jpg\",\"width\":695,\"height\":500},{\"@type\":\"BreadcrumbList\",\"@id\":\"https:\/\/test.worksite.ca\/fr\/product\/equipement\/foot-protection-fr\/royer-metal-free-abrasion-resistant-8-work-boots\/#breadcrumb\",\"itemListElement\":[{\"@type\":\"ListItem\",\"position\":1,\"name\":\"Home\",\"item\":\"https:\/\/worksitesafety.ca\/fr\/\"},{\"@type\":\"ListItem\",\"position\":2,\"name\":\"Boutique\",\"item\":\"https:\/\/worksitesafety.ca\/fr\/boutique\/\"},{\"@type\":\"ListItem\",\"position\":3,\"name\":\"\u00c9quipement\",\"item\":\"https:\/\/test.worksite.ca\/fr\/category\/equipement\/\"},{\"@type\":\"ListItem\",\"position\":4,\"name\":\"Foot Protection\",\"item\":\"https:\/\/test.worksite.ca\/fr\/category\/equipement\/foot-protection-fr\/\"},{\"@type\":\"ListItem\",\"position\":5,\"name\":\"Bottes de travail Royer \u00e0 embout en acier r\u00e9sistantes \u00e0 l&#8217;abrasion de 8 po\"}]},{\"@type\":\"WebSite\",\"@id\":\"https:\/\/worksitesafety.ca\/#website\",\"url\":\"https:\/\/worksitesafety.ca\/\",\"name\":\"Worksite Safety\",\"description\":\"Canadian Safety Training\",\"potentialAction\":[{\"@type\":\"SearchAction\",\"target\":{\"@type\":\"EntryPoint\",\"urlTemplate\":\"https:\/\/worksitesafety.ca\/?s={search_term_string}\"},\"query-input\":{\"@type\":\"PropertyValueSpecification\",\"valueRequired\":true,\"valueName\":\"search_term_string\"}}],\"inLanguage\":\"fr-FR\"}]}<\/script>\n<meta property=\"og:availability\" content=\"instock\" \/>\n<meta property=\"product:availability\" content=\"instock\" \/>\n<meta property=\"product:retailer_item_id\" content=\"8500FLX\" \/>\n<meta property=\"product:condition\" content=\"new\" \/>\n<!-- \/ Yoast SEO Premium plugin. -->","yoast_head_json":{"title":"Bottes de travail Royer \u00e0 embout en acier r\u00e9sistantes \u00e0 l'abrasion de 8 po | Worksite Safety","description":"Bottes de travail \u00e0 bout en acier fabriqu\u00e9es avec du cuir r\u00e9sistant \u00e0 l'abrasion et une semelle int\u00e9rieure non m\u00e9tallique qui prot\u00e8ge contre les dangers \u00e9lectriques. Tailles 5-15.","robots":{"index":"noindex","follow":"follow","max-snippet":"max-snippet:-1","max-image-preview":"max-image-preview:large","max-video-preview":"max-video-preview:-1"},"og_locale":"fr_FR","og_type":"article","og_title":"Bottes de travail Royer \u00e0 embout en acier r\u00e9sistantes \u00e0 l'abrasion de 8 po","og_description":"Bottes de travail \u00e0 bout en acier fabriqu\u00e9es avec du cuir r\u00e9sistant \u00e0 l'abrasion et une semelle int\u00e9rieure non m\u00e9tallique qui prot\u00e8ge contre les dangers \u00e9lectriques. Tailles 5-15.","og_url":"https:\/\/test.worksite.ca\/fr\/product\/equipement\/foot-protection-fr\/royer-metal-free-abrasion-resistant-8-work-boots\/","og_site_name":"Worksite Safety","article_publisher":"https:\/\/www.facebook.com\/worksitesafety","article_modified_time":"2024-12-02T23:13:21+00:00","og_image":[{"width":695,"height":500,"url":"https:\/\/cdn.worksitesafety.ca\/app\/20231121160739\/8500FLX.jpg","type":"image\/jpeg"}],"twitter_card":"summary_large_image","twitter_site":"@worksitescc","twitter_misc":{"Availability":"In stock"},"schema":{"@context":"https:\/\/schema.org","@graph":[{"@type":["WebPage","ItemPage"],"@id":"https:\/\/test.worksite.ca\/fr\/product\/equipement\/foot-protection-fr\/royer-metal-free-abrasion-resistant-8-work-boots\/","url":"https:\/\/test.worksite.ca\/fr\/product\/equipement\/foot-protection-fr\/royer-metal-free-abrasion-resistant-8-work-boots\/","name":"Bottes de travail Royer \u00e0 embout en acier r\u00e9sistantes \u00e0 l'abrasion de 8 po | Worksite Safety","isPartOf":{"@id":"https:\/\/worksitesafety.ca\/#website"},"primaryImageOfPage":{"@id":"https:\/\/test.worksite.ca\/fr\/product\/equipement\/foot-protection-fr\/royer-metal-free-abrasion-resistant-8-work-boots\/#primaryimage"},"image":{"@id":"https:\/\/test.worksite.ca\/fr\/product\/equipement\/foot-protection-fr\/royer-metal-free-abrasion-resistant-8-work-boots\/#primaryimage"},"thumbnailUrl":"https:\/\/cdn.worksitesafety.ca\/app\/20231121160739\/8500FLX.jpg","datePublished":"2023-11-20T21:39:39+00:00","dateModified":"2024-12-02T23:13:21+00:00","description":"Bottes de travail \u00e0 bout en acier fabriqu\u00e9es avec du cuir r\u00e9sistant \u00e0 l'abrasion et une semelle int\u00e9rieure non m\u00e9tallique qui prot\u00e8ge contre les dangers \u00e9lectriques. Tailles 5-15.","breadcrumb":{"@id":"https:\/\/test.worksite.ca\/fr\/product\/equipement\/foot-protection-fr\/royer-metal-free-abrasion-resistant-8-work-boots\/#breadcrumb"},"inLanguage":"fr-FR","potentialAction":[{"@type":"ReadAction","target":["https:\/\/test.worksite.ca\/fr\/product\/equipement\/foot-protection-fr\/royer-metal-free-abrasion-resistant-8-work-boots\/"]}]},{"@type":"ImageObject","inLanguage":"fr-FR","@id":"https:\/\/test.worksite.ca\/fr\/product\/equipement\/foot-protection-fr\/royer-metal-free-abrasion-resistant-8-work-boots\/#primaryimage","url":"https:\/\/cdn.worksitesafety.ca\/app\/20231121160739\/8500FLX.jpg","contentUrl":"https:\/\/cdn.worksitesafety.ca\/app\/20231121160739\/8500FLX.jpg","width":695,"height":500},{"@type":"BreadcrumbList","@id":"https:\/\/test.worksite.ca\/fr\/product\/equipement\/foot-protection-fr\/royer-metal-free-abrasion-resistant-8-work-boots\/#breadcrumb","itemListElement":[{"@type":"ListItem","position":1,"name":"Home","item":"https:\/\/worksitesafety.ca\/fr\/"},{"@type":"ListItem","position":2,"name":"Boutique","item":"https:\/\/worksitesafety.ca\/fr\/boutique\/"},{"@type":"ListItem","position":3,"name":"\u00c9quipement","item":"https:\/\/test.worksite.ca\/fr\/category\/equipement\/"},{"@type":"ListItem","position":4,"name":"Foot Protection","item":"https:\/\/test.worksite.ca\/fr\/category\/equipement\/foot-protection-fr\/"},{"@type":"ListItem","position":5,"name":"Bottes de travail Royer \u00e0 embout en acier r\u00e9sistantes \u00e0 l&#8217;abrasion de 8 po"}]},{"@type":"WebSite","@id":"https:\/\/worksitesafety.ca\/#website","url":"https:\/\/worksitesafety.ca\/","name":"Worksite Safety","description":"Canadian Safety Training","potentialAction":[{"@type":"SearchAction","target":{"@type":"EntryPoint","urlTemplate":"https:\/\/worksitesafety.ca\/?s={search_term_string}"},"query-input":{"@type":"PropertyValueSpecification","valueRequired":true,"valueName":"search_term_string"}}],"inLanguage":"fr-FR"}]},"og_availability":"instock","product_availability":"instock","product_retailer_item_id":"8500FLX","product_condition":"new"},"_links":{"self":[{"href":"https:\/\/test.worksite.ca\/fr\/wp-json\/wp\/v2\/product\/1039099","targetHints":{"allow":["GET"]}}],"collection":[{"href":"https:\/\/test.worksite.ca\/fr\/wp-json\/wp\/v2\/product"}],"about":[{"href":"https:\/\/test.worksite.ca\/fr\/wp-json\/wp\/v2\/types\/product"}],"replies":[{"embeddable":true,"href":"https:\/\/test.worksite.ca\/fr\/wp-json\/wp\/v2\/comments?post=1039099"}],"version-history":[{"count":3,"href":"https:\/\/test.worksite.ca\/fr\/wp-json\/wp\/v2\/product\/1039099\/revisions"}],"predecessor-version":[{"id":1047584,"href":"https:\/\/test.worksite.ca\/fr\/wp-json\/wp\/v2\/product\/1039099\/revisions\/1047584"}],"wp:featuredmedia":[{"embeddable":true,"href":"https:\/\/test.worksite.ca\/fr\/wp-json\/wp\/v2\/media\/993681"}],"wp:attachment":[{"href":"https:\/\/test.worksite.ca\/fr\/wp-json\/wp\/v2\/media?parent=1039099"}],"wp:term":[{"taxonomy":"product_brand","embeddable":true,"href":"https:\/\/test.worksite.ca\/fr\/wp-json\/wp\/v2\/product_brand?post=1039099"},{"taxonomy":"product_cat","embeddable":true,"href":"https:\/\/test.worksite.ca\/fr\/wp-json\/wp\/v2\/product_cat?post=1039099"},{"taxonomy":"product_tag","embeddable":true,"href":"https:\/\/test.worksite.ca\/fr\/wp-json\/wp\/v2\/product_tag?post=1039099"}],"curies":[{"name":"wp","href":"https:\/\/api.w.org\/{rel}","templated":true}]}}