{"id":1218095,"date":"2025-06-03T14:58:12","date_gmt":"2025-06-03T18:58:12","guid":{"rendered":"https:\/\/worksitesafety.ca\/?post_type=product&#038;p=1218095"},"modified":"2025-07-08T11:54:40","modified_gmt":"2025-07-08T15:54:40","slug":"travail-en-hauteur-ottawa","status":"publish","type":"product","link":"https:\/\/test.worksite.ca\/fr\/product\/cours-en-classe\/travail-en-hauteur-ottawa\/","title":{"rendered":"Travail en hauteur &#8211; Ottawa"},"content":{"rendered":"","protected":false},"excerpt":{"rendered":"<p>Formation sur le travail en hauteur approuv\u00e9e par le directeur g\u00e9n\u00e9ral de la pr\u00e9vention (DGP) du minist\u00e8re du Travail de l&#8217;Ontario \u00e0 Ottawa.<\/p>\n","protected":false},"featured_media":881854,"comment_status":"closed","ping_status":"closed","template":"","meta":{"_acf_changed":false,"footnotes":""},"product_brand":[],"product_cat":[4210],"product_tag":[4470,4469,4472,4187,4471,4473],"class_list":{"0":"post-1218095","1":"product","2":"type-product","3":"status-publish","4":"has-post-thumbnail","6":"product_cat-cours-en-classe","7":"product_tag-bilingue-anglais-francais","8":"product_tag-cours-en-classe","9":"product_tag-encadre-par-un-instructeur","10":"product_tag-formation","11":"product_tag-francais","12":"product_tag-travail-en-hauteur","13":"pa_locations-on-ontario-fr","14":"pa_locations-ontario-ottawa-fr","16":"first","17":"instock","18":"virtual","19":"taxable","20":"purchasable","21":"product-type-simple"},"group_of_quantity":0,"min_quantity":0,"max_quantity":"","exclude_order_quantity_value_rules":"no","exclude_category_quantity_rules":"no","combine_variations":"no","acf":[],"yoast_head":"<!-- This site is optimized with the Yoast SEO Premium plugin v23.3 (Yoast SEO v25.8) - https:\/\/yoast.com\/wordpress\/plugins\/seo\/ -->\n<title>Travail en hauteur - Ottawa | Worksite Safety<\/title>\n<meta name=\"description\" content=\"Formation sur le travail en hauteur approuv\u00e9e par le directeur g\u00e9n\u00e9ral de la pr\u00e9vention (DGP) du minist\u00e8re du Travail de l&#039;Ontario \u00e0 Ottawa.\" \/>\n<meta name=\"robots\" content=\"noindex, follow, max-snippet:-1, max-image-preview:large, max-video-preview:-1\" \/>\n<meta property=\"og:locale\" content=\"fr_FR\" \/>\n<meta property=\"og:type\" content=\"article\" \/>\n<meta property=\"og:title\" content=\"Travail en hauteur - Ottawa\" \/>\n<meta property=\"og:description\" content=\"Formation sur le travail en hauteur approuv\u00e9e par le directeur g\u00e9n\u00e9ral de la pr\u00e9vention (DGP) du minist\u00e8re du Travail de l&#039;Ontario \u00e0 Ottawa.\" \/>\n<meta property=\"og:url\" content=\"https:\/\/test.worksite.ca\/fr\/product\/cours-en-classe\/travail-en-hauteur-ottawa\/\" \/>\n<meta property=\"og:site_name\" content=\"Worksite Safety\" \/>\n<meta property=\"article:publisher\" content=\"https:\/\/www.facebook.com\/worksitesafety\" \/>\n<meta property=\"article:modified_time\" content=\"2025-07-08T15:54:40+00:00\" \/>\n<meta property=\"og:image\" content=\"https:\/\/cdn.worksitesafety.ca\/app\/20221114151618\/WorkingAtHeights_Ottawa_v2.1.png\" \/>\n\t<meta property=\"og:image:width\" content=\"666\" \/>\n\t<meta property=\"og:image:height\" content=\"376\" \/>\n\t<meta property=\"og:image:type\" content=\"image\/png\" \/>\n<meta name=\"twitter:card\" content=\"summary_large_image\" \/>\n<meta name=\"twitter:site\" content=\"@worksitescc\" \/>\n<meta name=\"twitter:label1\" content=\"Price\" \/>\n\t<meta name=\"twitter:data1\" content=\"&#036;149.00\" \/>\n\t<meta name=\"twitter:label2\" content=\"Availability\" \/>\n\t<meta name=\"twitter:data2\" content=\"In stock\" \/>\n<script type=\"application\/ld+json\" class=\"yoast-schema-graph\">{\"@context\":\"https:\/\/schema.org\",\"@graph\":[{\"@type\":[\"WebPage\",\"ItemPage\"],\"@id\":\"https:\/\/test.worksite.ca\/fr\/product\/cours-en-classe\/travail-en-hauteur-ottawa\/\",\"url\":\"https:\/\/test.worksite.ca\/fr\/product\/cours-en-classe\/travail-en-hauteur-ottawa\/\",\"name\":\"Travail en hauteur - Ottawa | Worksite Safety\",\"isPartOf\":{\"@id\":\"https:\/\/worksitesafety.ca\/#website\"},\"primaryImageOfPage\":{\"@id\":\"https:\/\/test.worksite.ca\/fr\/product\/cours-en-classe\/travail-en-hauteur-ottawa\/#primaryimage\"},\"image\":{\"@id\":\"https:\/\/test.worksite.ca\/fr\/product\/cours-en-classe\/travail-en-hauteur-ottawa\/#primaryimage\"},\"thumbnailUrl\":\"https:\/\/cdn.worksitesafety.ca\/app\/20221114151618\/WorkingAtHeights_Ottawa_v2.1.png\",\"datePublished\":\"2025-06-03T18:58:12+00:00\",\"dateModified\":\"2025-07-08T15:54:40+00:00\",\"description\":\"Formation sur le travail en hauteur approuv\u00e9e par le directeur g\u00e9n\u00e9ral de la pr\u00e9vention (DGP) du minist\u00e8re du Travail de l'Ontario \u00e0 Ottawa.\",\"breadcrumb\":{\"@id\":\"https:\/\/test.worksite.ca\/fr\/product\/cours-en-classe\/travail-en-hauteur-ottawa\/#breadcrumb\"},\"inLanguage\":\"fr-FR\",\"potentialAction\":[{\"@type\":\"ReadAction\",\"target\":[\"https:\/\/test.worksite.ca\/fr\/product\/cours-en-classe\/travail-en-hauteur-ottawa\/\"]}]},{\"@type\":\"ImageObject\",\"inLanguage\":\"fr-FR\",\"@id\":\"https:\/\/test.worksite.ca\/fr\/product\/cours-en-classe\/travail-en-hauteur-ottawa\/#primaryimage\",\"url\":\"https:\/\/cdn.worksitesafety.ca\/app\/20221114151618\/WorkingAtHeights_Ottawa_v2.1.png\",\"contentUrl\":\"https:\/\/cdn.worksitesafety.ca\/app\/20221114151618\/WorkingAtHeights_Ottawa_v2.1.png\",\"width\":666,\"height\":376},{\"@type\":\"BreadcrumbList\",\"@id\":\"https:\/\/test.worksite.ca\/fr\/product\/cours-en-classe\/travail-en-hauteur-ottawa\/#breadcrumb\",\"itemListElement\":[{\"@type\":\"ListItem\",\"position\":1,\"name\":\"Home\",\"item\":\"https:\/\/worksitesafety.ca\/fr\/\"},{\"@type\":\"ListItem\",\"position\":2,\"name\":\"Boutique\",\"item\":\"https:\/\/worksitesafety.ca\/fr\/boutique\/\"},{\"@type\":\"ListItem\",\"position\":3,\"name\":\"Cours en classe\",\"item\":\"https:\/\/test.worksite.ca\/fr\/category\/cours-en-classe\/\"},{\"@type\":\"ListItem\",\"position\":4,\"name\":\"Travail en hauteur &#8211; Ottawa\"}]},{\"@type\":\"WebSite\",\"@id\":\"https:\/\/worksitesafety.ca\/#website\",\"url\":\"https:\/\/worksitesafety.ca\/\",\"name\":\"Worksite Safety\",\"description\":\"Canadian Safety Training\",\"potentialAction\":[{\"@type\":\"SearchAction\",\"target\":{\"@type\":\"EntryPoint\",\"urlTemplate\":\"https:\/\/worksitesafety.ca\/?s={search_term_string}\"},\"query-input\":{\"@type\":\"PropertyValueSpecification\",\"valueRequired\":true,\"valueName\":\"search_term_string\"}}],\"inLanguage\":\"fr-FR\"}]}<\/script>\n<meta property=\"product:price:amount\" content=\"149.00\" \/>\n<meta property=\"product:price:currency\" content=\"CAD\" \/>\n<meta property=\"og:availability\" content=\"instock\" \/>\n<meta property=\"product:availability\" content=\"instock\" \/>\n<meta property=\"product:retailer_item_id\" content=\"WAHOT-S\" \/>\n<meta property=\"product:condition\" content=\"new\" \/>\n<!-- \/ Yoast SEO Premium plugin. -->","yoast_head_json":{"title":"Travail en hauteur - Ottawa | Worksite Safety","description":"Formation sur le travail en hauteur approuv\u00e9e par le directeur g\u00e9n\u00e9ral de la pr\u00e9vention (DGP) du minist\u00e8re du Travail de l'Ontario \u00e0 Ottawa.","robots":{"index":"noindex","follow":"follow","max-snippet":"max-snippet:-1","max-image-preview":"max-image-preview:large","max-video-preview":"max-video-preview:-1"},"og_locale":"fr_FR","og_type":"article","og_title":"Travail en hauteur - Ottawa","og_description":"Formation sur le travail en hauteur approuv\u00e9e par le directeur g\u00e9n\u00e9ral de la pr\u00e9vention (DGP) du minist\u00e8re du Travail de l'Ontario \u00e0 Ottawa.","og_url":"https:\/\/test.worksite.ca\/fr\/product\/cours-en-classe\/travail-en-hauteur-ottawa\/","og_site_name":"Worksite Safety","article_publisher":"https:\/\/www.facebook.com\/worksitesafety","article_modified_time":"2025-07-08T15:54:40+00:00","og_image":[{"width":666,"height":376,"url":"https:\/\/cdn.worksitesafety.ca\/app\/20221114151618\/WorkingAtHeights_Ottawa_v2.1.png","type":"image\/png"}],"twitter_card":"summary_large_image","twitter_site":"@worksitescc","twitter_misc":{"Price":"&#36;149.00","Availability":"In stock"},"schema":{"@context":"https:\/\/schema.org","@graph":[{"@type":["WebPage","ItemPage"],"@id":"https:\/\/test.worksite.ca\/fr\/product\/cours-en-classe\/travail-en-hauteur-ottawa\/","url":"https:\/\/test.worksite.ca\/fr\/product\/cours-en-classe\/travail-en-hauteur-ottawa\/","name":"Travail en hauteur - Ottawa | Worksite Safety","isPartOf":{"@id":"https:\/\/worksitesafety.ca\/#website"},"primaryImageOfPage":{"@id":"https:\/\/test.worksite.ca\/fr\/product\/cours-en-classe\/travail-en-hauteur-ottawa\/#primaryimage"},"image":{"@id":"https:\/\/test.worksite.ca\/fr\/product\/cours-en-classe\/travail-en-hauteur-ottawa\/#primaryimage"},"thumbnailUrl":"https:\/\/cdn.worksitesafety.ca\/app\/20221114151618\/WorkingAtHeights_Ottawa_v2.1.png","datePublished":"2025-06-03T18:58:12+00:00","dateModified":"2025-07-08T15:54:40+00:00","description":"Formation sur le travail en hauteur approuv\u00e9e par le directeur g\u00e9n\u00e9ral de la pr\u00e9vention (DGP) du minist\u00e8re du Travail de l'Ontario \u00e0 Ottawa.","breadcrumb":{"@id":"https:\/\/test.worksite.ca\/fr\/product\/cours-en-classe\/travail-en-hauteur-ottawa\/#breadcrumb"},"inLanguage":"fr-FR","potentialAction":[{"@type":"ReadAction","target":["https:\/\/test.worksite.ca\/fr\/product\/cours-en-classe\/travail-en-hauteur-ottawa\/"]}]},{"@type":"ImageObject","inLanguage":"fr-FR","@id":"https:\/\/test.worksite.ca\/fr\/product\/cours-en-classe\/travail-en-hauteur-ottawa\/#primaryimage","url":"https:\/\/cdn.worksitesafety.ca\/app\/20221114151618\/WorkingAtHeights_Ottawa_v2.1.png","contentUrl":"https:\/\/cdn.worksitesafety.ca\/app\/20221114151618\/WorkingAtHeights_Ottawa_v2.1.png","width":666,"height":376},{"@type":"BreadcrumbList","@id":"https:\/\/test.worksite.ca\/fr\/product\/cours-en-classe\/travail-en-hauteur-ottawa\/#breadcrumb","itemListElement":[{"@type":"ListItem","position":1,"name":"Home","item":"https:\/\/worksitesafety.ca\/fr\/"},{"@type":"ListItem","position":2,"name":"Boutique","item":"https:\/\/worksitesafety.ca\/fr\/boutique\/"},{"@type":"ListItem","position":3,"name":"Cours en classe","item":"https:\/\/test.worksite.ca\/fr\/category\/cours-en-classe\/"},{"@type":"ListItem","position":4,"name":"Travail en hauteur &#8211; Ottawa"}]},{"@type":"WebSite","@id":"https:\/\/worksitesafety.ca\/#website","url":"https:\/\/worksitesafety.ca\/","name":"Worksite Safety","description":"Canadian Safety Training","potentialAction":[{"@type":"SearchAction","target":{"@type":"EntryPoint","urlTemplate":"https:\/\/worksitesafety.ca\/?s={search_term_string}"},"query-input":{"@type":"PropertyValueSpecification","valueRequired":true,"valueName":"search_term_string"}}],"inLanguage":"fr-FR"}]},"product_price_amount":"149.00","product_price_currency":"CAD","og_availability":"instock","product_availability":"instock","product_retailer_item_id":"WAHOT-S","product_condition":"new"},"_links":{"self":[{"href":"https:\/\/test.worksite.ca\/fr\/wp-json\/wp\/v2\/product\/1218095","targetHints":{"allow":["GET"]}}],"collection":[{"href":"https:\/\/test.worksite.ca\/fr\/wp-json\/wp\/v2\/product"}],"about":[{"href":"https:\/\/test.worksite.ca\/fr\/wp-json\/wp\/v2\/types\/product"}],"replies":[{"embeddable":true,"href":"https:\/\/test.worksite.ca\/fr\/wp-json\/wp\/v2\/comments?post=1218095"}],"version-history":[{"count":3,"href":"https:\/\/test.worksite.ca\/fr\/wp-json\/wp\/v2\/product\/1218095\/revisions"}],"predecessor-version":[{"id":1218106,"href":"https:\/\/test.worksite.ca\/fr\/wp-json\/wp\/v2\/product\/1218095\/revisions\/1218106"}],"wp:featuredmedia":[{"embeddable":true,"href":"https:\/\/test.worksite.ca\/fr\/wp-json\/wp\/v2\/media\/881854"}],"wp:attachment":[{"href":"https:\/\/test.worksite.ca\/fr\/wp-json\/wp\/v2\/media?parent=1218095"}],"wp:term":[{"taxonomy":"product_brand","embeddable":true,"href":"https:\/\/test.worksite.ca\/fr\/wp-json\/wp\/v2\/product_brand?post=1218095"},{"taxonomy":"product_cat","embeddable":true,"href":"https:\/\/test.worksite.ca\/fr\/wp-json\/wp\/v2\/product_cat?post=1218095"},{"taxonomy":"product_tag","embeddable":true,"href":"https:\/\/test.worksite.ca\/fr\/wp-json\/wp\/v2\/product_tag?post=1218095"}],"curies":[{"name":"wp","href":"https:\/\/api.w.org\/{rel}","templated":true}]}}