{"id":897279,"date":"2014-04-23T00:47:58","date_gmt":"2014-04-23T04:47:58","guid":{"rendered":"https:\/\/worksitesafety.ca\/?post_type=product&#038;p=897279"},"modified":"2024-05-22T15:57:06","modified_gmt":"2024-05-22T19:57:06","slug":"simdut-en-ligne","status":"publish","type":"product","link":"https:\/\/test.worksite.ca\/fr\/product\/formation\/en-ligne\/simdut-en-ligne\/","title":{"rendered":"SIMDUT"},"content":{"rendered":"","protected":false},"excerpt":{"rendered":"<p>Ce cours complet sur le SIMDUT 2015 comprend le nouveau syst\u00e8me g\u00e9n\u00e9ral harmonis\u00e9 de classification et d&#8217;\u00e9tiquetage des produits chimiques (SGH) promulgu\u00e9 en 2015.<\/p>\n","protected":false},"featured_media":881433,"comment_status":"closed","ping_status":"closed","template":"","meta":{"_acf_changed":false,"footnotes":""},"product_brand":[],"product_cat":[4030,4037,4038,4049,4032,4056,4039,4040,4057,4041,4033],"product_tag":[4467,4466,4182,4183,4184,4185],"class_list":{"0":"post-897279","1":"product","2":"type-product","3":"status-publish","4":"has-post-thumbnail","6":"product_cat-en-ligne","7":"product_cat-agriculture-et-forets","8":"product_cat-construction","9":"product_cat-marchandises-dangereuses","10":"product_cat-soins-de-sante","11":"product_cat-rh","12":"product_cat-fabrication","13":"product_cat-mines-petrole-et-gaz","14":"product_cat-bureau-et-administration","15":"product_cat-transport-et-entreposage","16":"product_cat-risques-sur-le-lieu-de-travail","17":"product_tag-bilingual-english-french-fr","18":"product_tag-french-fr","19":"product_tag-sgh","20":"product_tag-simdut-fr","21":"product_tag-simdut-1988","22":"product_tag-simdut-2015","24":"first","25":"instock","26":"sale","27":"virtual","28":"taxable","29":"purchasable","30":"product-type-simple"},"group_of_quantity":0,"min_quantity":0,"max_quantity":"","exclude_order_quantity_value_rules":"no","exclude_category_quantity_rules":"no","combine_variations":"no","acf":[],"yoast_head":"<!-- This site is optimized with the Yoast SEO Premium plugin v23.3 (Yoast SEO v25.8) - https:\/\/yoast.com\/wordpress\/plugins\/seo\/ -->\n<title>Certification en ligne SIMDUT | 1 heure | Reconnu \u00e0 travers le Canada<\/title>\n<meta name=\"description\" content=\"Ce cours complet SIMDUT 2015 comprend le nouveau syst\u00e8me g\u00e9n\u00e9ral harmonis\u00e9 (SGH) de classification et d&#039;\u00e9tiquetage des produits chimiques promulgu\u00e9 en 2015.\" \/>\n<meta name=\"robots\" content=\"noindex, follow, max-snippet:-1, max-image-preview:large, max-video-preview:-1\" \/>\n<meta property=\"og:locale\" content=\"fr_FR\" \/>\n<meta property=\"og:type\" content=\"article\" \/>\n<meta property=\"og:title\" content=\"SIMDUT\" \/>\n<meta property=\"og:description\" content=\"Ce cours complet SIMDUT 2015 comprend le nouveau syst\u00e8me g\u00e9n\u00e9ral harmonis\u00e9 (SGH) de classification et d&#039;\u00e9tiquetage des produits chimiques promulgu\u00e9 en 2015.\" \/>\n<meta property=\"og:url\" content=\"https:\/\/test.worksite.ca\/fr\/product\/formation\/en-ligne\/simdut-en-ligne\/\" \/>\n<meta property=\"og:site_name\" content=\"Worksite Safety\" \/>\n<meta property=\"article:publisher\" content=\"https:\/\/www.facebook.com\/worksitesafety\" \/>\n<meta property=\"article:modified_time\" content=\"2024-05-22T19:57:06+00:00\" \/>\n<meta property=\"og:image\" content=\"https:\/\/cdn.worksitesafety.ca\/app\/20220916134526\/WHMIS2015_v2.1.png\" \/>\n\t<meta property=\"og:image:width\" content=\"731\" \/>\n\t<meta property=\"og:image:height\" content=\"376\" \/>\n\t<meta property=\"og:image:type\" content=\"image\/png\" \/>\n<meta name=\"twitter:card\" content=\"summary_large_image\" \/>\n<meta name=\"twitter:site\" content=\"@worksitescc\" \/>\n<meta name=\"twitter:label1\" content=\"Price\" \/>\n\t<meta name=\"twitter:data1\" content=\"&#036;19.95\" \/>\n\t<meta name=\"twitter:label2\" content=\"Availability\" \/>\n\t<meta name=\"twitter:data2\" content=\"In stock\" \/>\n<script type=\"application\/ld+json\" class=\"yoast-schema-graph\">{\"@context\":\"https:\/\/schema.org\",\"@graph\":[{\"@type\":[\"WebPage\",\"ItemPage\"],\"@id\":\"https:\/\/test.worksite.ca\/fr\/product\/formation\/en-ligne\/simdut-en-ligne\/\",\"url\":\"https:\/\/test.worksite.ca\/fr\/product\/formation\/en-ligne\/simdut-en-ligne\/\",\"name\":\"Certification en ligne SIMDUT | 1 heure | Reconnu \u00e0 travers le Canada\",\"isPartOf\":{\"@id\":\"https:\/\/worksitesafety.ca\/#website\"},\"primaryImageOfPage\":{\"@id\":\"https:\/\/test.worksite.ca\/fr\/product\/formation\/en-ligne\/simdut-en-ligne\/#primaryimage\"},\"image\":{\"@id\":\"https:\/\/test.worksite.ca\/fr\/product\/formation\/en-ligne\/simdut-en-ligne\/#primaryimage\"},\"thumbnailUrl\":\"https:\/\/cdn.worksitesafety.ca\/app\/20220916134526\/WHMIS2015_v2.1.png\",\"datePublished\":\"2014-04-23T04:47:58+00:00\",\"dateModified\":\"2024-05-22T19:57:06+00:00\",\"description\":\"Ce cours complet SIMDUT 2015 comprend le nouveau syst\u00e8me g\u00e9n\u00e9ral harmonis\u00e9 (SGH) de classification et d'\u00e9tiquetage des produits chimiques promulgu\u00e9 en 2015.\",\"breadcrumb\":{\"@id\":\"https:\/\/test.worksite.ca\/fr\/product\/formation\/en-ligne\/simdut-en-ligne\/#breadcrumb\"},\"inLanguage\":\"fr-FR\",\"potentialAction\":[{\"@type\":\"ReadAction\",\"target\":[\"https:\/\/test.worksite.ca\/fr\/product\/formation\/en-ligne\/simdut-en-ligne\/\"]}]},{\"@type\":\"ImageObject\",\"inLanguage\":\"fr-FR\",\"@id\":\"https:\/\/test.worksite.ca\/fr\/product\/formation\/en-ligne\/simdut-en-ligne\/#primaryimage\",\"url\":\"https:\/\/cdn.worksitesafety.ca\/app\/20220916134526\/WHMIS2015_v2.1.png\",\"contentUrl\":\"https:\/\/cdn.worksitesafety.ca\/app\/20220916134526\/WHMIS2015_v2.1.png\",\"width\":731,\"height\":376},{\"@type\":\"BreadcrumbList\",\"@id\":\"https:\/\/test.worksite.ca\/fr\/product\/formation\/en-ligne\/simdut-en-ligne\/#breadcrumb\",\"itemListElement\":[{\"@type\":\"ListItem\",\"position\":1,\"name\":\"Home\",\"item\":\"https:\/\/worksitesafety.ca\/fr\/\"},{\"@type\":\"ListItem\",\"position\":2,\"name\":\"Boutique\",\"item\":\"https:\/\/worksitesafety.ca\/fr\/boutique\/\"},{\"@type\":\"ListItem\",\"position\":3,\"name\":\"Formation\",\"item\":\"https:\/\/test.worksite.ca\/fr\/category\/formation\/\"},{\"@type\":\"ListItem\",\"position\":4,\"name\":\"Certifications en ligne\",\"item\":\"https:\/\/test.worksite.ca\/fr\/category\/formation\/en-ligne\/\"},{\"@type\":\"ListItem\",\"position\":5,\"name\":\"SIMDUT\"}]},{\"@type\":\"WebSite\",\"@id\":\"https:\/\/worksitesafety.ca\/#website\",\"url\":\"https:\/\/worksitesafety.ca\/\",\"name\":\"Worksite Safety\",\"description\":\"Canadian Safety Training\",\"potentialAction\":[{\"@type\":\"SearchAction\",\"target\":{\"@type\":\"EntryPoint\",\"urlTemplate\":\"https:\/\/worksitesafety.ca\/?s={search_term_string}\"},\"query-input\":{\"@type\":\"PropertyValueSpecification\",\"valueRequired\":true,\"valueName\":\"search_term_string\"}}],\"inLanguage\":\"fr-FR\"}]}<\/script>\n<meta property=\"product:price:amount\" content=\"19.95\" \/>\n<meta property=\"product:price:currency\" content=\"CAD\" \/>\n<meta property=\"og:availability\" content=\"instock\" \/>\n<meta property=\"product:availability\" content=\"instock\" \/>\n<meta property=\"product:retailer_item_id\" content=\"128\" \/>\n<meta property=\"product:condition\" content=\"new\" \/>\n<!-- \/ Yoast SEO Premium plugin. -->","yoast_head_json":{"title":"Certification en ligne SIMDUT | 1 heure | Reconnu \u00e0 travers le Canada","description":"Ce cours complet SIMDUT 2015 comprend le nouveau syst\u00e8me g\u00e9n\u00e9ral harmonis\u00e9 (SGH) de classification et d'\u00e9tiquetage des produits chimiques promulgu\u00e9 en 2015.","robots":{"index":"noindex","follow":"follow","max-snippet":"max-snippet:-1","max-image-preview":"max-image-preview:large","max-video-preview":"max-video-preview:-1"},"og_locale":"fr_FR","og_type":"article","og_title":"SIMDUT","og_description":"Ce cours complet SIMDUT 2015 comprend le nouveau syst\u00e8me g\u00e9n\u00e9ral harmonis\u00e9 (SGH) de classification et d'\u00e9tiquetage des produits chimiques promulgu\u00e9 en 2015.","og_url":"https:\/\/test.worksite.ca\/fr\/product\/formation\/en-ligne\/simdut-en-ligne\/","og_site_name":"Worksite Safety","article_publisher":"https:\/\/www.facebook.com\/worksitesafety","article_modified_time":"2024-05-22T19:57:06+00:00","og_image":[{"width":731,"height":376,"url":"https:\/\/cdn.worksitesafety.ca\/app\/20220916134526\/WHMIS2015_v2.1.png","type":"image\/png"}],"twitter_card":"summary_large_image","twitter_site":"@worksitescc","twitter_misc":{"Price":"&#36;19.95","Availability":"In stock"},"schema":{"@context":"https:\/\/schema.org","@graph":[{"@type":["WebPage","ItemPage"],"@id":"https:\/\/test.worksite.ca\/fr\/product\/formation\/en-ligne\/simdut-en-ligne\/","url":"https:\/\/test.worksite.ca\/fr\/product\/formation\/en-ligne\/simdut-en-ligne\/","name":"Certification en ligne SIMDUT | 1 heure | Reconnu \u00e0 travers le Canada","isPartOf":{"@id":"https:\/\/worksitesafety.ca\/#website"},"primaryImageOfPage":{"@id":"https:\/\/test.worksite.ca\/fr\/product\/formation\/en-ligne\/simdut-en-ligne\/#primaryimage"},"image":{"@id":"https:\/\/test.worksite.ca\/fr\/product\/formation\/en-ligne\/simdut-en-ligne\/#primaryimage"},"thumbnailUrl":"https:\/\/cdn.worksitesafety.ca\/app\/20220916134526\/WHMIS2015_v2.1.png","datePublished":"2014-04-23T04:47:58+00:00","dateModified":"2024-05-22T19:57:06+00:00","description":"Ce cours complet SIMDUT 2015 comprend le nouveau syst\u00e8me g\u00e9n\u00e9ral harmonis\u00e9 (SGH) de classification et d'\u00e9tiquetage des produits chimiques promulgu\u00e9 en 2015.","breadcrumb":{"@id":"https:\/\/test.worksite.ca\/fr\/product\/formation\/en-ligne\/simdut-en-ligne\/#breadcrumb"},"inLanguage":"fr-FR","potentialAction":[{"@type":"ReadAction","target":["https:\/\/test.worksite.ca\/fr\/product\/formation\/en-ligne\/simdut-en-ligne\/"]}]},{"@type":"ImageObject","inLanguage":"fr-FR","@id":"https:\/\/test.worksite.ca\/fr\/product\/formation\/en-ligne\/simdut-en-ligne\/#primaryimage","url":"https:\/\/cdn.worksitesafety.ca\/app\/20220916134526\/WHMIS2015_v2.1.png","contentUrl":"https:\/\/cdn.worksitesafety.ca\/app\/20220916134526\/WHMIS2015_v2.1.png","width":731,"height":376},{"@type":"BreadcrumbList","@id":"https:\/\/test.worksite.ca\/fr\/product\/formation\/en-ligne\/simdut-en-ligne\/#breadcrumb","itemListElement":[{"@type":"ListItem","position":1,"name":"Home","item":"https:\/\/worksitesafety.ca\/fr\/"},{"@type":"ListItem","position":2,"name":"Boutique","item":"https:\/\/worksitesafety.ca\/fr\/boutique\/"},{"@type":"ListItem","position":3,"name":"Formation","item":"https:\/\/test.worksite.ca\/fr\/category\/formation\/"},{"@type":"ListItem","position":4,"name":"Certifications en ligne","item":"https:\/\/test.worksite.ca\/fr\/category\/formation\/en-ligne\/"},{"@type":"ListItem","position":5,"name":"SIMDUT"}]},{"@type":"WebSite","@id":"https:\/\/worksitesafety.ca\/#website","url":"https:\/\/worksitesafety.ca\/","name":"Worksite Safety","description":"Canadian Safety Training","potentialAction":[{"@type":"SearchAction","target":{"@type":"EntryPoint","urlTemplate":"https:\/\/worksitesafety.ca\/?s={search_term_string}"},"query-input":{"@type":"PropertyValueSpecification","valueRequired":true,"valueName":"search_term_string"}}],"inLanguage":"fr-FR"}]},"product_price_amount":"19.95","product_price_currency":"CAD","og_availability":"instock","product_availability":"instock","product_retailer_item_id":"128","product_condition":"new"},"_links":{"self":[{"href":"https:\/\/test.worksite.ca\/fr\/wp-json\/wp\/v2\/product\/897279","targetHints":{"allow":["GET"]}}],"collection":[{"href":"https:\/\/test.worksite.ca\/fr\/wp-json\/wp\/v2\/product"}],"about":[{"href":"https:\/\/test.worksite.ca\/fr\/wp-json\/wp\/v2\/types\/product"}],"replies":[{"embeddable":true,"href":"https:\/\/test.worksite.ca\/fr\/wp-json\/wp\/v2\/comments?post=897279"}],"version-history":[{"count":45,"href":"https:\/\/test.worksite.ca\/fr\/wp-json\/wp\/v2\/product\/897279\/revisions"}],"predecessor-version":[{"id":1046339,"href":"https:\/\/test.worksite.ca\/fr\/wp-json\/wp\/v2\/product\/897279\/revisions\/1046339"}],"wp:featuredmedia":[{"embeddable":true,"href":"https:\/\/test.worksite.ca\/fr\/wp-json\/wp\/v2\/media\/881433"}],"wp:attachment":[{"href":"https:\/\/test.worksite.ca\/fr\/wp-json\/wp\/v2\/media?parent=897279"}],"wp:term":[{"taxonomy":"product_brand","embeddable":true,"href":"https:\/\/test.worksite.ca\/fr\/wp-json\/wp\/v2\/product_brand?post=897279"},{"taxonomy":"product_cat","embeddable":true,"href":"https:\/\/test.worksite.ca\/fr\/wp-json\/wp\/v2\/product_cat?post=897279"},{"taxonomy":"product_tag","embeddable":true,"href":"https:\/\/test.worksite.ca\/fr\/wp-json\/wp\/v2\/product_tag?post=897279"}],"curies":[{"name":"wp","href":"https:\/\/api.w.org\/{rel}","templated":true}]}}