{"id":960990,"date":"2014-08-20T11:34:22","date_gmt":"2014-08-20T15:34:22","guid":{"rendered":"https:\/\/worksitesafety.ca\/product\/uncategorized\/bloodborne-pathogens\/"},"modified":"2024-08-28T15:05:10","modified_gmt":"2024-08-28T19:05:10","slug":"agents-pathogenes-transmissibles-par-le-sang","status":"publish","type":"product","link":"https:\/\/test.worksite.ca\/fr\/product\/formation\/en-ligne\/agents-pathogenes-transmissibles-par-le-sang\/","title":{"rendered":"Agents pathog\u00e8nes transmissibles par le sang"},"content":{"rendered":"","protected":false},"excerpt":{"rendered":"<p>Ce cours en ligne vous guidera \u00e0 travers tous les aspects des agents pathog\u00e8nes transmissibles par le sang, des types de maladies aux mesures de protection.<\/p>\n","protected":false},"featured_media":881391,"comment_status":"closed","ping_status":"closed","template":"","meta":{"_acf_changed":false,"footnotes":""},"product_brand":[],"product_cat":[4030,4031,4032,4033],"product_tag":[4034,4035],"class_list":{"0":"post-960990","1":"product","2":"type-product","3":"status-publish","4":"has-post-thumbnail","6":"product_cat-en-ligne","7":"product_cat-risques-environnementaux","8":"product_cat-soins-de-sante","9":"product_cat-risques-sur-le-lieu-de-travail","10":"product_tag-bloodborne-pathogens-fr","11":"product_tag-pathogen-safety-fr","13":"first","14":"instock","15":"virtual","16":"taxable","17":"purchasable","18":"product-type-simple"},"group_of_quantity":0,"min_quantity":0,"max_quantity":"","exclude_order_quantity_value_rules":"no","exclude_category_quantity_rules":"no","combine_variations":"no","acf":[],"yoast_head":"<!-- This site is optimized with the Yoast SEO Premium plugin v23.3 (Yoast SEO v25.8) - https:\/\/yoast.com\/wordpress\/plugins\/seo\/ -->\n<title>Agents pathog\u00e8nes transmissibles par le sang | Cours en ligne<\/title>\n<meta name=\"description\" content=\"Ce cours vous guidera \u00e0 travers tous les aspects des agents pathog\u00e8nes transmissibles par le sang, des types de maladies aux mesures de protection.\" \/>\n<meta name=\"robots\" content=\"noindex, follow, max-snippet:-1, max-image-preview:large, max-video-preview:-1\" \/>\n<meta property=\"og:locale\" content=\"fr_FR\" \/>\n<meta property=\"og:type\" content=\"article\" \/>\n<meta property=\"og:title\" content=\"Agents pathog\u00e8nes transmissibles par le sang\" \/>\n<meta property=\"og:description\" content=\"Ce cours vous guidera \u00e0 travers tous les aspects des agents pathog\u00e8nes transmissibles par le sang, des types de maladies aux mesures de protection.\" \/>\n<meta property=\"og:url\" content=\"https:\/\/test.worksite.ca\/fr\/product\/formation\/en-ligne\/agents-pathogenes-transmissibles-par-le-sang\/\" \/>\n<meta property=\"og:site_name\" content=\"Worksite Safety\" \/>\n<meta property=\"article:publisher\" content=\"https:\/\/www.facebook.com\/worksitesafety\" \/>\n<meta property=\"article:modified_time\" content=\"2024-08-28T19:05:10+00:00\" \/>\n<meta property=\"og:image\" content=\"https:\/\/cdn.worksitesafety.ca\/app\/20220916134411\/BloodbornePathogens_v2.1.png\" \/>\n\t<meta property=\"og:image:width\" content=\"731\" \/>\n\t<meta property=\"og:image:height\" content=\"376\" \/>\n\t<meta property=\"og:image:type\" content=\"image\/png\" \/>\n<meta name=\"twitter:card\" content=\"summary_large_image\" \/>\n<meta name=\"twitter:site\" content=\"@worksitescc\" \/>\n<meta name=\"twitter:label1\" content=\"Price\" \/>\n\t<meta name=\"twitter:data1\" content=\"&#036;34.95\" \/>\n\t<meta name=\"twitter:label2\" content=\"Availability\" \/>\n\t<meta name=\"twitter:data2\" content=\"In stock\" \/>\n<script type=\"application\/ld+json\" class=\"yoast-schema-graph\">{\"@context\":\"https:\/\/schema.org\",\"@graph\":[{\"@type\":[\"WebPage\",\"ItemPage\"],\"@id\":\"https:\/\/test.worksite.ca\/fr\/product\/formation\/en-ligne\/agents-pathogenes-transmissibles-par-le-sang\/\",\"url\":\"https:\/\/test.worksite.ca\/fr\/product\/formation\/en-ligne\/agents-pathogenes-transmissibles-par-le-sang\/\",\"name\":\"Agents pathog\u00e8nes transmissibles par le sang | Cours en ligne\",\"isPartOf\":{\"@id\":\"https:\/\/worksitesafety.ca\/#website\"},\"primaryImageOfPage\":{\"@id\":\"https:\/\/test.worksite.ca\/fr\/product\/formation\/en-ligne\/agents-pathogenes-transmissibles-par-le-sang\/#primaryimage\"},\"image\":{\"@id\":\"https:\/\/test.worksite.ca\/fr\/product\/formation\/en-ligne\/agents-pathogenes-transmissibles-par-le-sang\/#primaryimage\"},\"thumbnailUrl\":\"https:\/\/cdn.worksitesafety.ca\/app\/20220916134411\/BloodbornePathogens_v2.1.png\",\"datePublished\":\"2014-08-20T15:34:22+00:00\",\"dateModified\":\"2024-08-28T19:05:10+00:00\",\"description\":\"Ce cours vous guidera \u00e0 travers tous les aspects des agents pathog\u00e8nes transmissibles par le sang, des types de maladies aux mesures de protection.\",\"breadcrumb\":{\"@id\":\"https:\/\/test.worksite.ca\/fr\/product\/formation\/en-ligne\/agents-pathogenes-transmissibles-par-le-sang\/#breadcrumb\"},\"inLanguage\":\"fr-FR\",\"potentialAction\":[{\"@type\":\"ReadAction\",\"target\":[\"https:\/\/test.worksite.ca\/fr\/product\/formation\/en-ligne\/agents-pathogenes-transmissibles-par-le-sang\/\"]}]},{\"@type\":\"ImageObject\",\"inLanguage\":\"fr-FR\",\"@id\":\"https:\/\/test.worksite.ca\/fr\/product\/formation\/en-ligne\/agents-pathogenes-transmissibles-par-le-sang\/#primaryimage\",\"url\":\"https:\/\/cdn.worksitesafety.ca\/app\/20220916134411\/BloodbornePathogens_v2.1.png\",\"contentUrl\":\"https:\/\/cdn.worksitesafety.ca\/app\/20220916134411\/BloodbornePathogens_v2.1.png\",\"width\":731,\"height\":376},{\"@type\":\"BreadcrumbList\",\"@id\":\"https:\/\/test.worksite.ca\/fr\/product\/formation\/en-ligne\/agents-pathogenes-transmissibles-par-le-sang\/#breadcrumb\",\"itemListElement\":[{\"@type\":\"ListItem\",\"position\":1,\"name\":\"Home\",\"item\":\"https:\/\/worksitesafety.ca\/fr\/\"},{\"@type\":\"ListItem\",\"position\":2,\"name\":\"Boutique\",\"item\":\"https:\/\/worksitesafety.ca\/fr\/boutique\/\"},{\"@type\":\"ListItem\",\"position\":3,\"name\":\"Formation\",\"item\":\"https:\/\/test.worksite.ca\/fr\/category\/formation\/\"},{\"@type\":\"ListItem\",\"position\":4,\"name\":\"Certifications en ligne\",\"item\":\"https:\/\/test.worksite.ca\/fr\/category\/formation\/en-ligne\/\"},{\"@type\":\"ListItem\",\"position\":5,\"name\":\"Agents pathog\u00e8nes transmissibles par le sang\"}]},{\"@type\":\"WebSite\",\"@id\":\"https:\/\/worksitesafety.ca\/#website\",\"url\":\"https:\/\/worksitesafety.ca\/\",\"name\":\"Worksite Safety\",\"description\":\"Canadian Safety Training\",\"potentialAction\":[{\"@type\":\"SearchAction\",\"target\":{\"@type\":\"EntryPoint\",\"urlTemplate\":\"https:\/\/worksitesafety.ca\/?s={search_term_string}\"},\"query-input\":{\"@type\":\"PropertyValueSpecification\",\"valueRequired\":true,\"valueName\":\"search_term_string\"}}],\"inLanguage\":\"fr-FR\"}]}<\/script>\n<meta property=\"product:price:amount\" content=\"34.95\" \/>\n<meta property=\"product:price:currency\" content=\"CAD\" \/>\n<meta property=\"og:availability\" content=\"instock\" \/>\n<meta property=\"product:availability\" content=\"instock\" \/>\n<meta property=\"product:retailer_item_id\" content=\"104\" \/>\n<meta property=\"product:condition\" content=\"new\" \/>\n<!-- \/ Yoast SEO Premium plugin. -->","yoast_head_json":{"title":"Agents pathog\u00e8nes transmissibles par le sang | Cours en ligne","description":"Ce cours vous guidera \u00e0 travers tous les aspects des agents pathog\u00e8nes transmissibles par le sang, des types de maladies aux mesures de protection.","robots":{"index":"noindex","follow":"follow","max-snippet":"max-snippet:-1","max-image-preview":"max-image-preview:large","max-video-preview":"max-video-preview:-1"},"og_locale":"fr_FR","og_type":"article","og_title":"Agents pathog\u00e8nes transmissibles par le sang","og_description":"Ce cours vous guidera \u00e0 travers tous les aspects des agents pathog\u00e8nes transmissibles par le sang, des types de maladies aux mesures de protection.","og_url":"https:\/\/test.worksite.ca\/fr\/product\/formation\/en-ligne\/agents-pathogenes-transmissibles-par-le-sang\/","og_site_name":"Worksite Safety","article_publisher":"https:\/\/www.facebook.com\/worksitesafety","article_modified_time":"2024-08-28T19:05:10+00:00","og_image":[{"width":731,"height":376,"url":"https:\/\/cdn.worksitesafety.ca\/app\/20220916134411\/BloodbornePathogens_v2.1.png","type":"image\/png"}],"twitter_card":"summary_large_image","twitter_site":"@worksitescc","twitter_misc":{"Price":"&#36;34.95","Availability":"In stock"},"schema":{"@context":"https:\/\/schema.org","@graph":[{"@type":["WebPage","ItemPage"],"@id":"https:\/\/test.worksite.ca\/fr\/product\/formation\/en-ligne\/agents-pathogenes-transmissibles-par-le-sang\/","url":"https:\/\/test.worksite.ca\/fr\/product\/formation\/en-ligne\/agents-pathogenes-transmissibles-par-le-sang\/","name":"Agents pathog\u00e8nes transmissibles par le sang | Cours en ligne","isPartOf":{"@id":"https:\/\/worksitesafety.ca\/#website"},"primaryImageOfPage":{"@id":"https:\/\/test.worksite.ca\/fr\/product\/formation\/en-ligne\/agents-pathogenes-transmissibles-par-le-sang\/#primaryimage"},"image":{"@id":"https:\/\/test.worksite.ca\/fr\/product\/formation\/en-ligne\/agents-pathogenes-transmissibles-par-le-sang\/#primaryimage"},"thumbnailUrl":"https:\/\/cdn.worksitesafety.ca\/app\/20220916134411\/BloodbornePathogens_v2.1.png","datePublished":"2014-08-20T15:34:22+00:00","dateModified":"2024-08-28T19:05:10+00:00","description":"Ce cours vous guidera \u00e0 travers tous les aspects des agents pathog\u00e8nes transmissibles par le sang, des types de maladies aux mesures de protection.","breadcrumb":{"@id":"https:\/\/test.worksite.ca\/fr\/product\/formation\/en-ligne\/agents-pathogenes-transmissibles-par-le-sang\/#breadcrumb"},"inLanguage":"fr-FR","potentialAction":[{"@type":"ReadAction","target":["https:\/\/test.worksite.ca\/fr\/product\/formation\/en-ligne\/agents-pathogenes-transmissibles-par-le-sang\/"]}]},{"@type":"ImageObject","inLanguage":"fr-FR","@id":"https:\/\/test.worksite.ca\/fr\/product\/formation\/en-ligne\/agents-pathogenes-transmissibles-par-le-sang\/#primaryimage","url":"https:\/\/cdn.worksitesafety.ca\/app\/20220916134411\/BloodbornePathogens_v2.1.png","contentUrl":"https:\/\/cdn.worksitesafety.ca\/app\/20220916134411\/BloodbornePathogens_v2.1.png","width":731,"height":376},{"@type":"BreadcrumbList","@id":"https:\/\/test.worksite.ca\/fr\/product\/formation\/en-ligne\/agents-pathogenes-transmissibles-par-le-sang\/#breadcrumb","itemListElement":[{"@type":"ListItem","position":1,"name":"Home","item":"https:\/\/worksitesafety.ca\/fr\/"},{"@type":"ListItem","position":2,"name":"Boutique","item":"https:\/\/worksitesafety.ca\/fr\/boutique\/"},{"@type":"ListItem","position":3,"name":"Formation","item":"https:\/\/test.worksite.ca\/fr\/category\/formation\/"},{"@type":"ListItem","position":4,"name":"Certifications en ligne","item":"https:\/\/test.worksite.ca\/fr\/category\/formation\/en-ligne\/"},{"@type":"ListItem","position":5,"name":"Agents pathog\u00e8nes transmissibles par le sang"}]},{"@type":"WebSite","@id":"https:\/\/worksitesafety.ca\/#website","url":"https:\/\/worksitesafety.ca\/","name":"Worksite Safety","description":"Canadian Safety Training","potentialAction":[{"@type":"SearchAction","target":{"@type":"EntryPoint","urlTemplate":"https:\/\/worksitesafety.ca\/?s={search_term_string}"},"query-input":{"@type":"PropertyValueSpecification","valueRequired":true,"valueName":"search_term_string"}}],"inLanguage":"fr-FR"}]},"product_price_amount":"34.95","product_price_currency":"CAD","og_availability":"instock","product_availability":"instock","product_retailer_item_id":"104","product_condition":"new"},"_links":{"self":[{"href":"https:\/\/test.worksite.ca\/fr\/wp-json\/wp\/v2\/product\/960990","targetHints":{"allow":["GET"]}}],"collection":[{"href":"https:\/\/test.worksite.ca\/fr\/wp-json\/wp\/v2\/product"}],"about":[{"href":"https:\/\/test.worksite.ca\/fr\/wp-json\/wp\/v2\/types\/product"}],"replies":[{"embeddable":true,"href":"https:\/\/test.worksite.ca\/fr\/wp-json\/wp\/v2\/comments?post=960990"}],"version-history":[{"count":16,"href":"https:\/\/test.worksite.ca\/fr\/wp-json\/wp\/v2\/product\/960990\/revisions"}],"predecessor-version":[{"id":1098621,"href":"https:\/\/test.worksite.ca\/fr\/wp-json\/wp\/v2\/product\/960990\/revisions\/1098621"}],"wp:featuredmedia":[{"embeddable":true,"href":"https:\/\/test.worksite.ca\/fr\/wp-json\/wp\/v2\/media\/881391"}],"wp:attachment":[{"href":"https:\/\/test.worksite.ca\/fr\/wp-json\/wp\/v2\/media?parent=960990"}],"wp:term":[{"taxonomy":"product_brand","embeddable":true,"href":"https:\/\/test.worksite.ca\/fr\/wp-json\/wp\/v2\/product_brand?post=960990"},{"taxonomy":"product_cat","embeddable":true,"href":"https:\/\/test.worksite.ca\/fr\/wp-json\/wp\/v2\/product_cat?post=960990"},{"taxonomy":"product_tag","embeddable":true,"href":"https:\/\/test.worksite.ca\/fr\/wp-json\/wp\/v2\/product_tag?post=960990"}],"curies":[{"name":"wp","href":"https:\/\/api.w.org\/{rel}","templated":true}]}}