{"id":965057,"date":"2018-10-31T17:44:06","date_gmt":"2018-10-31T21:44:06","guid":{"rendered":"https:\/\/worksitesafety.ca\/product\/uncategorized\/health-and-safety-awareness-for-workers\/"},"modified":"2024-09-24T16:44:08","modified_gmt":"2024-09-24T20:44:08","slug":"sante-et-securite-des-travailleurs","status":"publish","type":"product","link":"https:\/\/test.worksite.ca\/fr\/product\/formation\/en-ligne\/sante-et-securite-des-travailleurs\/","title":{"rendered":"Sensibilisation \u00e0 la sant\u00e9 et \u00e0 la s\u00e9curit\u00e9 pour les travailleurs"},"content":{"rendered":"","protected":false},"excerpt":{"rendered":"<p>Le cours de sensibilisation \u00e0 la sant\u00e9 et \u00e0 la s\u00e9curit\u00e9 est con\u00e7u sp\u00e9cifiquement pour les travailleurs et d\u00e9crit la Loi sur la sant\u00e9 et la s\u00e9curit\u00e9 au travail, il y a 4 chapitres et un examen dans ce cours.<\/p>\n","protected":false},"featured_media":881410,"comment_status":"closed","ping_status":"closed","template":"","meta":{"_acf_changed":false,"footnotes":""},"product_brand":[],"product_cat":[4030,4037,4038,4046,4032,4056,4039,4040,4057,4041,4033],"product_tag":[4058,4467,4466,4059],"class_list":{"0":"post-965057","1":"product","2":"type-product","3":"status-publish","4":"has-post-thumbnail","6":"product_cat-en-ligne","7":"product_cat-agriculture-et-forets","8":"product_cat-construction","9":"product_cat-securite-des-equipements","10":"product_cat-soins-de-sante","11":"product_cat-rh","12":"product_cat-fabrication","13":"product_cat-mines-petrole-et-gaz","14":"product_cat-bureau-et-administration","15":"product_cat-transport-et-entreposage","16":"product_cat-risques-sur-le-lieu-de-travail","17":"product_tag-awareness-fr","18":"product_tag-bilingual-english-french-fr","19":"product_tag-french-fr","20":"product_tag-osha-fr","22":"first","23":"instock","24":"virtual","25":"taxable","26":"purchasable","27":"product-type-simple"},"group_of_quantity":0,"min_quantity":0,"max_quantity":"","exclude_order_quantity_value_rules":"no","exclude_category_quantity_rules":"no","combine_variations":"no","acf":[],"yoast_head":"<!-- This site is optimized with the Yoast SEO Premium plugin v23.3 (Yoast SEO v25.8) - https:\/\/yoast.com\/wordpress\/plugins\/seo\/ -->\n<title>Sensibilisation \u00e0 la sant\u00e9 et \u00e0 la s\u00e9curit\u00e9 pour les travailleurs | Worksite Safety<\/title>\n<meta name=\"description\" content=\"Le cours de sensibilisation \u00e0 la sant\u00e9 et \u00e0 la s\u00e9curit\u00e9 vous informera au sujet de la Loi sur la sant\u00e9 et la s\u00e9curit\u00e9 au travail pour les travailleurs.\" \/>\n<meta name=\"robots\" content=\"noindex, follow, max-snippet:-1, max-image-preview:large, max-video-preview:-1\" \/>\n<meta property=\"og:locale\" content=\"fr_FR\" \/>\n<meta property=\"og:type\" content=\"article\" \/>\n<meta property=\"og:title\" content=\"Sensibilisation \u00e0 la sant\u00e9 et \u00e0 la s\u00e9curit\u00e9 pour les travailleurs\" \/>\n<meta property=\"og:description\" content=\"Le cours de sensibilisation \u00e0 la sant\u00e9 et \u00e0 la s\u00e9curit\u00e9 vous informera au sujet de la Loi sur la sant\u00e9 et la s\u00e9curit\u00e9 au travail pour les travailleurs.\" \/>\n<meta property=\"og:url\" content=\"https:\/\/test.worksite.ca\/fr\/product\/formation\/en-ligne\/sante-et-securite-des-travailleurs\/\" \/>\n<meta property=\"og:site_name\" content=\"Worksite Safety\" \/>\n<meta property=\"article:publisher\" content=\"https:\/\/www.facebook.com\/worksitesafety\" \/>\n<meta property=\"article:modified_time\" content=\"2024-09-24T20:44:08+00:00\" \/>\n<meta property=\"og:image\" content=\"https:\/\/cdn.worksitesafety.ca\/app\/20220916134446\/HealthSafetyAwarenessWorkers_v2.1.png\" \/>\n\t<meta property=\"og:image:width\" content=\"731\" \/>\n\t<meta property=\"og:image:height\" content=\"376\" \/>\n\t<meta property=\"og:image:type\" content=\"image\/png\" \/>\n<meta name=\"twitter:card\" content=\"summary_large_image\" \/>\n<meta name=\"twitter:site\" content=\"@worksitescc\" \/>\n<meta name=\"twitter:label1\" content=\"Price\" \/>\n\t<meta name=\"twitter:data1\" content=\"&#036;14.95\" \/>\n\t<meta name=\"twitter:label2\" content=\"Availability\" \/>\n\t<meta name=\"twitter:data2\" content=\"In stock\" \/>\n<script type=\"application\/ld+json\" class=\"yoast-schema-graph\">{\"@context\":\"https:\/\/schema.org\",\"@graph\":[{\"@type\":[\"WebPage\",\"ItemPage\"],\"@id\":\"https:\/\/test.worksite.ca\/fr\/product\/formation\/en-ligne\/sante-et-securite-des-travailleurs\/\",\"url\":\"https:\/\/test.worksite.ca\/fr\/product\/formation\/en-ligne\/sante-et-securite-des-travailleurs\/\",\"name\":\"Sensibilisation \u00e0 la sant\u00e9 et \u00e0 la s\u00e9curit\u00e9 pour les travailleurs | Worksite Safety\",\"isPartOf\":{\"@id\":\"https:\/\/worksitesafety.ca\/#website\"},\"primaryImageOfPage\":{\"@id\":\"https:\/\/test.worksite.ca\/fr\/product\/formation\/en-ligne\/sante-et-securite-des-travailleurs\/#primaryimage\"},\"image\":{\"@id\":\"https:\/\/test.worksite.ca\/fr\/product\/formation\/en-ligne\/sante-et-securite-des-travailleurs\/#primaryimage\"},\"thumbnailUrl\":\"https:\/\/cdn.worksitesafety.ca\/app\/20220916134446\/HealthSafetyAwarenessWorkers_v2.1.png\",\"datePublished\":\"2018-10-31T21:44:06+00:00\",\"dateModified\":\"2024-09-24T20:44:08+00:00\",\"description\":\"Le cours de sensibilisation \u00e0 la sant\u00e9 et \u00e0 la s\u00e9curit\u00e9 vous informera au sujet de la Loi sur la sant\u00e9 et la s\u00e9curit\u00e9 au travail pour les travailleurs.\",\"breadcrumb\":{\"@id\":\"https:\/\/test.worksite.ca\/fr\/product\/formation\/en-ligne\/sante-et-securite-des-travailleurs\/#breadcrumb\"},\"inLanguage\":\"fr-FR\",\"potentialAction\":[{\"@type\":\"ReadAction\",\"target\":[\"https:\/\/test.worksite.ca\/fr\/product\/formation\/en-ligne\/sante-et-securite-des-travailleurs\/\"]}]},{\"@type\":\"ImageObject\",\"inLanguage\":\"fr-FR\",\"@id\":\"https:\/\/test.worksite.ca\/fr\/product\/formation\/en-ligne\/sante-et-securite-des-travailleurs\/#primaryimage\",\"url\":\"https:\/\/cdn.worksitesafety.ca\/app\/20220916134446\/HealthSafetyAwarenessWorkers_v2.1.png\",\"contentUrl\":\"https:\/\/cdn.worksitesafety.ca\/app\/20220916134446\/HealthSafetyAwarenessWorkers_v2.1.png\",\"width\":731,\"height\":376},{\"@type\":\"BreadcrumbList\",\"@id\":\"https:\/\/test.worksite.ca\/fr\/product\/formation\/en-ligne\/sante-et-securite-des-travailleurs\/#breadcrumb\",\"itemListElement\":[{\"@type\":\"ListItem\",\"position\":1,\"name\":\"Home\",\"item\":\"https:\/\/worksitesafety.ca\/fr\/\"},{\"@type\":\"ListItem\",\"position\":2,\"name\":\"Boutique\",\"item\":\"https:\/\/worksitesafety.ca\/fr\/boutique\/\"},{\"@type\":\"ListItem\",\"position\":3,\"name\":\"Formation\",\"item\":\"https:\/\/test.worksite.ca\/fr\/category\/formation\/\"},{\"@type\":\"ListItem\",\"position\":4,\"name\":\"Certifications en ligne\",\"item\":\"https:\/\/test.worksite.ca\/fr\/category\/formation\/en-ligne\/\"},{\"@type\":\"ListItem\",\"position\":5,\"name\":\"Sensibilisation \u00e0 la sant\u00e9 et \u00e0 la s\u00e9curit\u00e9 pour les travailleurs\"}]},{\"@type\":\"WebSite\",\"@id\":\"https:\/\/worksitesafety.ca\/#website\",\"url\":\"https:\/\/worksitesafety.ca\/\",\"name\":\"Worksite Safety\",\"description\":\"Canadian Safety Training\",\"potentialAction\":[{\"@type\":\"SearchAction\",\"target\":{\"@type\":\"EntryPoint\",\"urlTemplate\":\"https:\/\/worksitesafety.ca\/?s={search_term_string}\"},\"query-input\":{\"@type\":\"PropertyValueSpecification\",\"valueRequired\":true,\"valueName\":\"search_term_string\"}}],\"inLanguage\":\"fr-FR\"}]}<\/script>\n<meta property=\"product:price:amount\" content=\"14.95\" \/>\n<meta property=\"product:price:currency\" content=\"CAD\" \/>\n<meta property=\"og:availability\" content=\"instock\" \/>\n<meta property=\"product:availability\" content=\"instock\" \/>\n<meta property=\"product:retailer_item_id\" content=\"134\" \/>\n<meta property=\"product:condition\" content=\"new\" \/>\n<!-- \/ Yoast SEO Premium plugin. -->","yoast_head_json":{"title":"Sensibilisation \u00e0 la sant\u00e9 et \u00e0 la s\u00e9curit\u00e9 pour les travailleurs | Worksite Safety","description":"Le cours de sensibilisation \u00e0 la sant\u00e9 et \u00e0 la s\u00e9curit\u00e9 vous informera au sujet de la Loi sur la sant\u00e9 et la s\u00e9curit\u00e9 au travail pour les travailleurs.","robots":{"index":"noindex","follow":"follow","max-snippet":"max-snippet:-1","max-image-preview":"max-image-preview:large","max-video-preview":"max-video-preview:-1"},"og_locale":"fr_FR","og_type":"article","og_title":"Sensibilisation \u00e0 la sant\u00e9 et \u00e0 la s\u00e9curit\u00e9 pour les travailleurs","og_description":"Le cours de sensibilisation \u00e0 la sant\u00e9 et \u00e0 la s\u00e9curit\u00e9 vous informera au sujet de la Loi sur la sant\u00e9 et la s\u00e9curit\u00e9 au travail pour les travailleurs.","og_url":"https:\/\/test.worksite.ca\/fr\/product\/formation\/en-ligne\/sante-et-securite-des-travailleurs\/","og_site_name":"Worksite Safety","article_publisher":"https:\/\/www.facebook.com\/worksitesafety","article_modified_time":"2024-09-24T20:44:08+00:00","og_image":[{"width":731,"height":376,"url":"https:\/\/cdn.worksitesafety.ca\/app\/20220916134446\/HealthSafetyAwarenessWorkers_v2.1.png","type":"image\/png"}],"twitter_card":"summary_large_image","twitter_site":"@worksitescc","twitter_misc":{"Price":"&#36;14.95","Availability":"In stock"},"schema":{"@context":"https:\/\/schema.org","@graph":[{"@type":["WebPage","ItemPage"],"@id":"https:\/\/test.worksite.ca\/fr\/product\/formation\/en-ligne\/sante-et-securite-des-travailleurs\/","url":"https:\/\/test.worksite.ca\/fr\/product\/formation\/en-ligne\/sante-et-securite-des-travailleurs\/","name":"Sensibilisation \u00e0 la sant\u00e9 et \u00e0 la s\u00e9curit\u00e9 pour les travailleurs | Worksite Safety","isPartOf":{"@id":"https:\/\/worksitesafety.ca\/#website"},"primaryImageOfPage":{"@id":"https:\/\/test.worksite.ca\/fr\/product\/formation\/en-ligne\/sante-et-securite-des-travailleurs\/#primaryimage"},"image":{"@id":"https:\/\/test.worksite.ca\/fr\/product\/formation\/en-ligne\/sante-et-securite-des-travailleurs\/#primaryimage"},"thumbnailUrl":"https:\/\/cdn.worksitesafety.ca\/app\/20220916134446\/HealthSafetyAwarenessWorkers_v2.1.png","datePublished":"2018-10-31T21:44:06+00:00","dateModified":"2024-09-24T20:44:08+00:00","description":"Le cours de sensibilisation \u00e0 la sant\u00e9 et \u00e0 la s\u00e9curit\u00e9 vous informera au sujet de la Loi sur la sant\u00e9 et la s\u00e9curit\u00e9 au travail pour les travailleurs.","breadcrumb":{"@id":"https:\/\/test.worksite.ca\/fr\/product\/formation\/en-ligne\/sante-et-securite-des-travailleurs\/#breadcrumb"},"inLanguage":"fr-FR","potentialAction":[{"@type":"ReadAction","target":["https:\/\/test.worksite.ca\/fr\/product\/formation\/en-ligne\/sante-et-securite-des-travailleurs\/"]}]},{"@type":"ImageObject","inLanguage":"fr-FR","@id":"https:\/\/test.worksite.ca\/fr\/product\/formation\/en-ligne\/sante-et-securite-des-travailleurs\/#primaryimage","url":"https:\/\/cdn.worksitesafety.ca\/app\/20220916134446\/HealthSafetyAwarenessWorkers_v2.1.png","contentUrl":"https:\/\/cdn.worksitesafety.ca\/app\/20220916134446\/HealthSafetyAwarenessWorkers_v2.1.png","width":731,"height":376},{"@type":"BreadcrumbList","@id":"https:\/\/test.worksite.ca\/fr\/product\/formation\/en-ligne\/sante-et-securite-des-travailleurs\/#breadcrumb","itemListElement":[{"@type":"ListItem","position":1,"name":"Home","item":"https:\/\/worksitesafety.ca\/fr\/"},{"@type":"ListItem","position":2,"name":"Boutique","item":"https:\/\/worksitesafety.ca\/fr\/boutique\/"},{"@type":"ListItem","position":3,"name":"Formation","item":"https:\/\/test.worksite.ca\/fr\/category\/formation\/"},{"@type":"ListItem","position":4,"name":"Certifications en ligne","item":"https:\/\/test.worksite.ca\/fr\/category\/formation\/en-ligne\/"},{"@type":"ListItem","position":5,"name":"Sensibilisation \u00e0 la sant\u00e9 et \u00e0 la s\u00e9curit\u00e9 pour les travailleurs"}]},{"@type":"WebSite","@id":"https:\/\/worksitesafety.ca\/#website","url":"https:\/\/worksitesafety.ca\/","name":"Worksite Safety","description":"Canadian Safety Training","potentialAction":[{"@type":"SearchAction","target":{"@type":"EntryPoint","urlTemplate":"https:\/\/worksitesafety.ca\/?s={search_term_string}"},"query-input":{"@type":"PropertyValueSpecification","valueRequired":true,"valueName":"search_term_string"}}],"inLanguage":"fr-FR"}]},"product_price_amount":"14.95","product_price_currency":"CAD","og_availability":"instock","product_availability":"instock","product_retailer_item_id":"134","product_condition":"new"},"_links":{"self":[{"href":"https:\/\/test.worksite.ca\/fr\/wp-json\/wp\/v2\/product\/965057","targetHints":{"allow":["GET"]}}],"collection":[{"href":"https:\/\/test.worksite.ca\/fr\/wp-json\/wp\/v2\/product"}],"about":[{"href":"https:\/\/test.worksite.ca\/fr\/wp-json\/wp\/v2\/types\/product"}],"replies":[{"embeddable":true,"href":"https:\/\/test.worksite.ca\/fr\/wp-json\/wp\/v2\/comments?post=965057"}],"version-history":[{"count":17,"href":"https:\/\/test.worksite.ca\/fr\/wp-json\/wp\/v2\/product\/965057\/revisions"}],"predecessor-version":[{"id":1109402,"href":"https:\/\/test.worksite.ca\/fr\/wp-json\/wp\/v2\/product\/965057\/revisions\/1109402"}],"wp:featuredmedia":[{"embeddable":true,"href":"https:\/\/test.worksite.ca\/fr\/wp-json\/wp\/v2\/media\/881410"}],"wp:attachment":[{"href":"https:\/\/test.worksite.ca\/fr\/wp-json\/wp\/v2\/media?parent=965057"}],"wp:term":[{"taxonomy":"product_brand","embeddable":true,"href":"https:\/\/test.worksite.ca\/fr\/wp-json\/wp\/v2\/product_brand?post=965057"},{"taxonomy":"product_cat","embeddable":true,"href":"https:\/\/test.worksite.ca\/fr\/wp-json\/wp\/v2\/product_cat?post=965057"},{"taxonomy":"product_tag","embeddable":true,"href":"https:\/\/test.worksite.ca\/fr\/wp-json\/wp\/v2\/product_tag?post=965057"}],"curies":[{"name":"wp","href":"https:\/\/api.w.org\/{rel}","templated":true}]}}