{"id":965060,"date":"2017-06-28T01:33:14","date_gmt":"2017-06-28T05:33:14","guid":{"rendered":"https:\/\/worksitesafety.ca\/product\/uncategorized\/violence-harassment-workers\/"},"modified":"2025-01-30T22:04:40","modified_gmt":"2025-01-31T03:04:40","slug":"violence-harcelement-travailleurs","status":"publish","type":"product","link":"https:\/\/test.worksite.ca\/fr\/product\/formation\/en-ligne\/violence-harcelement-travailleurs\/","title":{"rendered":"Violence et harc\u00e8lement au travail &#8211; Travailleurs"},"content":{"rendered":"","protected":false},"excerpt":{"rendered":"<p>Toute personne qui travaille dans un environnement de travail qui pr\u00e9sente un risque de violence ou de harc\u00e8lement doit \u00eatre form\u00e9e sur la mani\u00e8re de reconna\u00eetre les incidents violents, de r\u00e9agir et de pr\u00e9venir les incidents.<\/p>\n","protected":false},"featured_media":881431,"comment_status":"closed","ping_status":"closed","template":"","meta":{"_acf_changed":false,"footnotes":""},"product_brand":[],"product_cat":[4030,4037,4038,4032,4056,4039,4040,4057,4041,4033],"product_tag":[4060,4061],"class_list":{"0":"post-965060","1":"product","2":"type-product","3":"status-publish","4":"has-post-thumbnail","6":"product_cat-en-ligne","7":"product_cat-agriculture-et-forets","8":"product_cat-construction","9":"product_cat-soins-de-sante","10":"product_cat-rh","11":"product_cat-fabrication","12":"product_cat-mines-petrole-et-gaz","13":"product_cat-bureau-et-administration","14":"product_cat-transport-et-entreposage","15":"product_cat-risques-sur-le-lieu-de-travail","16":"product_tag-formation-des-employes","17":"product_tag-violence-sur-le-lieu-de-travail","19":"first","20":"instock","21":"virtual","22":"taxable","23":"purchasable","24":"product-type-simple"},"group_of_quantity":0,"min_quantity":0,"max_quantity":"","exclude_order_quantity_value_rules":"no","exclude_category_quantity_rules":"no","combine_variations":"no","acf":[],"yoast_head":"<!-- This site is optimized with the Yoast SEO Premium plugin v23.3 (Yoast SEO v25.8) - https:\/\/yoast.com\/wordpress\/plugins\/seo\/ -->\n<title>Violence et harc\u00e8lement au travail - Travailleurs | Certification en ligne<\/title>\n<meta name=\"description\" content=\"Cette formation aidera les travailleurs \u00e0 reconna\u00eetre, r\u00e9agir et pr\u00e9venir les incidents pr\u00e9sentant un risque de violence ou de harc\u00e8lement au travail.\" \/>\n<meta name=\"robots\" content=\"noindex, follow, max-snippet:-1, max-image-preview:large, max-video-preview:-1\" \/>\n<meta property=\"og:locale\" content=\"fr_FR\" \/>\n<meta property=\"og:type\" content=\"article\" \/>\n<meta property=\"og:title\" content=\"Violence et harc\u00e8lement au travail - Travailleurs\" \/>\n<meta property=\"og:description\" content=\"Cette formation aidera les travailleurs \u00e0 reconna\u00eetre, r\u00e9agir et pr\u00e9venir les incidents pr\u00e9sentant un risque de violence ou de harc\u00e8lement au travail.\" \/>\n<meta property=\"og:url\" content=\"https:\/\/test.worksite.ca\/fr\/product\/formation\/en-ligne\/violence-harcelement-travailleurs\/\" \/>\n<meta property=\"og:site_name\" content=\"Worksite Safety\" \/>\n<meta property=\"article:publisher\" content=\"https:\/\/www.facebook.com\/worksitesafety\" \/>\n<meta property=\"article:modified_time\" content=\"2025-01-31T03:04:40+00:00\" \/>\n<meta property=\"og:image\" content=\"https:\/\/cdn.worksitesafety.ca\/app\/20220916134523\/VHWorkers_v2.1.png\" \/>\n\t<meta property=\"og:image:width\" content=\"731\" \/>\n\t<meta property=\"og:image:height\" content=\"376\" \/>\n\t<meta property=\"og:image:type\" content=\"image\/png\" \/>\n<meta name=\"twitter:card\" content=\"summary_large_image\" \/>\n<meta name=\"twitter:site\" content=\"@worksitescc\" \/>\n<meta name=\"twitter:label1\" content=\"Price\" \/>\n\t<meta name=\"twitter:data1\" content=\"&#036;29.95\" \/>\n\t<meta name=\"twitter:label2\" content=\"Availability\" \/>\n\t<meta name=\"twitter:data2\" content=\"In stock\" \/>\n<script type=\"application\/ld+json\" class=\"yoast-schema-graph\">{\"@context\":\"https:\/\/schema.org\",\"@graph\":[{\"@type\":[\"WebPage\",\"ItemPage\"],\"@id\":\"https:\/\/test.worksite.ca\/fr\/product\/formation\/en-ligne\/violence-harcelement-travailleurs\/\",\"url\":\"https:\/\/test.worksite.ca\/fr\/product\/formation\/en-ligne\/violence-harcelement-travailleurs\/\",\"name\":\"Violence et harc\u00e8lement au travail - Travailleurs | Certification en ligne\",\"isPartOf\":{\"@id\":\"https:\/\/worksitesafety.ca\/#website\"},\"primaryImageOfPage\":{\"@id\":\"https:\/\/test.worksite.ca\/fr\/product\/formation\/en-ligne\/violence-harcelement-travailleurs\/#primaryimage\"},\"image\":{\"@id\":\"https:\/\/test.worksite.ca\/fr\/product\/formation\/en-ligne\/violence-harcelement-travailleurs\/#primaryimage\"},\"thumbnailUrl\":\"https:\/\/cdn.worksitesafety.ca\/app\/20220916134523\/VHWorkers_v2.1.png\",\"datePublished\":\"2017-06-28T05:33:14+00:00\",\"dateModified\":\"2025-01-31T03:04:40+00:00\",\"description\":\"Cette formation aidera les travailleurs \u00e0 reconna\u00eetre, r\u00e9agir et pr\u00e9venir les incidents pr\u00e9sentant un risque de violence ou de harc\u00e8lement au travail.\",\"breadcrumb\":{\"@id\":\"https:\/\/test.worksite.ca\/fr\/product\/formation\/en-ligne\/violence-harcelement-travailleurs\/#breadcrumb\"},\"inLanguage\":\"fr-FR\",\"potentialAction\":[{\"@type\":\"ReadAction\",\"target\":[\"https:\/\/test.worksite.ca\/fr\/product\/formation\/en-ligne\/violence-harcelement-travailleurs\/\"]}]},{\"@type\":\"ImageObject\",\"inLanguage\":\"fr-FR\",\"@id\":\"https:\/\/test.worksite.ca\/fr\/product\/formation\/en-ligne\/violence-harcelement-travailleurs\/#primaryimage\",\"url\":\"https:\/\/cdn.worksitesafety.ca\/app\/20220916134523\/VHWorkers_v2.1.png\",\"contentUrl\":\"https:\/\/cdn.worksitesafety.ca\/app\/20220916134523\/VHWorkers_v2.1.png\",\"width\":731,\"height\":376},{\"@type\":\"BreadcrumbList\",\"@id\":\"https:\/\/test.worksite.ca\/fr\/product\/formation\/en-ligne\/violence-harcelement-travailleurs\/#breadcrumb\",\"itemListElement\":[{\"@type\":\"ListItem\",\"position\":1,\"name\":\"Home\",\"item\":\"https:\/\/worksitesafety.ca\/fr\/\"},{\"@type\":\"ListItem\",\"position\":2,\"name\":\"Boutique\",\"item\":\"https:\/\/worksitesafety.ca\/fr\/boutique\/\"},{\"@type\":\"ListItem\",\"position\":3,\"name\":\"Formation\",\"item\":\"https:\/\/test.worksite.ca\/fr\/category\/formation\/\"},{\"@type\":\"ListItem\",\"position\":4,\"name\":\"Certifications en ligne\",\"item\":\"https:\/\/test.worksite.ca\/fr\/category\/formation\/en-ligne\/\"},{\"@type\":\"ListItem\",\"position\":5,\"name\":\"Violence et harc\u00e8lement au travail &#8211; Travailleurs\"}]},{\"@type\":\"WebSite\",\"@id\":\"https:\/\/worksitesafety.ca\/#website\",\"url\":\"https:\/\/worksitesafety.ca\/\",\"name\":\"Worksite Safety\",\"description\":\"Canadian Safety Training\",\"potentialAction\":[{\"@type\":\"SearchAction\",\"target\":{\"@type\":\"EntryPoint\",\"urlTemplate\":\"https:\/\/worksitesafety.ca\/?s={search_term_string}\"},\"query-input\":{\"@type\":\"PropertyValueSpecification\",\"valueRequired\":true,\"valueName\":\"search_term_string\"}}],\"inLanguage\":\"fr-FR\"}]}<\/script>\n<meta property=\"product:price:amount\" content=\"29.95\" \/>\n<meta property=\"product:price:currency\" content=\"CAD\" \/>\n<meta property=\"og:availability\" content=\"instock\" \/>\n<meta property=\"product:availability\" content=\"instock\" \/>\n<meta property=\"product:retailer_item_id\" content=\"VHW\" \/>\n<meta property=\"product:condition\" content=\"new\" \/>\n<!-- \/ Yoast SEO Premium plugin. -->","yoast_head_json":{"title":"Violence et harc\u00e8lement au travail - Travailleurs | Certification en ligne","description":"Cette formation aidera les travailleurs \u00e0 reconna\u00eetre, r\u00e9agir et pr\u00e9venir les incidents pr\u00e9sentant un risque de violence ou de harc\u00e8lement au travail.","robots":{"index":"noindex","follow":"follow","max-snippet":"max-snippet:-1","max-image-preview":"max-image-preview:large","max-video-preview":"max-video-preview:-1"},"og_locale":"fr_FR","og_type":"article","og_title":"Violence et harc\u00e8lement au travail - Travailleurs","og_description":"Cette formation aidera les travailleurs \u00e0 reconna\u00eetre, r\u00e9agir et pr\u00e9venir les incidents pr\u00e9sentant un risque de violence ou de harc\u00e8lement au travail.","og_url":"https:\/\/test.worksite.ca\/fr\/product\/formation\/en-ligne\/violence-harcelement-travailleurs\/","og_site_name":"Worksite Safety","article_publisher":"https:\/\/www.facebook.com\/worksitesafety","article_modified_time":"2025-01-31T03:04:40+00:00","og_image":[{"width":731,"height":376,"url":"https:\/\/cdn.worksitesafety.ca\/app\/20220916134523\/VHWorkers_v2.1.png","type":"image\/png"}],"twitter_card":"summary_large_image","twitter_site":"@worksitescc","twitter_misc":{"Price":"&#36;29.95","Availability":"In stock"},"schema":{"@context":"https:\/\/schema.org","@graph":[{"@type":["WebPage","ItemPage"],"@id":"https:\/\/test.worksite.ca\/fr\/product\/formation\/en-ligne\/violence-harcelement-travailleurs\/","url":"https:\/\/test.worksite.ca\/fr\/product\/formation\/en-ligne\/violence-harcelement-travailleurs\/","name":"Violence et harc\u00e8lement au travail - Travailleurs | Certification en ligne","isPartOf":{"@id":"https:\/\/worksitesafety.ca\/#website"},"primaryImageOfPage":{"@id":"https:\/\/test.worksite.ca\/fr\/product\/formation\/en-ligne\/violence-harcelement-travailleurs\/#primaryimage"},"image":{"@id":"https:\/\/test.worksite.ca\/fr\/product\/formation\/en-ligne\/violence-harcelement-travailleurs\/#primaryimage"},"thumbnailUrl":"https:\/\/cdn.worksitesafety.ca\/app\/20220916134523\/VHWorkers_v2.1.png","datePublished":"2017-06-28T05:33:14+00:00","dateModified":"2025-01-31T03:04:40+00:00","description":"Cette formation aidera les travailleurs \u00e0 reconna\u00eetre, r\u00e9agir et pr\u00e9venir les incidents pr\u00e9sentant un risque de violence ou de harc\u00e8lement au travail.","breadcrumb":{"@id":"https:\/\/test.worksite.ca\/fr\/product\/formation\/en-ligne\/violence-harcelement-travailleurs\/#breadcrumb"},"inLanguage":"fr-FR","potentialAction":[{"@type":"ReadAction","target":["https:\/\/test.worksite.ca\/fr\/product\/formation\/en-ligne\/violence-harcelement-travailleurs\/"]}]},{"@type":"ImageObject","inLanguage":"fr-FR","@id":"https:\/\/test.worksite.ca\/fr\/product\/formation\/en-ligne\/violence-harcelement-travailleurs\/#primaryimage","url":"https:\/\/cdn.worksitesafety.ca\/app\/20220916134523\/VHWorkers_v2.1.png","contentUrl":"https:\/\/cdn.worksitesafety.ca\/app\/20220916134523\/VHWorkers_v2.1.png","width":731,"height":376},{"@type":"BreadcrumbList","@id":"https:\/\/test.worksite.ca\/fr\/product\/formation\/en-ligne\/violence-harcelement-travailleurs\/#breadcrumb","itemListElement":[{"@type":"ListItem","position":1,"name":"Home","item":"https:\/\/worksitesafety.ca\/fr\/"},{"@type":"ListItem","position":2,"name":"Boutique","item":"https:\/\/worksitesafety.ca\/fr\/boutique\/"},{"@type":"ListItem","position":3,"name":"Formation","item":"https:\/\/test.worksite.ca\/fr\/category\/formation\/"},{"@type":"ListItem","position":4,"name":"Certifications en ligne","item":"https:\/\/test.worksite.ca\/fr\/category\/formation\/en-ligne\/"},{"@type":"ListItem","position":5,"name":"Violence et harc\u00e8lement au travail &#8211; Travailleurs"}]},{"@type":"WebSite","@id":"https:\/\/worksitesafety.ca\/#website","url":"https:\/\/worksitesafety.ca\/","name":"Worksite Safety","description":"Canadian Safety Training","potentialAction":[{"@type":"SearchAction","target":{"@type":"EntryPoint","urlTemplate":"https:\/\/worksitesafety.ca\/?s={search_term_string}"},"query-input":{"@type":"PropertyValueSpecification","valueRequired":true,"valueName":"search_term_string"}}],"inLanguage":"fr-FR"}]},"product_price_amount":"29.95","product_price_currency":"CAD","og_availability":"instock","product_availability":"instock","product_retailer_item_id":"VHW","product_condition":"new"},"_links":{"self":[{"href":"https:\/\/test.worksite.ca\/fr\/wp-json\/wp\/v2\/product\/965060","targetHints":{"allow":["GET"]}}],"collection":[{"href":"https:\/\/test.worksite.ca\/fr\/wp-json\/wp\/v2\/product"}],"about":[{"href":"https:\/\/test.worksite.ca\/fr\/wp-json\/wp\/v2\/types\/product"}],"replies":[{"embeddable":true,"href":"https:\/\/test.worksite.ca\/fr\/wp-json\/wp\/v2\/comments?post=965060"}],"version-history":[{"count":26,"href":"https:\/\/test.worksite.ca\/fr\/wp-json\/wp\/v2\/product\/965060\/revisions"}],"predecessor-version":[{"id":1154872,"href":"https:\/\/test.worksite.ca\/fr\/wp-json\/wp\/v2\/product\/965060\/revisions\/1154872"}],"wp:featuredmedia":[{"embeddable":true,"href":"https:\/\/test.worksite.ca\/fr\/wp-json\/wp\/v2\/media\/881431"}],"wp:attachment":[{"href":"https:\/\/test.worksite.ca\/fr\/wp-json\/wp\/v2\/media?parent=965060"}],"wp:term":[{"taxonomy":"product_brand","embeddable":true,"href":"https:\/\/test.worksite.ca\/fr\/wp-json\/wp\/v2\/product_brand?post=965060"},{"taxonomy":"product_cat","embeddable":true,"href":"https:\/\/test.worksite.ca\/fr\/wp-json\/wp\/v2\/product_cat?post=965060"},{"taxonomy":"product_tag","embeddable":true,"href":"https:\/\/test.worksite.ca\/fr\/wp-json\/wp\/v2\/product_tag?post=965060"}],"curies":[{"name":"wp","href":"https:\/\/api.w.org\/{rel}","templated":true}]}}