{"id":991927,"date":"2023-09-01T12:41:09","date_gmt":"2023-09-01T16:41:09","guid":{"rendered":"https:\/\/worksitesafety.ca\/product\/uncategorized\/kinedyne-logistic-ratchet-strap-2-w-x-20-l\/"},"modified":"2024-04-19T16:31:17","modified_gmt":"2024-04-19T20:31:17","slug":"kinedyne-logistic-ratchet-strap-2-w-x-20-l","status":"publish","type":"product","link":"https:\/\/test.worksite.ca\/fr\/product\/equipement\/kinedyne-logistic-ratchet-strap-2-w-x-20-l\/","title":{"rendered":"Kinedyne Sangle \u00e0 cliquet logistique 2&#8243; L x 20&#8242; L"},"content":{"rendered":"","protected":false},"excerpt":{"rendered":"<p>Sangle \u00e0 cliquet logistique Kinedyne. 2 pouces de large, 20 pieds de long. Limite de charge de travail de 500 lb\/230 Kg. Crochet \u00e0 fil \u00e9troit en acier au carbone trait\u00e9 thermiquement.<\/p>\n","protected":false},"featured_media":967764,"comment_status":"open","ping_status":"closed","template":"","meta":{"_acf_changed":false,"footnotes":""},"product_brand":[],"product_cat":[4131,4141,3957],"product_tag":[4142,4143],"class_list":{"0":"post-991927","1":"product","2":"type-product","3":"status-publish","4":"has-post-thumbnail","6":"product_cat-equipement","7":"product_cat-arrimage-des-cargaisons","8":"product_cat-produit","9":"product_tag-cargo-securement-fr","10":"product_tag-ratchet-strap-fr","11":"product_shipping_class-green-book-fr","13":"first","14":"instock","15":"taxable","16":"shipping-taxable","17":"purchasable","18":"product-type-simple"},"group_of_quantity":0,"min_quantity":0,"max_quantity":"","exclude_order_quantity_value_rules":"no","exclude_category_quantity_rules":"no","combine_variations":"no","acf":[],"yoast_head":"<!-- This site is optimized with the Yoast SEO Premium plugin v23.3 (Yoast SEO v25.8) - https:\/\/yoast.com\/wordpress\/plugins\/seo\/ -->\n<title>Kinedyne Sangle \u00e0 cliquet logistique 2&quot; L x 20&#039; L | Worksite Safety<\/title>\n<meta name=\"description\" content=\"Sangle \u00e0 cliquet logistique Kinedyne. 2 pouces de large, 20 pieds de long. Limite de charge de travail de 500 lb\/230 Kg. Crochet \u00e0 fil \u00e9troit en acier au carbone trait\u00e9 thermiquement.\" \/>\n<meta name=\"robots\" content=\"noindex, follow, max-snippet:-1, max-image-preview:large, max-video-preview:-1\" \/>\n<meta property=\"og:locale\" content=\"fr_FR\" \/>\n<meta property=\"og:type\" content=\"article\" \/>\n<meta property=\"og:title\" content=\"Kinedyne Sangle \u00e0 cliquet logistique 2&quot; L x 20&#039; L\" \/>\n<meta property=\"og:description\" content=\"Sangle \u00e0 cliquet logistique Kinedyne. 2 pouces de large, 20 pieds de long. Limite de charge de travail de 500 lb\/230 Kg. Crochet \u00e0 fil \u00e9troit en acier au carbone trait\u00e9 thermiquement.\" \/>\n<meta property=\"og:url\" content=\"https:\/\/test.worksite.ca\/fr\/product\/equipement\/kinedyne-logistic-ratchet-strap-2-w-x-20-l\/\" \/>\n<meta property=\"og:site_name\" content=\"Worksite Safety\" \/>\n<meta property=\"article:publisher\" content=\"https:\/\/www.facebook.com\/worksitesafety\" \/>\n<meta property=\"article:modified_time\" content=\"2024-04-19T20:31:17+00:00\" \/>\n<meta property=\"og:image\" content=\"https:\/\/worksitesafety.ca\/app\/uploads\/2023\/09\/99415063-d5e2-48d7-ae50-e115b6c99790__22724.jpg\" \/>\n\t<meta property=\"og:image:width\" content=\"1280\" \/>\n\t<meta property=\"og:image:height\" content=\"1280\" \/>\n\t<meta property=\"og:image:type\" content=\"image\/jpeg\" \/>\n<meta name=\"twitter:card\" content=\"summary_large_image\" \/>\n<meta name=\"twitter:site\" content=\"@worksitescc\" \/>\n<meta name=\"twitter:label1\" content=\"Price\" \/>\n\t<meta name=\"twitter:data1\" content=\"&#036;32.10\" \/>\n\t<meta name=\"twitter:label2\" content=\"Availability\" \/>\n\t<meta name=\"twitter:data2\" content=\"In stock\" \/>\n<script type=\"application\/ld+json\" class=\"yoast-schema-graph\">{\"@context\":\"https:\/\/schema.org\",\"@graph\":[{\"@type\":[\"WebPage\",\"ItemPage\"],\"@id\":\"https:\/\/test.worksite.ca\/fr\/product\/equipement\/kinedyne-logistic-ratchet-strap-2-w-x-20-l\/\",\"url\":\"https:\/\/test.worksite.ca\/fr\/product\/equipement\/kinedyne-logistic-ratchet-strap-2-w-x-20-l\/\",\"name\":\"Kinedyne Sangle \u00e0 cliquet logistique 2\\\" L x 20' L | Worksite Safety\",\"isPartOf\":{\"@id\":\"https:\/\/worksitesafety.ca\/#website\"},\"primaryImageOfPage\":{\"@id\":\"https:\/\/test.worksite.ca\/fr\/product\/equipement\/kinedyne-logistic-ratchet-strap-2-w-x-20-l\/#primaryimage\"},\"image\":{\"@id\":\"https:\/\/test.worksite.ca\/fr\/product\/equipement\/kinedyne-logistic-ratchet-strap-2-w-x-20-l\/#primaryimage\"},\"thumbnailUrl\":\"https:\/\/cdn.worksitesafety.ca\/app\/20231129092635\/99415063-d5e2-48d7-ae50-e115b6c99790__22724.jpg\",\"datePublished\":\"2023-09-01T16:41:09+00:00\",\"dateModified\":\"2024-04-19T20:31:17+00:00\",\"description\":\"Sangle \u00e0 cliquet logistique Kinedyne. 2 pouces de large, 20 pieds de long. Limite de charge de travail de 500 lb\/230 Kg. Crochet \u00e0 fil \u00e9troit en acier au carbone trait\u00e9 thermiquement.\",\"breadcrumb\":{\"@id\":\"https:\/\/test.worksite.ca\/fr\/product\/equipement\/kinedyne-logistic-ratchet-strap-2-w-x-20-l\/#breadcrumb\"},\"inLanguage\":\"fr-FR\",\"potentialAction\":[{\"@type\":\"ReadAction\",\"target\":[\"https:\/\/test.worksite.ca\/fr\/product\/equipement\/kinedyne-logistic-ratchet-strap-2-w-x-20-l\/\"]}]},{\"@type\":\"ImageObject\",\"inLanguage\":\"fr-FR\",\"@id\":\"https:\/\/test.worksite.ca\/fr\/product\/equipement\/kinedyne-logistic-ratchet-strap-2-w-x-20-l\/#primaryimage\",\"url\":\"https:\/\/cdn.worksitesafety.ca\/app\/20231129092635\/99415063-d5e2-48d7-ae50-e115b6c99790__22724.jpg\",\"contentUrl\":\"https:\/\/cdn.worksitesafety.ca\/app\/20231129092635\/99415063-d5e2-48d7-ae50-e115b6c99790__22724.jpg\",\"width\":1280,\"height\":1280},{\"@type\":\"BreadcrumbList\",\"@id\":\"https:\/\/test.worksite.ca\/fr\/product\/equipement\/kinedyne-logistic-ratchet-strap-2-w-x-20-l\/#breadcrumb\",\"itemListElement\":[{\"@type\":\"ListItem\",\"position\":1,\"name\":\"Home\",\"item\":\"https:\/\/worksitesafety.ca\/fr\/\"},{\"@type\":\"ListItem\",\"position\":2,\"name\":\"Boutique\",\"item\":\"https:\/\/worksitesafety.ca\/fr\/boutique\/\"},{\"@type\":\"ListItem\",\"position\":3,\"name\":\"\u00c9quipement\",\"item\":\"https:\/\/test.worksite.ca\/fr\/category\/equipement\/\"},{\"@type\":\"ListItem\",\"position\":4,\"name\":\"Kinedyne Sangle \u00e0 cliquet logistique 2&#8243; L x 20&#8242; L\"}]},{\"@type\":\"WebSite\",\"@id\":\"https:\/\/worksitesafety.ca\/#website\",\"url\":\"https:\/\/worksitesafety.ca\/\",\"name\":\"Worksite Safety\",\"description\":\"Canadian Safety Training\",\"potentialAction\":[{\"@type\":\"SearchAction\",\"target\":{\"@type\":\"EntryPoint\",\"urlTemplate\":\"https:\/\/worksitesafety.ca\/?s={search_term_string}\"},\"query-input\":{\"@type\":\"PropertyValueSpecification\",\"valueRequired\":true,\"valueName\":\"search_term_string\"}}],\"inLanguage\":\"fr-FR\"}]}<\/script>\n<meta property=\"product:price:amount\" content=\"32.10\" \/>\n<meta property=\"product:price:currency\" content=\"CAD\" \/>\n<meta property=\"og:availability\" content=\"instock\" \/>\n<meta property=\"product:availability\" content=\"instock\" \/>\n<meta property=\"product:retailer_item_id\" content=\"642004\" \/>\n<meta property=\"product:condition\" content=\"new\" \/>\n<!-- \/ Yoast SEO Premium plugin. -->","yoast_head_json":{"title":"Kinedyne Sangle \u00e0 cliquet logistique 2\" L x 20' L | Worksite Safety","description":"Sangle \u00e0 cliquet logistique Kinedyne. 2 pouces de large, 20 pieds de long. Limite de charge de travail de 500 lb\/230 Kg. Crochet \u00e0 fil \u00e9troit en acier au carbone trait\u00e9 thermiquement.","robots":{"index":"noindex","follow":"follow","max-snippet":"max-snippet:-1","max-image-preview":"max-image-preview:large","max-video-preview":"max-video-preview:-1"},"og_locale":"fr_FR","og_type":"article","og_title":"Kinedyne Sangle \u00e0 cliquet logistique 2\" L x 20' L","og_description":"Sangle \u00e0 cliquet logistique Kinedyne. 2 pouces de large, 20 pieds de long. Limite de charge de travail de 500 lb\/230 Kg. Crochet \u00e0 fil \u00e9troit en acier au carbone trait\u00e9 thermiquement.","og_url":"https:\/\/test.worksite.ca\/fr\/product\/equipement\/kinedyne-logistic-ratchet-strap-2-w-x-20-l\/","og_site_name":"Worksite Safety","article_publisher":"https:\/\/www.facebook.com\/worksitesafety","article_modified_time":"2024-04-19T20:31:17+00:00","og_image":[{"width":1280,"height":1280,"url":"https:\/\/worksitesafety.ca\/app\/uploads\/2023\/09\/99415063-d5e2-48d7-ae50-e115b6c99790__22724.jpg","type":"image\/jpeg"}],"twitter_card":"summary_large_image","twitter_site":"@worksitescc","twitter_misc":{"Price":"&#36;32.10","Availability":"In stock"},"schema":{"@context":"https:\/\/schema.org","@graph":[{"@type":["WebPage","ItemPage"],"@id":"https:\/\/test.worksite.ca\/fr\/product\/equipement\/kinedyne-logistic-ratchet-strap-2-w-x-20-l\/","url":"https:\/\/test.worksite.ca\/fr\/product\/equipement\/kinedyne-logistic-ratchet-strap-2-w-x-20-l\/","name":"Kinedyne Sangle \u00e0 cliquet logistique 2\" L x 20' L | Worksite Safety","isPartOf":{"@id":"https:\/\/worksitesafety.ca\/#website"},"primaryImageOfPage":{"@id":"https:\/\/test.worksite.ca\/fr\/product\/equipement\/kinedyne-logistic-ratchet-strap-2-w-x-20-l\/#primaryimage"},"image":{"@id":"https:\/\/test.worksite.ca\/fr\/product\/equipement\/kinedyne-logistic-ratchet-strap-2-w-x-20-l\/#primaryimage"},"thumbnailUrl":"https:\/\/cdn.worksitesafety.ca\/app\/20231129092635\/99415063-d5e2-48d7-ae50-e115b6c99790__22724.jpg","datePublished":"2023-09-01T16:41:09+00:00","dateModified":"2024-04-19T20:31:17+00:00","description":"Sangle \u00e0 cliquet logistique Kinedyne. 2 pouces de large, 20 pieds de long. Limite de charge de travail de 500 lb\/230 Kg. Crochet \u00e0 fil \u00e9troit en acier au carbone trait\u00e9 thermiquement.","breadcrumb":{"@id":"https:\/\/test.worksite.ca\/fr\/product\/equipement\/kinedyne-logistic-ratchet-strap-2-w-x-20-l\/#breadcrumb"},"inLanguage":"fr-FR","potentialAction":[{"@type":"ReadAction","target":["https:\/\/test.worksite.ca\/fr\/product\/equipement\/kinedyne-logistic-ratchet-strap-2-w-x-20-l\/"]}]},{"@type":"ImageObject","inLanguage":"fr-FR","@id":"https:\/\/test.worksite.ca\/fr\/product\/equipement\/kinedyne-logistic-ratchet-strap-2-w-x-20-l\/#primaryimage","url":"https:\/\/cdn.worksitesafety.ca\/app\/20231129092635\/99415063-d5e2-48d7-ae50-e115b6c99790__22724.jpg","contentUrl":"https:\/\/cdn.worksitesafety.ca\/app\/20231129092635\/99415063-d5e2-48d7-ae50-e115b6c99790__22724.jpg","width":1280,"height":1280},{"@type":"BreadcrumbList","@id":"https:\/\/test.worksite.ca\/fr\/product\/equipement\/kinedyne-logistic-ratchet-strap-2-w-x-20-l\/#breadcrumb","itemListElement":[{"@type":"ListItem","position":1,"name":"Home","item":"https:\/\/worksitesafety.ca\/fr\/"},{"@type":"ListItem","position":2,"name":"Boutique","item":"https:\/\/worksitesafety.ca\/fr\/boutique\/"},{"@type":"ListItem","position":3,"name":"\u00c9quipement","item":"https:\/\/test.worksite.ca\/fr\/category\/equipement\/"},{"@type":"ListItem","position":4,"name":"Kinedyne Sangle \u00e0 cliquet logistique 2&#8243; L x 20&#8242; L"}]},{"@type":"WebSite","@id":"https:\/\/worksitesafety.ca\/#website","url":"https:\/\/worksitesafety.ca\/","name":"Worksite Safety","description":"Canadian Safety Training","potentialAction":[{"@type":"SearchAction","target":{"@type":"EntryPoint","urlTemplate":"https:\/\/worksitesafety.ca\/?s={search_term_string}"},"query-input":{"@type":"PropertyValueSpecification","valueRequired":true,"valueName":"search_term_string"}}],"inLanguage":"fr-FR"}]},"product_price_amount":"32.10","product_price_currency":"CAD","og_availability":"instock","product_availability":"instock","product_retailer_item_id":"642004","product_condition":"new"},"_links":{"self":[{"href":"https:\/\/test.worksite.ca\/fr\/wp-json\/wp\/v2\/product\/991927","targetHints":{"allow":["GET"]}}],"collection":[{"href":"https:\/\/test.worksite.ca\/fr\/wp-json\/wp\/v2\/product"}],"about":[{"href":"https:\/\/test.worksite.ca\/fr\/wp-json\/wp\/v2\/types\/product"}],"replies":[{"embeddable":true,"href":"https:\/\/test.worksite.ca\/fr\/wp-json\/wp\/v2\/comments?post=991927"}],"version-history":[{"count":5,"href":"https:\/\/test.worksite.ca\/fr\/wp-json\/wp\/v2\/product\/991927\/revisions"}],"predecessor-version":[{"id":1133997,"href":"https:\/\/test.worksite.ca\/fr\/wp-json\/wp\/v2\/product\/991927\/revisions\/1133997"}],"wp:featuredmedia":[{"embeddable":true,"href":"https:\/\/test.worksite.ca\/fr\/wp-json\/wp\/v2\/media\/967764"}],"wp:attachment":[{"href":"https:\/\/test.worksite.ca\/fr\/wp-json\/wp\/v2\/media?parent=991927"}],"wp:term":[{"taxonomy":"product_brand","embeddable":true,"href":"https:\/\/test.worksite.ca\/fr\/wp-json\/wp\/v2\/product_brand?post=991927"},{"taxonomy":"product_cat","embeddable":true,"href":"https:\/\/test.worksite.ca\/fr\/wp-json\/wp\/v2\/product_cat?post=991927"},{"taxonomy":"product_tag","embeddable":true,"href":"https:\/\/test.worksite.ca\/fr\/wp-json\/wp\/v2\/product_tag?post=991927"}],"curies":[{"name":"wp","href":"https:\/\/api.w.org\/{rel}","templated":true}]}}