{"id":993054,"date":"2023-01-13T12:41:33","date_gmt":"2023-01-13T17:41:33","guid":{"rendered":"https:\/\/worksitesafety.ca\/product\/uncategorized\/first-aid-kit-basic\/"},"modified":"2023-11-20T12:38:22","modified_gmt":"2023-11-20T17:38:22","slug":"first-aid-kit-basic","status":"publish","type":"product","link":"https:\/\/test.worksite.ca\/fr\/product\/trousses-de-premiers-soins\/first-aid-kit-basic\/","title":{"rendered":"Trousse de premiers secours &#8211; Basique"},"content":{"rendered":"","protected":false},"excerpt":{"rendered":"<p>Cette trousse de premiers secours de base est destin\u00e9e aux lieux de travail de risque faible \u00e0 mod\u00e9r\u00e9 et est disponible en quatre tailles diff\u00e9rentes. Des trousses interm\u00e9diaires pour les lieux de travail \u00e0 haut risque sont \u00e9galement disponibles.<\/p>\n","protected":false},"featured_media":993055,"comment_status":"closed","ping_status":"closed","template":"","meta":{"_acf_changed":false,"footnotes":""},"product_brand":[],"product_cat":[4131,4156,3957],"product_tag":[4157,4158,4137],"class_list":{"0":"post-993054","1":"product","2":"type-product","3":"status-publish","4":"has-post-thumbnail","6":"product_cat-equipement","7":"product_cat-trousses-de-premiers-soins","8":"product_cat-produit","9":"product_tag-first-aid-fr","10":"product_tag-first-aid-kit-fr","11":"product_tag-ppe-fr","12":"product_shipping_class-green-book-fr","14":"first","15":"instock","16":"taxable","17":"shipping-taxable","18":"purchasable","19":"product-type-variable","20":"has-default-attributes"},"group_of_quantity":0,"min_quantity":0,"max_quantity":"","exclude_order_quantity_value_rules":"no","exclude_category_quantity_rules":"no","combine_variations":"non","acf":[],"yoast_head":"<!-- This site is optimized with the Yoast SEO Premium plugin v23.3 (Yoast SEO v25.8) - https:\/\/yoast.com\/wordpress\/plugins\/seo\/ -->\n<title>Trousse de premiers secours - Basique | Worksite Safety<\/title>\n<meta name=\"description\" content=\"Trousse de premiers secours de base adapt\u00e9e aux lieux de travail \u00e0 risque faible ou mod\u00e9r\u00e9. Existe en quatre tailles diff\u00e9rentes. Des trousses interm\u00e9diaires pour les lieux de travail \u00e0 haut risque sont \u00e9galement disponibles.\" \/>\n<meta name=\"robots\" content=\"noindex, follow, max-snippet:-1, max-image-preview:large, max-video-preview:-1\" \/>\n<meta property=\"og:locale\" content=\"fr_FR\" \/>\n<meta property=\"og:type\" content=\"article\" \/>\n<meta property=\"og:title\" content=\"Trousse de premiers secours - Basique\" \/>\n<meta property=\"og:description\" content=\"Trousse de premiers secours de base adapt\u00e9e aux lieux de travail \u00e0 risque faible ou mod\u00e9r\u00e9. Existe en quatre tailles diff\u00e9rentes. Des trousses interm\u00e9diaires pour les lieux de travail \u00e0 haut risque sont \u00e9galement disponibles.\" \/>\n<meta property=\"og:url\" content=\"https:\/\/test.worksite.ca\/fr\/product\/trousses-de-premiers-soins\/first-aid-kit-basic\/\" \/>\n<meta property=\"og:site_name\" content=\"Worksite Safety\" \/>\n<meta property=\"article:publisher\" content=\"https:\/\/www.facebook.com\/worksitesafety\" \/>\n<meta property=\"article:modified_time\" content=\"2023-11-20T17:38:22+00:00\" \/>\n<meta property=\"og:image\" content=\"https:\/\/worksitesafety.ca\/app\/uploads\/2023\/01\/Personal-Basic-Kit-Main-Image.jpg\" \/>\n\t<meta property=\"og:image:width\" content=\"695\" \/>\n\t<meta property=\"og:image:height\" content=\"500\" \/>\n\t<meta property=\"og:image:type\" content=\"image\/jpeg\" \/>\n<meta name=\"twitter:card\" content=\"summary_large_image\" \/>\n<meta name=\"twitter:site\" content=\"@worksitescc\" \/>\n<meta name=\"twitter:label1\" content=\"Availability\" \/>\n\t<meta name=\"twitter:data1\" content=\"In stock\" \/>\n<script type=\"application\/ld+json\" class=\"yoast-schema-graph\">{\"@context\":\"https:\/\/schema.org\",\"@graph\":[{\"@type\":[\"WebPage\",\"ItemPage\"],\"@id\":\"https:\/\/test.worksite.ca\/fr\/product\/trousses-de-premiers-soins\/first-aid-kit-basic\/\",\"url\":\"https:\/\/test.worksite.ca\/fr\/product\/trousses-de-premiers-soins\/first-aid-kit-basic\/\",\"name\":\"Trousse de premiers secours - Basique | Worksite Safety\",\"isPartOf\":{\"@id\":\"https:\/\/worksitesafety.ca\/#website\"},\"primaryImageOfPage\":{\"@id\":\"https:\/\/test.worksite.ca\/fr\/product\/trousses-de-premiers-soins\/first-aid-kit-basic\/#primaryimage\"},\"image\":{\"@id\":\"https:\/\/test.worksite.ca\/fr\/product\/trousses-de-premiers-soins\/first-aid-kit-basic\/#primaryimage\"},\"thumbnailUrl\":\"https:\/\/cdn.worksitesafety.ca\/app\/20230117145354\/Personal-Basic-Kit-Main-Image.jpg\",\"datePublished\":\"2023-01-13T17:41:33+00:00\",\"dateModified\":\"2023-11-20T17:38:22+00:00\",\"description\":\"Trousse de premiers secours de base adapt\u00e9e aux lieux de travail \u00e0 risque faible ou mod\u00e9r\u00e9. Existe en quatre tailles diff\u00e9rentes. Des trousses interm\u00e9diaires pour les lieux de travail \u00e0 haut risque sont \u00e9galement disponibles.\",\"breadcrumb\":{\"@id\":\"https:\/\/test.worksite.ca\/fr\/product\/trousses-de-premiers-soins\/first-aid-kit-basic\/#breadcrumb\"},\"inLanguage\":\"fr-FR\",\"potentialAction\":[{\"@type\":\"ReadAction\",\"target\":[\"https:\/\/test.worksite.ca\/fr\/product\/trousses-de-premiers-soins\/first-aid-kit-basic\/\"]}]},{\"@type\":\"ImageObject\",\"inLanguage\":\"fr-FR\",\"@id\":\"https:\/\/test.worksite.ca\/fr\/product\/trousses-de-premiers-soins\/first-aid-kit-basic\/#primaryimage\",\"url\":\"https:\/\/cdn.worksitesafety.ca\/app\/20230117145354\/Personal-Basic-Kit-Main-Image.jpg\",\"contentUrl\":\"https:\/\/cdn.worksitesafety.ca\/app\/20230117145354\/Personal-Basic-Kit-Main-Image.jpg\",\"width\":695,\"height\":500},{\"@type\":\"BreadcrumbList\",\"@id\":\"https:\/\/test.worksite.ca\/fr\/product\/trousses-de-premiers-soins\/first-aid-kit-basic\/#breadcrumb\",\"itemListElement\":[{\"@type\":\"ListItem\",\"position\":1,\"name\":\"Home\",\"item\":\"https:\/\/worksitesafety.ca\/fr\/\"},{\"@type\":\"ListItem\",\"position\":2,\"name\":\"Boutique\",\"item\":\"https:\/\/worksitesafety.ca\/fr\/boutique\/\"},{\"@type\":\"ListItem\",\"position\":3,\"name\":\"Premiers soins\",\"item\":\"https:\/\/test.worksite.ca\/fr\/category\/trousses-de-premiers-soins\/\"},{\"@type\":\"ListItem\",\"position\":4,\"name\":\"Trousse de premiers secours &#8211; Basique\"}]},{\"@type\":\"WebSite\",\"@id\":\"https:\/\/worksitesafety.ca\/#website\",\"url\":\"https:\/\/worksitesafety.ca\/\",\"name\":\"Worksite Safety\",\"description\":\"Canadian Safety Training\",\"potentialAction\":[{\"@type\":\"SearchAction\",\"target\":{\"@type\":\"EntryPoint\",\"urlTemplate\":\"https:\/\/worksitesafety.ca\/?s={search_term_string}\"},\"query-input\":{\"@type\":\"PropertyValueSpecification\",\"valueRequired\":true,\"valueName\":\"search_term_string\"}}],\"inLanguage\":\"fr-FR\"}]}<\/script>\n<meta property=\"og:availability\" content=\"instock\" \/>\n<meta property=\"product:availability\" content=\"instock\" \/>\n<meta property=\"product:retailer_item_id\" content=\"FTR221\" \/>\n<meta property=\"product:condition\" content=\"new\" \/>\n<!-- \/ Yoast SEO Premium plugin. -->","yoast_head_json":{"title":"Trousse de premiers secours - Basique | Worksite Safety","description":"Trousse de premiers secours de base adapt\u00e9e aux lieux de travail \u00e0 risque faible ou mod\u00e9r\u00e9. Existe en quatre tailles diff\u00e9rentes. Des trousses interm\u00e9diaires pour les lieux de travail \u00e0 haut risque sont \u00e9galement disponibles.","robots":{"index":"noindex","follow":"follow","max-snippet":"max-snippet:-1","max-image-preview":"max-image-preview:large","max-video-preview":"max-video-preview:-1"},"og_locale":"fr_FR","og_type":"article","og_title":"Trousse de premiers secours - Basique","og_description":"Trousse de premiers secours de base adapt\u00e9e aux lieux de travail \u00e0 risque faible ou mod\u00e9r\u00e9. Existe en quatre tailles diff\u00e9rentes. Des trousses interm\u00e9diaires pour les lieux de travail \u00e0 haut risque sont \u00e9galement disponibles.","og_url":"https:\/\/test.worksite.ca\/fr\/product\/trousses-de-premiers-soins\/first-aid-kit-basic\/","og_site_name":"Worksite Safety","article_publisher":"https:\/\/www.facebook.com\/worksitesafety","article_modified_time":"2023-11-20T17:38:22+00:00","og_image":[{"width":695,"height":500,"url":"https:\/\/worksitesafety.ca\/app\/uploads\/2023\/01\/Personal-Basic-Kit-Main-Image.jpg","type":"image\/jpeg"}],"twitter_card":"summary_large_image","twitter_site":"@worksitescc","twitter_misc":{"Availability":"In stock"},"schema":{"@context":"https:\/\/schema.org","@graph":[{"@type":["WebPage","ItemPage"],"@id":"https:\/\/test.worksite.ca\/fr\/product\/trousses-de-premiers-soins\/first-aid-kit-basic\/","url":"https:\/\/test.worksite.ca\/fr\/product\/trousses-de-premiers-soins\/first-aid-kit-basic\/","name":"Trousse de premiers secours - Basique | Worksite Safety","isPartOf":{"@id":"https:\/\/worksitesafety.ca\/#website"},"primaryImageOfPage":{"@id":"https:\/\/test.worksite.ca\/fr\/product\/trousses-de-premiers-soins\/first-aid-kit-basic\/#primaryimage"},"image":{"@id":"https:\/\/test.worksite.ca\/fr\/product\/trousses-de-premiers-soins\/first-aid-kit-basic\/#primaryimage"},"thumbnailUrl":"https:\/\/cdn.worksitesafety.ca\/app\/20230117145354\/Personal-Basic-Kit-Main-Image.jpg","datePublished":"2023-01-13T17:41:33+00:00","dateModified":"2023-11-20T17:38:22+00:00","description":"Trousse de premiers secours de base adapt\u00e9e aux lieux de travail \u00e0 risque faible ou mod\u00e9r\u00e9. Existe en quatre tailles diff\u00e9rentes. Des trousses interm\u00e9diaires pour les lieux de travail \u00e0 haut risque sont \u00e9galement disponibles.","breadcrumb":{"@id":"https:\/\/test.worksite.ca\/fr\/product\/trousses-de-premiers-soins\/first-aid-kit-basic\/#breadcrumb"},"inLanguage":"fr-FR","potentialAction":[{"@type":"ReadAction","target":["https:\/\/test.worksite.ca\/fr\/product\/trousses-de-premiers-soins\/first-aid-kit-basic\/"]}]},{"@type":"ImageObject","inLanguage":"fr-FR","@id":"https:\/\/test.worksite.ca\/fr\/product\/trousses-de-premiers-soins\/first-aid-kit-basic\/#primaryimage","url":"https:\/\/cdn.worksitesafety.ca\/app\/20230117145354\/Personal-Basic-Kit-Main-Image.jpg","contentUrl":"https:\/\/cdn.worksitesafety.ca\/app\/20230117145354\/Personal-Basic-Kit-Main-Image.jpg","width":695,"height":500},{"@type":"BreadcrumbList","@id":"https:\/\/test.worksite.ca\/fr\/product\/trousses-de-premiers-soins\/first-aid-kit-basic\/#breadcrumb","itemListElement":[{"@type":"ListItem","position":1,"name":"Home","item":"https:\/\/worksitesafety.ca\/fr\/"},{"@type":"ListItem","position":2,"name":"Boutique","item":"https:\/\/worksitesafety.ca\/fr\/boutique\/"},{"@type":"ListItem","position":3,"name":"Premiers soins","item":"https:\/\/test.worksite.ca\/fr\/category\/trousses-de-premiers-soins\/"},{"@type":"ListItem","position":4,"name":"Trousse de premiers secours &#8211; Basique"}]},{"@type":"WebSite","@id":"https:\/\/worksitesafety.ca\/#website","url":"https:\/\/worksitesafety.ca\/","name":"Worksite Safety","description":"Canadian Safety Training","potentialAction":[{"@type":"SearchAction","target":{"@type":"EntryPoint","urlTemplate":"https:\/\/worksitesafety.ca\/?s={search_term_string}"},"query-input":{"@type":"PropertyValueSpecification","valueRequired":true,"valueName":"search_term_string"}}],"inLanguage":"fr-FR"}]},"og_availability":"instock","product_availability":"instock","product_retailer_item_id":"FTR221","product_condition":"new"},"_links":{"self":[{"href":"https:\/\/test.worksite.ca\/fr\/wp-json\/wp\/v2\/product\/993054","targetHints":{"allow":["GET"]}}],"collection":[{"href":"https:\/\/test.worksite.ca\/fr\/wp-json\/wp\/v2\/product"}],"about":[{"href":"https:\/\/test.worksite.ca\/fr\/wp-json\/wp\/v2\/types\/product"}],"replies":[{"embeddable":true,"href":"https:\/\/test.worksite.ca\/fr\/wp-json\/wp\/v2\/comments?post=993054"}],"version-history":[{"count":2,"href":"https:\/\/test.worksite.ca\/fr\/wp-json\/wp\/v2\/product\/993054\/revisions"}],"predecessor-version":[{"id":993064,"href":"https:\/\/test.worksite.ca\/fr\/wp-json\/wp\/v2\/product\/993054\/revisions\/993064"}],"wp:featuredmedia":[{"embeddable":true,"href":"https:\/\/test.worksite.ca\/fr\/wp-json\/wp\/v2\/media\/993055"}],"wp:attachment":[{"href":"https:\/\/test.worksite.ca\/fr\/wp-json\/wp\/v2\/media?parent=993054"}],"wp:term":[{"taxonomy":"product_brand","embeddable":true,"href":"https:\/\/test.worksite.ca\/fr\/wp-json\/wp\/v2\/product_brand?post=993054"},{"taxonomy":"product_cat","embeddable":true,"href":"https:\/\/test.worksite.ca\/fr\/wp-json\/wp\/v2\/product_cat?post=993054"},{"taxonomy":"product_tag","embeddable":true,"href":"https:\/\/test.worksite.ca\/fr\/wp-json\/wp\/v2\/product_tag?post=993054"}],"curies":[{"name":"wp","href":"https:\/\/api.w.org\/{rel}","templated":true}]}}