{"id":994623,"date":"2014-08-21T20:27:52","date_gmt":"2014-08-22T00:27:52","guid":{"rendered":"https:\/\/worksitesafety.ca\/product\/uncategorized\/securite-des-caristes\/"},"modified":"2024-05-07T16:17:17","modified_gmt":"2024-05-07T20:17:17","slug":"securite-operateurs-chariots","status":"publish","type":"product","link":"https:\/\/test.worksite.ca\/fr\/product\/formation\/en-ligne\/securite-operateurs-chariots\/","title":{"rendered":"S\u00e9curit\u00e9 des op\u00e9rateurs de chariot \u00e9l\u00e9vateur"},"content":{"rendered":"","protected":false},"excerpt":{"rendered":"<p>Ce cours en ligne sur la s\u00e9curit\u00e9 des chariots \u00e9l\u00e9vateurs vous guidera \u00e0 travers tous les aspects de la s\u00e9curit\u00e9 des chariots \u00e9l\u00e9vateurs, de l&#8217;inspection pr\u00e9-op\u00e9rationnelle \u00e0 la stabilit\u00e9.<\/p>\n","protected":false},"featured_media":881404,"comment_status":"closed","ping_status":"closed","template":"","meta":{"_acf_changed":false,"footnotes":""},"product_brand":[],"product_cat":[4030,4046,4039,4041,4033],"product_tag":[4467,4187,4466,4186],"class_list":{"0":"post-994623","1":"product","2":"type-product","3":"status-publish","4":"has-post-thumbnail","6":"product_cat-en-ligne","7":"product_cat-securite-des-equipements","8":"product_cat-fabrication","9":"product_cat-transport-et-entreposage","10":"product_cat-risques-sur-le-lieu-de-travail","11":"product_tag-bilingual-english-french-fr","12":"product_tag-formation","13":"product_tag-french-fr","14":"product_tag-securite-des-chariots-elevateurs","16":"first","17":"instock","18":"virtual","19":"taxable","20":"purchasable","21":"product-type-simple"},"group_of_quantity":0,"min_quantity":0,"max_quantity":"","exclude_order_quantity_value_rules":"no","exclude_category_quantity_rules":"no","combine_variations":"no","acf":[],"yoast_head":"<!-- This site is optimized with the Yoast SEO Premium plugin v23.3 (Yoast SEO v25.8) - https:\/\/yoast.com\/wordpress\/plugins\/seo\/ -->\n<title>S\u00e9curit\u00e9 des op\u00e9rateurs de chariot \u00e9l\u00e9vateur | Cours en ligne<\/title>\n<meta name=\"description\" content=\"Ce cours sur la s\u00e9curit\u00e9 des chariots \u00e9l\u00e9vateurs vous guidera \u00e0 travers tous les aspects de la s\u00e9curit\u00e9, de l&#039;inspection pr\u00e9-op\u00e9rationnelle \u00e0 la stabilit\u00e9.\" \/>\n<meta name=\"robots\" content=\"noindex, follow, max-snippet:-1, max-image-preview:large, max-video-preview:-1\" \/>\n<meta property=\"og:locale\" content=\"fr_FR\" \/>\n<meta property=\"og:type\" content=\"article\" \/>\n<meta property=\"og:title\" content=\"S\u00e9curit\u00e9 des op\u00e9rateurs de chariot \u00e9l\u00e9vateur\" \/>\n<meta property=\"og:description\" content=\"Ce cours sur la s\u00e9curit\u00e9 des chariots \u00e9l\u00e9vateurs vous guidera \u00e0 travers tous les aspects de la s\u00e9curit\u00e9, de l&#039;inspection pr\u00e9-op\u00e9rationnelle \u00e0 la stabilit\u00e9.\" \/>\n<meta property=\"og:url\" content=\"https:\/\/test.worksite.ca\/fr\/product\/formation\/en-ligne\/securite-operateurs-chariots\/\" \/>\n<meta property=\"og:site_name\" content=\"Worksite Safety\" \/>\n<meta property=\"article:publisher\" content=\"https:\/\/www.facebook.com\/worksitesafety\" \/>\n<meta property=\"article:modified_time\" content=\"2024-05-07T20:17:17+00:00\" \/>\n<meta property=\"og:image\" content=\"https:\/\/cdn.worksitesafety.ca\/app\/20220916134435\/ForkliftTraining_v2.1.png\" \/>\n\t<meta property=\"og:image:width\" content=\"731\" \/>\n\t<meta property=\"og:image:height\" content=\"376\" \/>\n\t<meta property=\"og:image:type\" content=\"image\/png\" \/>\n<meta name=\"twitter:card\" content=\"summary_large_image\" \/>\n<meta name=\"twitter:site\" content=\"@worksitescc\" \/>\n<meta name=\"twitter:label1\" content=\"Price\" \/>\n\t<meta name=\"twitter:data1\" content=\"&#036;49.95\" \/>\n\t<meta name=\"twitter:label2\" content=\"Availability\" \/>\n\t<meta name=\"twitter:data2\" content=\"In stock\" \/>\n<script type=\"application\/ld+json\" class=\"yoast-schema-graph\">{\"@context\":\"https:\/\/schema.org\",\"@graph\":[{\"@type\":[\"WebPage\",\"ItemPage\"],\"@id\":\"https:\/\/test.worksite.ca\/fr\/product\/formation\/en-ligne\/securite-operateurs-chariots\/\",\"url\":\"https:\/\/test.worksite.ca\/fr\/product\/formation\/en-ligne\/securite-operateurs-chariots\/\",\"name\":\"S\u00e9curit\u00e9 des op\u00e9rateurs de chariot \u00e9l\u00e9vateur | Cours en ligne\",\"isPartOf\":{\"@id\":\"https:\/\/worksitesafety.ca\/#website\"},\"primaryImageOfPage\":{\"@id\":\"https:\/\/test.worksite.ca\/fr\/product\/formation\/en-ligne\/securite-operateurs-chariots\/#primaryimage\"},\"image\":{\"@id\":\"https:\/\/test.worksite.ca\/fr\/product\/formation\/en-ligne\/securite-operateurs-chariots\/#primaryimage\"},\"thumbnailUrl\":\"https:\/\/cdn.worksitesafety.ca\/app\/20220916134435\/ForkliftTraining_v2.1.png\",\"datePublished\":\"2014-08-22T00:27:52+00:00\",\"dateModified\":\"2024-05-07T20:17:17+00:00\",\"description\":\"Ce cours sur la s\u00e9curit\u00e9 des chariots \u00e9l\u00e9vateurs vous guidera \u00e0 travers tous les aspects de la s\u00e9curit\u00e9, de l'inspection pr\u00e9-op\u00e9rationnelle \u00e0 la stabilit\u00e9.\",\"breadcrumb\":{\"@id\":\"https:\/\/test.worksite.ca\/fr\/product\/formation\/en-ligne\/securite-operateurs-chariots\/#breadcrumb\"},\"inLanguage\":\"fr-FR\",\"potentialAction\":[{\"@type\":\"ReadAction\",\"target\":[\"https:\/\/test.worksite.ca\/fr\/product\/formation\/en-ligne\/securite-operateurs-chariots\/\"]}]},{\"@type\":\"ImageObject\",\"inLanguage\":\"fr-FR\",\"@id\":\"https:\/\/test.worksite.ca\/fr\/product\/formation\/en-ligne\/securite-operateurs-chariots\/#primaryimage\",\"url\":\"https:\/\/cdn.worksitesafety.ca\/app\/20220916134435\/ForkliftTraining_v2.1.png\",\"contentUrl\":\"https:\/\/cdn.worksitesafety.ca\/app\/20220916134435\/ForkliftTraining_v2.1.png\",\"width\":731,\"height\":376},{\"@type\":\"BreadcrumbList\",\"@id\":\"https:\/\/test.worksite.ca\/fr\/product\/formation\/en-ligne\/securite-operateurs-chariots\/#breadcrumb\",\"itemListElement\":[{\"@type\":\"ListItem\",\"position\":1,\"name\":\"Home\",\"item\":\"https:\/\/worksitesafety.ca\/fr\/\"},{\"@type\":\"ListItem\",\"position\":2,\"name\":\"Boutique\",\"item\":\"https:\/\/worksitesafety.ca\/fr\/boutique\/\"},{\"@type\":\"ListItem\",\"position\":3,\"name\":\"Formation\",\"item\":\"https:\/\/test.worksite.ca\/fr\/category\/formation\/\"},{\"@type\":\"ListItem\",\"position\":4,\"name\":\"Certifications en ligne\",\"item\":\"https:\/\/test.worksite.ca\/fr\/category\/formation\/en-ligne\/\"},{\"@type\":\"ListItem\",\"position\":5,\"name\":\"S\u00e9curit\u00e9 des op\u00e9rateurs de chariot \u00e9l\u00e9vateur\"}]},{\"@type\":\"WebSite\",\"@id\":\"https:\/\/worksitesafety.ca\/#website\",\"url\":\"https:\/\/worksitesafety.ca\/\",\"name\":\"Worksite Safety\",\"description\":\"Canadian Safety Training\",\"potentialAction\":[{\"@type\":\"SearchAction\",\"target\":{\"@type\":\"EntryPoint\",\"urlTemplate\":\"https:\/\/worksitesafety.ca\/?s={search_term_string}\"},\"query-input\":{\"@type\":\"PropertyValueSpecification\",\"valueRequired\":true,\"valueName\":\"search_term_string\"}}],\"inLanguage\":\"fr-FR\"}]}<\/script>\n<meta property=\"product:price:amount\" content=\"49.95\" \/>\n<meta property=\"product:price:currency\" content=\"CAD\" \/>\n<meta property=\"og:availability\" content=\"instock\" \/>\n<meta property=\"product:availability\" content=\"instock\" \/>\n<meta property=\"product:retailer_item_id\" content=\"111\" \/>\n<meta property=\"product:condition\" content=\"new\" \/>\n<!-- \/ Yoast SEO Premium plugin. -->","yoast_head_json":{"title":"S\u00e9curit\u00e9 des op\u00e9rateurs de chariot \u00e9l\u00e9vateur | Cours en ligne","description":"Ce cours sur la s\u00e9curit\u00e9 des chariots \u00e9l\u00e9vateurs vous guidera \u00e0 travers tous les aspects de la s\u00e9curit\u00e9, de l'inspection pr\u00e9-op\u00e9rationnelle \u00e0 la stabilit\u00e9.","robots":{"index":"noindex","follow":"follow","max-snippet":"max-snippet:-1","max-image-preview":"max-image-preview:large","max-video-preview":"max-video-preview:-1"},"og_locale":"fr_FR","og_type":"article","og_title":"S\u00e9curit\u00e9 des op\u00e9rateurs de chariot \u00e9l\u00e9vateur","og_description":"Ce cours sur la s\u00e9curit\u00e9 des chariots \u00e9l\u00e9vateurs vous guidera \u00e0 travers tous les aspects de la s\u00e9curit\u00e9, de l'inspection pr\u00e9-op\u00e9rationnelle \u00e0 la stabilit\u00e9.","og_url":"https:\/\/test.worksite.ca\/fr\/product\/formation\/en-ligne\/securite-operateurs-chariots\/","og_site_name":"Worksite Safety","article_publisher":"https:\/\/www.facebook.com\/worksitesafety","article_modified_time":"2024-05-07T20:17:17+00:00","og_image":[{"width":731,"height":376,"url":"https:\/\/cdn.worksitesafety.ca\/app\/20220916134435\/ForkliftTraining_v2.1.png","type":"image\/png"}],"twitter_card":"summary_large_image","twitter_site":"@worksitescc","twitter_misc":{"Price":"&#36;49.95","Availability":"In stock"},"schema":{"@context":"https:\/\/schema.org","@graph":[{"@type":["WebPage","ItemPage"],"@id":"https:\/\/test.worksite.ca\/fr\/product\/formation\/en-ligne\/securite-operateurs-chariots\/","url":"https:\/\/test.worksite.ca\/fr\/product\/formation\/en-ligne\/securite-operateurs-chariots\/","name":"S\u00e9curit\u00e9 des op\u00e9rateurs de chariot \u00e9l\u00e9vateur | Cours en ligne","isPartOf":{"@id":"https:\/\/worksitesafety.ca\/#website"},"primaryImageOfPage":{"@id":"https:\/\/test.worksite.ca\/fr\/product\/formation\/en-ligne\/securite-operateurs-chariots\/#primaryimage"},"image":{"@id":"https:\/\/test.worksite.ca\/fr\/product\/formation\/en-ligne\/securite-operateurs-chariots\/#primaryimage"},"thumbnailUrl":"https:\/\/cdn.worksitesafety.ca\/app\/20220916134435\/ForkliftTraining_v2.1.png","datePublished":"2014-08-22T00:27:52+00:00","dateModified":"2024-05-07T20:17:17+00:00","description":"Ce cours sur la s\u00e9curit\u00e9 des chariots \u00e9l\u00e9vateurs vous guidera \u00e0 travers tous les aspects de la s\u00e9curit\u00e9, de l'inspection pr\u00e9-op\u00e9rationnelle \u00e0 la stabilit\u00e9.","breadcrumb":{"@id":"https:\/\/test.worksite.ca\/fr\/product\/formation\/en-ligne\/securite-operateurs-chariots\/#breadcrumb"},"inLanguage":"fr-FR","potentialAction":[{"@type":"ReadAction","target":["https:\/\/test.worksite.ca\/fr\/product\/formation\/en-ligne\/securite-operateurs-chariots\/"]}]},{"@type":"ImageObject","inLanguage":"fr-FR","@id":"https:\/\/test.worksite.ca\/fr\/product\/formation\/en-ligne\/securite-operateurs-chariots\/#primaryimage","url":"https:\/\/cdn.worksitesafety.ca\/app\/20220916134435\/ForkliftTraining_v2.1.png","contentUrl":"https:\/\/cdn.worksitesafety.ca\/app\/20220916134435\/ForkliftTraining_v2.1.png","width":731,"height":376},{"@type":"BreadcrumbList","@id":"https:\/\/test.worksite.ca\/fr\/product\/formation\/en-ligne\/securite-operateurs-chariots\/#breadcrumb","itemListElement":[{"@type":"ListItem","position":1,"name":"Home","item":"https:\/\/worksitesafety.ca\/fr\/"},{"@type":"ListItem","position":2,"name":"Boutique","item":"https:\/\/worksitesafety.ca\/fr\/boutique\/"},{"@type":"ListItem","position":3,"name":"Formation","item":"https:\/\/test.worksite.ca\/fr\/category\/formation\/"},{"@type":"ListItem","position":4,"name":"Certifications en ligne","item":"https:\/\/test.worksite.ca\/fr\/category\/formation\/en-ligne\/"},{"@type":"ListItem","position":5,"name":"S\u00e9curit\u00e9 des op\u00e9rateurs de chariot \u00e9l\u00e9vateur"}]},{"@type":"WebSite","@id":"https:\/\/worksitesafety.ca\/#website","url":"https:\/\/worksitesafety.ca\/","name":"Worksite Safety","description":"Canadian Safety Training","potentialAction":[{"@type":"SearchAction","target":{"@type":"EntryPoint","urlTemplate":"https:\/\/worksitesafety.ca\/?s={search_term_string}"},"query-input":{"@type":"PropertyValueSpecification","valueRequired":true,"valueName":"search_term_string"}}],"inLanguage":"fr-FR"}]},"product_price_amount":"49.95","product_price_currency":"CAD","og_availability":"instock","product_availability":"instock","product_retailer_item_id":"111","product_condition":"new"},"_links":{"self":[{"href":"https:\/\/test.worksite.ca\/fr\/wp-json\/wp\/v2\/product\/994623","targetHints":{"allow":["GET"]}}],"collection":[{"href":"https:\/\/test.worksite.ca\/fr\/wp-json\/wp\/v2\/product"}],"about":[{"href":"https:\/\/test.worksite.ca\/fr\/wp-json\/wp\/v2\/types\/product"}],"replies":[{"embeddable":true,"href":"https:\/\/test.worksite.ca\/fr\/wp-json\/wp\/v2\/comments?post=994623"}],"version-history":[{"count":21,"href":"https:\/\/test.worksite.ca\/fr\/wp-json\/wp\/v2\/product\/994623\/revisions"}],"predecessor-version":[{"id":994625,"href":"https:\/\/test.worksite.ca\/fr\/wp-json\/wp\/v2\/product\/994623\/revisions\/994625"}],"wp:featuredmedia":[{"embeddable":true,"href":"https:\/\/test.worksite.ca\/fr\/wp-json\/wp\/v2\/media\/881404"}],"wp:attachment":[{"href":"https:\/\/test.worksite.ca\/fr\/wp-json\/wp\/v2\/media?parent=994623"}],"wp:term":[{"taxonomy":"product_brand","embeddable":true,"href":"https:\/\/test.worksite.ca\/fr\/wp-json\/wp\/v2\/product_brand?post=994623"},{"taxonomy":"product_cat","embeddable":true,"href":"https:\/\/test.worksite.ca\/fr\/wp-json\/wp\/v2\/product_cat?post=994623"},{"taxonomy":"product_tag","embeddable":true,"href":"https:\/\/test.worksite.ca\/fr\/wp-json\/wp\/v2\/product_tag?post=994623"}],"curies":[{"name":"wp","href":"https:\/\/api.w.org\/{rel}","templated":true}]}}